{"id":9656,"date":"2025-02-03T14:59:09","date_gmt":"2025-02-03T17:59:09","guid":{"rendered":"https:\/\/wp.ufpel.edu.br\/scs\/?page_id=9656"},"modified":"2026-03-30T15:29:10","modified_gmt":"2026-03-30T18:29:10","slug":"atas-sessao-solene","status":"publish","type":"page","link":"https:\/\/wp.ufpel.edu.br\/scs\/atas-sessao-solene\/","title":{"rendered":"Atas &#8211; Sess\u00e3o Solene"},"content":{"rendered":"<p><a href=\"https:\/\/wp.ufpel.edu.br\/scs\/files\/2025\/02\/SEI_2598574_Ata_Sessao_Solene_01.2024.pdf\">Ata Sess\u00e3o Solene 01.2024 <\/a><span style=\"color: var(--cor-texto); font-family: var(--fonte-corpo);\">&#8211; 19 de abril de 2024 &#8211; <\/span><span style=\"color: var(--cor-texto); font-family: var(--fonte-corpo);\">Outorga do T\u00edtulo de Doutor\u00a0<\/span><em style=\"color: var(--cor-texto); font-family: var(--fonte-corpo);\">Honoris Causa<\/em><span style=\"color: var(--cor-texto); font-family: var(--fonte-corpo);\"> para o Ex- Presidente Jos\u00e9 Alberto &#8220;Pepe&#8221; Mujica Cordano.<\/span><\/p>\n<p><a href=\"https:\/\/wp.ufpel.edu.br\/scs\/files\/2025\/02\/SEI_2681253_Ata_Sessao_Solene_02.2024.pdf\">Ata Sess\u00e3o Solene 02.2024<\/a>\u00a0&#8211; 19 de julho de 2024 &#8211; Outorga do T\u00edtulo Honor\u00edfico de Servidor T\u00e9cnico-Administrativo em Educa\u00e7\u00e3o Em\u00e9rito ao Senhor Filipi Gon\u00e7alves Gotuzzo.<\/p>\n<p><a href=\"https:\/\/wp.ufpel.edu.br\/scs\/files\/2025\/03\/SEI_2932808_Ata_de_Reuniao-Sessao-Solene-03.2024.pdf\">Ata Sess\u00e3o Solene 03.2024<\/a>\u00a0&#8211; 25 de novembro de 2024 &#8211; <span style=\"color: var(--cor-texto); font-family: var(--fonte-corpo);\">Outorga do T\u00edtulo de Doutor\u00a0<\/span><em style=\"color: var(--cor-texto); font-family: var(--fonte-corpo);\">Honoris Causa<\/em><span style=\"color: var(--cor-texto); font-family: var(--fonte-corpo);\"> para o Professor e Pesquisador Cesar Gomes Victora.<\/span><\/p>\n<p><a href=\"https:\/\/wp.ufpel.edu.br\/scs\/files\/2025\/10\/SEI_2949582_Ata_Sessao_Solene01.2025.pdf\">Ata Sess\u00e3o Solene 01.2025<\/a>\u00a0&#8211; 10 de janeiro de 2025 &#8211; Transmiss\u00e3o do cargo de Reitora \u00e0 Prof.\u00aa Dr.\u00aa Ursula Rosa da Silva. <em>(aguardar disponibiliza\u00e7\u00e3o do documento)<\/em><\/p>\n<p><a href=\"https:\/\/wp.ufpel.edu.br\/scs\/files\/2025\/10\/SEI_3053853_Ata_Sessao_Solene02.2025.pdf\">Ata Sess\u00e3o Solene 02.2025<\/a>\u00a0&#8211; 05 de maio de 2025 &#8211; <span class=\"dark-mode-color-black\">Outorga de T\u00edtulo Honor\u00edfico\u00a0<\/span>de Professora Em\u00e9rita \u00e0 Professora Maria Isabel da Cunha e Outorga do T\u00edtulo Honor\u00edfico de Professor Em\u00e9rito ao Professor Jabr Hussein Deeb Haj Omar. <em>(aguardar disponibiliza\u00e7\u00e3o do documento)<\/em><\/p>\n<p><a href=\"https:\/\/wp.ufpel.edu.br\/scs\/files\/2026\/03\/SEI_3451913_Ata_de_Reuniao-conjunta-03.2025.pdf\">Ata Sess\u00e3o Solene 03.2025<\/a> &#8211; 31 de outubro de 2025 &#8211; Outorga do T\u00edtulo Honor\u00edfico de Doutor Honoris Causa \u00e0 Irm\u00e3 Assunta &#8211; Marcolina Tacca; Outorga do T\u00edtulo Honor\u00edfico de T\u00e9cnico-Administrativo em Educa\u00e7\u00e3o Em\u00e9rito ao Analista de Tecnologia da Informa\u00e7\u00e3o Bayard Silva Centeno; Outorga do T\u00edtulo Honor\u00edfico de T\u00e9cnica-Administrativa em Educa\u00e7\u00e3o Em\u00e9rita \u00e0 Assistente em Administra\u00e7\u00e3o Emileni Tessmer; Outorga do T\u00edtulo Honor\u00edfico de T\u00e9cnica-Administrativa em Educa\u00e7\u00e3o Em\u00e9rita \u00e0 Assistente em Administra\u00e7\u00e3o Sabrina Marques D&#8217;\u00c1vila Toralles.<\/p>\n","protected":false},"excerpt":{"rendered":"<p>Ata Sess\u00e3o Solene 01.2024 &#8211; 19 de abril de 2024 &#8211; Outorga do T\u00edtulo de Doutor\u00a0Honoris Causa para o Ex- Presidente Jos\u00e9 Alberto &#8220;Pepe&#8221; Mujica Cordano. Ata Sess\u00e3o Solene 02.2024\u00a0&#8211; 19 de julho de 2024 &#8211; Outorga do T\u00edtulo Honor\u00edfico de Servidor T\u00e9cnico-Administrativo em Educa\u00e7\u00e3o Em\u00e9rito ao Senhor Filipi Gon\u00e7alves Gotuzzo. Ata Sess\u00e3o Solene 03.2024\u00a0&#8211; [&hellip;]<\/p>\n","protected":false},"author":29,"featured_media":0,"parent":0,"menu_order":0,"comment_status":"closed","ping_status":"closed","template":"","meta":{"footnotes":""},"class_list":["post-9656","page","type-page","status-publish","hentry"],"_links":{"self":[{"href":"https:\/\/wp.ufpel.edu.br\/scs\/wp-json\/wp\/v2\/pages\/9656","targetHints":{"allow":["GET"]}}],"collection":[{"href":"https:\/\/wp.ufpel.edu.br\/scs\/wp-json\/wp\/v2\/pages"}],"about":[{"href":"https:\/\/wp.ufpel.edu.br\/scs\/wp-json\/wp\/v2\/types\/page"}],"author":[{"embeddable":true,"href":"https:\/\/wp.ufpel.edu.br\/scs\/wp-json\/wp\/v2\/users\/29"}],"replies":[{"embeddable":true,"href":"https:\/\/wp.ufpel.edu.br\/scs\/wp-json\/wp\/v2\/comments?post=9656"}],"version-history":[{"count":4,"href":"https:\/\/wp.ufpel.edu.br\/scs\/wp-json\/wp\/v2\/pages\/9656\/revisions"}],"predecessor-version":[{"id":10531,"href":"https:\/\/wp.ufpel.edu.br\/scs\/wp-json\/wp\/v2\/pages\/9656\/revisions\/10531"}],"wp:attachment":[{"href":"https:\/\/wp.ufpel.edu.br\/scs\/wp-json\/wp\/v2\/media?parent=9656"}],"curies":[{"name":"wp","href":"https:\/\/api.w.org\/{rel}","templated":true}]}}