{"id":9073,"date":"2024-03-08T10:49:36","date_gmt":"2024-03-08T13:49:36","guid":{"rendered":"https:\/\/wp.ufpel.edu.br\/scs\/?page_id=9073"},"modified":"2026-01-22T08:25:47","modified_gmt":"2026-01-22T11:25:47","slug":"resolucoes-2024-cocepe","status":"publish","type":"page","link":"https:\/\/wp.ufpel.edu.br\/scs\/cocepe\/resolucoes-2024-cocepe\/","title":{"rendered":"Resolu\u00e7\u00f5es 2024 COCEPE"},"content":{"rendered":"<p>RESOLU\u00c7\u00c3O N\u00ba 63 DO COCEPE, DE\u00a0 08 DE FEVEREIRO E 2024 &#8211; <a href=\"https:\/\/wp.ufpel.edu.br\/scs\/files\/2024\/03\/Res.-no-63-COCEPE.pdf\">Suspende os efeitos da Resolu\u00e7\u00e3o n\u00ba 07\/2019, pelo per\u00edodo de dois anos a mais do que estabelece a Resolu\u00e7\u00e3o 10\/2021.<\/a><\/p>\n<p class=\"Texto_Centralizado_Maiusculas\">RESOLU\u00c7\u00c3O N\u00ba 64 DO COCEPE, DE 29 DE FEVEREIRO DE 2024 &#8211; <a href=\"https:\/\/wp.ufpel.edu.br\/scs\/files\/2024\/03\/SEI_UFPel-2548744-Resolucao-63.2024-1.pdf\">Regulamenta a expedi\u00e7\u00e3o e registro de certificados e diplomas de P\u00f3s-Gradua\u00e7\u00e3o na UFPEL<\/a><\/p>\n<p>RESOLU\u00c7\u00c3O N\u00ba 65 DO COCEPE, DE 28 DE MAR\u00c7O DE 2024 &#8211; <a href=\"https:\/\/wp.ufpel.edu.br\/scs\/files\/2024\/04\/SEI_UFPel-2578247-Resolucao-65.2024.pdf\">Disp\u00f5e sobre o Regulamento de Trabalhos de Conclus\u00e3o de Curso dos Cursos de Gradua\u00e7\u00e3o da UFPel.<\/a><\/p>\n<p class=\"Texto_Centralizado_Maiusculas\">RESOLU\u00c7\u00c3O N\u00ba 66 DO COCEPE, DE 06 DE JUNHO DE 2024 &#8211; <a href=\"https:\/\/wp.ufpel.edu.br\/scs\/files\/2024\/06\/SEI_UFPel-2633054-Resolucao-66.2024.pdf\">Aprova a atualiza\u00e7\u00e3o das Normas para Contrata\u00e7\u00e3o de Professor Visitante e Professor Visitante Estrangeiro na UFPEL. Revoga a\u00a0Resolu\u00e7\u00e3o n\u00ba 53\/2023.<\/a><\/p>\n<p>RESOLU\u00c7\u00c3O N\u00ba 67 DO COCEPE, DE 20 DE JUNHO DE 2024 &#8211; <a href=\"https:\/\/wp.ufpel.edu.br\/scs\/files\/2024\/06\/SEI_UFPel-2640591-Resolucao-67.2024-COCEPE.pdf\">Estabelece as normas e procedimentos para o ingresso na Classe A da carreira do Magist\u00e9rio Superior na Universidade Federal de Pelotas-UFPel.\u00a0\u00a0\u200bRevoga a Resolu\u00e7\u00e3o n\u00ba 40\/2022 <\/a><strong>&#8211; <\/strong><a href=\"https:\/\/wp.ufpel.edu.br\/scs\/files\/2024\/06\/Anexos-Resolucao-67.2024.pdf\">Anexos I ao IX<\/a><\/p>\n<p class=\"Texto_Centralizado_Maiusculas\">RESOLU\u00c7\u00c3O N\u00ba 68 DO COCEPE, DE 20 DE JUNHO DE 2024 &#8211; <a href=\"https:\/\/wp.ufpel.edu.br\/scs\/files\/2024\/06\/SEI_UFPel-2640711-Resolucao-68.2024.pdf\">Aprova o Programa de Aux\u00edlio Moradia da UFPEL.<\/a> Revoga as Resolu\u00e7\u00f5es 23\/2021 e 36\/2022.<strong> (Revogada pela Resolu\u00e7\u00e3o 82\/2024)<\/strong><\/p>\n<p>RESOLU\u00c7\u00c3O N\u00ba 69 DO COCEPE, DE 20 DE JUNHO DE 2024 &#8211; <a href=\"https:\/\/wp.ufpel.edu.br\/scs\/files\/2024\/06\/SEI_UFPel-2640749-Resolucao-69.2024.pdf\">Aprova o Programa de Aux\u00edlio Transporte da UFPEL.<\/a> Revoga a Resolu\u00e7\u00e3o 26\/2021.<strong><em> (Revogada pela Resolu\u00e7\u00e3o 78\/2024)<\/em><\/strong><\/p>\n<p>RESOLU\u00c7\u00c3O N\u00ba 70 DO COCEPE, DE 20 DE JUNHO DE 2024 &#8211; <a href=\"https:\/\/wp.ufpel.edu.br\/scs\/files\/2024\/06\/SEI_UFPel-2640782-Resolucao-70.2024.pdf\">Aprova o Programa de Aux\u00edlio Pr\u00e9-Escolar da UFPEL.<\/a> Revoga a Resolu\u00e7\u00e3o 24\/2021. <strong><em>(Revogada pela Resolu\u00e7\u00e3o 80\/2024)<\/em><\/strong><\/p>\n<p>RESOLU\u00c7\u00c3O N\u00ba 71 DO COCEPE, DE 20 DE JUNHO DE 2024 &#8211; <a href=\"https:\/\/wp.ufpel.edu.br\/scs\/files\/2024\/06\/SEI_UFPel-2640856-Resolucao-71.2024.pdf\">Aprova o Programa de Moradia Estudantil da UFPEL.<\/a> Revoga a Resolu\u00e7\u00e3o 27\/2021.<strong><em> (Revogada pela Resolu\u00e7\u00e3o 81\/2024)<\/em><\/strong><\/p>\n<p>RESOLU\u00c7\u00c3O N\u00ba 72 DO COCEPE, DE 20 DE JUNHO DE 2024 &#8211; <a href=\"https:\/\/wp.ufpel.edu.br\/scs\/files\/2024\/06\/SEI_UFPel-2640996-Resolucao-72.2024.pdf\">Aprova o Programa de Aux\u00edlio Deslocamento da UFPEL.<\/a> Revoga as Resolu\u00e7\u00f5es 22\/2021, 35\/2022 e 56\/2023. <strong><em>(Revogada pela Resolu\u00e7\u00e3o 79\/2024)<\/em><\/strong><\/p>\n<p>RESOLU\u00c7\u00c3O N\u00ba 73 DO COCEPE, DE 20 DE JUNHO DE 2024 &#8211; <a href=\"https:\/\/wp.ufpel.edu.br\/scs\/files\/2024\/06\/SEI_UFPel-2641022-Resolucao-73.2024.pdf\">Aprova o Programa de Aux\u00edlio Alimenta\u00e7\u00e3o da UFPEL.<\/a> Revoga as Resolu\u00e7\u00f5es 21\/2021 e 41\/2022.<strong><em> (Revogada pela Resolu\u00e7\u00e3o 77\/2024)<\/em><\/strong><\/p>\n<p>RESOLU\u00c7\u00c3O N\u00ba 74 DO COCEPE, DE 20 DE JUNHO DE 2024 &#8211; <a href=\"https:\/\/wp.ufpel.edu.br\/scs\/files\/2024\/06\/SEI_UFPel-2641076-Resolucao-74.2024.pdf\">Aprova o Programa de Aux\u00edlio Inclus\u00e3o Digital da UFPEL.\u00a0<\/a><strong><em>(Revogada pela Resolu\u00e7\u00e3o 83\/2024)<\/em><\/strong><\/p>\n<p>RESOLU\u00c7\u00c3O N\u00ba 75 DO COCEPE, DE 18 DE JULHO DE 2024 &#8211; <a href=\"https:\/\/wp.ufpel.edu.br\/scs\/files\/2024\/07\/SEI_UFPel-2676161-Resolucao-75.2024.pdf\">Altera\u00a0o Art. 2\u00ba,\u00a0da Resolu\u00e7\u00e3o n\u00ba 10\/2016, que disp\u00f5e sobre o\u00a0Programa de Apoio Pedag\u00f3gico. (Revoga a Resolu\u00e7\u00e3o 52\/2023)<\/a><\/p>\n<p>RESOLU\u00c7\u00c3O N\u00ba 76 DO COCEPE, DE 18 DE JULHO DE 2024 &#8211; <a href=\"https:\/\/wp.ufpel.edu.br\/scs\/files\/2024\/07\/SEI_UFPel-2676191-Resolucao-76.2024.pdf\">Altera o Art. 4\u00ba, da Resolu\u00e7\u00e3o n\u00ba 44\/2022, que disp\u00f5e sobre o Programa de Aux\u00edlio Alimenta\u00e7\u00e3o para Estudantes com Necessidades Alimentares Restritivas da UFPel.\u00a0<\/a><strong>(Revogada pela Resolu\u00e7\u00e3o 84\/2024)<\/strong><\/p>\n<p>RESOLU\u00c7\u00c3O n\u00ba 77 DO COCEPE, DE 05 de setembro de 2024 &#8211; <a href=\"https:\/\/wp.ufpel.edu.br\/scs\/files\/2024\/09\/SEI_UFPel-2739109-Resolucao-77.2024.pdf\">Aprova o Programa de Aux\u00edlio Alimenta\u00e7\u00e3o da UFPEL<\/a>. Revoga a Resolu\u00e7\u00e3o n\u00ba 73\/2024.<strong> <em>(Revogada pela Resolu\u00e7\u00e3o 96\/2025)<\/em><\/strong><\/p>\n<p>RESOLU\u00c7\u00c3O n\u00ba 78 DO COCEPE, DE 05 de SETEMBRO de 2024 &#8211; <a href=\"https:\/\/wp.ufpel.edu.br\/scs\/files\/2024\/09\/SEI_UFPel-2739187-Resolucao-78.2024.pdf\">Aprova o Programa de Aux\u00edlio Transporte da UFPEL<\/a> Revoga a Resolu\u00e7\u00e3o n\u00ba 69\/2024.<strong><em> (Revogada pela Resolu\u00e7\u00e3o 97\/2025)<\/em><\/strong><\/p>\n<p>RESOLU\u00c7\u00c3O n\u00ba 79 DO COCEPE, DE 05 DE SETEMBRO de 2024 &#8211; <a href=\"https:\/\/wp.ufpel.edu.br\/scs\/files\/2024\/09\/SEI_UFPel-2742727-Resolucao-79.2024.pdf\">Aprova o Programa de Aux\u00edlio Deslocamento da UFPEL<\/a>. Revoga a Resolu\u00e7\u00e3o 72\/2024.<strong> <em>(Revogada pela Resolu\u00e7\u00e3o 98\/2025)<\/em><\/strong><\/p>\n<p>RESOLU\u00c7\u00c3O n\u00ba 80 DO COCEPE, DE 05 de SETEMBRO de 2024 &#8211; <a href=\"https:\/\/wp.ufpel.edu.br\/scs\/files\/2024\/09\/SEI_UFPel-2741217-Resolucao-80.2024.pdf\">Aprova o Programa de Aux\u00edlio Pr\u00e9-Escolar da UFPEL<\/a>. Revoga a Resolu\u00e7\u00e3o 70\/2024.<strong><em> (Revogada pela Resolu\u00e7\u00e3o 99\/2025)<\/em><\/strong><\/p>\n<p>RESOLU\u00c7\u00c3O n\u00ba 81 DO COCEPE, DE 05 de SETEMBRO de 2024 &#8211; <a href=\"https:\/\/wp.ufpel.edu.br\/scs\/files\/2024\/09\/SEI_UFPel-2741299-Resolucao-81.2024.pdf\">Aprova o Programa de Moradia Estudantil da UFPEL<\/a>. Revoga a Resolu\u00e7\u00e3o 71\/2024. <strong><em>(Revogada pela Resolu\u00e7\u00e3o 100\/2025)<\/em><\/strong><\/p>\n<p>RESOLU\u00c7\u00c3O N\u00ba 82 DO COCEPE, DE 05 de SETEMBRO de 2024 &#8211; <a href=\"https:\/\/wp.ufpel.edu.br\/scs\/files\/2024\/09\/SEI_UFPel-2742357-Resolucao-82.2024.pdf\">Aprova o Programa de Aux\u00edlio Moradia da UFPEL<\/a>. Revoga a Resolu\u00e7\u00e3o 68\/2024.<strong> <em>(Revogada pela Resolu\u00e7\u00e3o 101\/2025)<\/em><\/strong><\/p>\n<p>RESOLU\u00c7\u00c3O n\u00ba 83 DO COCEPE, DE 05 de SETEMBRO de 2024 &#8211; <a href=\"https:\/\/wp.ufpel.edu.br\/scs\/files\/2024\/09\/SEI_UFPel-2742396-Resolucao-83.2024.pdf\">Aprova o Programa de Aux\u00edlio Inclus\u00e3o Digital da UFPEL<\/a>. Revoga a Resolu\u00e7\u00e3o 74\/2024.<\/p>\n<p>RESOLU\u00c7\u00c3O n\u00ba 84 DO COCEPE, DE 05 de SETEMBRO de 2024 &#8211; <a href=\"https:\/\/wp.ufpel.edu.br\/scs\/files\/2024\/09\/SEI_UFPel-2742546-Resolucao-84.2024.pdf\">Aprova o Programa de Aux\u00edlio Alimenta\u00e7\u00e3o para Estudantes com Necessidades Alimentares Restritivas da UFPel<\/a>. Revoga as Resolu\u00e7\u00f5es 44\/2022 e 76\/2024.<\/p>\n<p>RESOLU\u00c7\u00c3O N\u00ba 85 DO COCEPE, DE 05 de SETEMBRO de 2024 &#8211; <a href=\"https:\/\/wp.ufpel.edu.br\/scs\/files\/2024\/09\/SEI_UFPel-2742620-Resolucao-85.2024.pdf\">Aprova o Programa de Aux\u00edlio Eventual da UFPEL<\/a><\/p>\n<p class=\"Texto_Centralizado_Maiusculas\">RESOLU\u00c7\u00c3O N\u00ba 86 DO COCEPE, DE 03 DE OUTUBRO DE 2024 &#8211; <a href=\"https:\/\/wp.ufpel.edu.br\/scs\/files\/2024\/10\/SEI_UFPel-2775784-Resolucao-86.2024.pdf\">Aprova orienta\u00e7\u00f5es transit\u00f3rias e complementares para os editais de ingresso nos cursos de gradua\u00e7\u00e3o da UFPel, visando ao cumprimento da pol\u00edtica afirmativa institu\u00edda pela Lei Federal n\u00ba 12.711\/2012, suas altera\u00e7\u00f5es e regulamenta\u00e7\u00f5es, bem como as adapta\u00e7\u00f5es referentes aos processos seletivos do SISU (Sistema de Sele\u00e7\u00e3o Unificada), do Programa de Avalia\u00e7\u00e3o da Vida Escolar (PAVE\/UFPel) e de outros processos seletivos de ingresso abrangidos pela legisla\u00e7\u00e3o, al\u00e9m de outras provid\u00eancias.\u00a0Revoga a Resolu\u00e7\u00e3o COCEPE n\u00ba 48\/2022.<\/a><\/p>\n<p>Resolu\u00e7\u00e3o N\u00ba 87 DO COCEPE, DE 14 de NOVEMBRO DE 2024- <a href=\"https:\/\/wp.ufpel.edu.br\/scs\/files\/2024\/11\/SEI_2848555_Resolucao_87.2024COCEPE.pdf\">Disp\u00f5e sobre est\u00e1gios obrigat\u00f3rios e n\u00e3o obrigat\u00f3rios realizados por discentes regularmente matriculados nos cursos da UFPEL. Revoga a Resolu\u00e7\u00e3o n\u00ba 04\/2009\/COCEPE<\/a><\/p>\n<p class=\"Texto_Centralizado_Maiusculas\">Resolu\u00e7\u00e3o N\u00ba 88, DE 21 DE NOVEMBRO DE 2024 &#8211; <a href=\"https:\/\/wp.ufpel.edu.br\/scs\/files\/2024\/11\/SEI_2862135_Resolucao_88-COCEPE.pdf\">Aprova o aumento de vagas autorizadas para o Curso de Educa\u00e7\u00e3o F\u00edsica, da Escola Superior de Educa\u00e7\u00e3o F\u00edsica e Fisioterapia da UFPel. (revogada pela Resolu\u00e7\u00e3o 92\/2024)\u00a0<\/a> <span style=\"font-size: 10pt;\"><em><strong><a href=\"https:\/\/wp.ufpel.edu.br\/scs\/files\/2024\/11\/SEI_2862135_Resolucao_88-COCEPE.pdf\">(Revogada pela Resolu\u00e7\u00e3o 92\/2024)<\/a><\/strong><\/em><\/span><\/p>\n<p>Resolu\u00e7\u00e3o N\u00ba 89, DE 12 DE dezembro DE 2024 &#8211; <a href=\"https:\/\/wp.ufpel.edu.br\/scs\/files\/2024\/12\/SEI_2892412_Resolucao_89.pdf\">Aprova o Regimento Geral dos Programas de P\u00f3s-Gradua\u00e7\u00e3o\u00a0<em>Stricto Sensu,\u00a0<\/em>da Universidade Federal de Pelotas. Revoga a Resolu\u00e7\u00e3o 02\/2005.<\/a><\/p>\n<p>Resolu\u00e7\u00e3o N\u00ba 90 DO COCEPE, DE 19 DE DEZEMBRO de 2024 &#8211; <a href=\"https:\/\/wp.ufpel.edu.br\/scs\/files\/2025\/01\/SEI_2930651_Resolucao_90_2024___COCEPE.pdf\">Aprova a Pol\u00edtica de Assist\u00eancia Estudantil para M\u00e3es Universit\u00e1rias da Universidade Federal de Pelotas &#8211; UFPel.<\/a><\/p>\n<p>Resolu\u00e7\u00e3o N\u00ba 91 DO COCEPE, DE 19 DE DEZEMBRO DE 2024 &#8211; <a href=\"https:\/\/wp.ufpel.edu.br\/scs\/files\/2025\/01\/SEI_2930746_Resolucao_91_2024___COCEPE.pdf\">Aprova a Pol\u00edtica de Estudantes Internacionais de Pa\u00edses Africanos e Latino-americanos da Universidade Federal de Pelotas &#8211; UFPel.<\/a><\/p>\n<p>Resolu\u00e7\u00e3o N\u00ba 92 DO COCEPE, DE 19 DE DEZEMBRO DE 2024 &#8211; <a href=\"https:\/\/wp.ufpel.edu.br\/scs\/files\/2025\/02\/Resolucao-92.2024-COCEPE.pdf\">Aprova a altera\u00e7\u00e3o do n\u00famero de vagas autorizadas para o Curso de Educa\u00e7\u00e3o F\u00edsica, da Escola Superior de Educa\u00e7\u00e3o F\u00edsica e Fisioterapia da UFPel. Revoga a Resolu\u00e7\u00e3o 88\/2024 COCEPE.<\/a><\/p>\n","protected":false},"excerpt":{"rendered":"<p>RESOLU\u00c7\u00c3O N\u00ba 63 DO COCEPE, DE\u00a0 08 DE FEVEREIRO E 2024 &#8211; Suspende os efeitos da Resolu\u00e7\u00e3o n\u00ba 07\/2019, pelo per\u00edodo de dois anos a mais do que estabelece a Resolu\u00e7\u00e3o 10\/2021. RESOLU\u00c7\u00c3O N\u00ba 64 DO COCEPE, DE 29 DE FEVEREIRO DE 2024 &#8211; Regulamenta a expedi\u00e7\u00e3o e registro de certificados e diplomas de P\u00f3s-Gradua\u00e7\u00e3o [&hellip;]<\/p>\n","protected":false},"author":29,"featured_media":0,"parent":194,"menu_order":0,"comment_status":"closed","ping_status":"closed","template":"","meta":{"footnotes":""},"class_list":["post-9073","page","type-page","status-publish","hentry"],"_links":{"self":[{"href":"https:\/\/wp.ufpel.edu.br\/scs\/wp-json\/wp\/v2\/pages\/9073","targetHints":{"allow":["GET"]}}],"collection":[{"href":"https:\/\/wp.ufpel.edu.br\/scs\/wp-json\/wp\/v2\/pages"}],"about":[{"href":"https:\/\/wp.ufpel.edu.br\/scs\/wp-json\/wp\/v2\/types\/page"}],"author":[{"embeddable":true,"href":"https:\/\/wp.ufpel.edu.br\/scs\/wp-json\/wp\/v2\/users\/29"}],"replies":[{"embeddable":true,"href":"https:\/\/wp.ufpel.edu.br\/scs\/wp-json\/wp\/v2\/comments?post=9073"}],"version-history":[{"count":4,"href":"https:\/\/wp.ufpel.edu.br\/scs\/wp-json\/wp\/v2\/pages\/9073\/revisions"}],"predecessor-version":[{"id":10387,"href":"https:\/\/wp.ufpel.edu.br\/scs\/wp-json\/wp\/v2\/pages\/9073\/revisions\/10387"}],"up":[{"embeddable":true,"href":"https:\/\/wp.ufpel.edu.br\/scs\/wp-json\/wp\/v2\/pages\/194"}],"wp:attachment":[{"href":"https:\/\/wp.ufpel.edu.br\/scs\/wp-json\/wp\/v2\/media?parent=9073"}],"curies":[{"name":"wp","href":"https:\/\/api.w.org\/{rel}","templated":true}]}}