{"id":9027,"date":"2024-03-01T09:15:37","date_gmt":"2024-03-01T12:15:37","guid":{"rendered":"https:\/\/wp.ufpel.edu.br\/scs\/?page_id=9027"},"modified":"2026-03-04T09:35:54","modified_gmt":"2026-03-04T12:35:54","slug":"parecer-2024-cocepe","status":"publish","type":"page","link":"https:\/\/wp.ufpel.edu.br\/scs\/cocepe\/parecer-2024-cocepe\/","title":{"rendered":"Parecer 2024 COCEPE"},"content":{"rendered":"<p>PARECER NORMATIVO N\u00ba 102, DE 29 DE FEVEREIRO DE 2024 &#8211; <a href=\"https:\/\/wp.ufpel.edu.br\/scs\/files\/2024\/03\/SEI_UFPel-2538782-Parecer-Normativo-COCEPE.pdf\">Aprova o Regimento do Programa de P\u00f3s-Gradua\u00e7\u00e3o em Artes, a n\u00edvel de Doutorado.<\/a><\/p>\n<p>PARECER NORMATIVO N\u00ba 103 &#8211; numera\u00e7\u00e3o anulada<\/p>\n<p>PARECER NORMATIVO N\u00ba 104, DE 29 DE FEVEREIRO DE 2024 &#8211; <a href=\"https:\/\/wp.ufpel.edu.br\/scs\/files\/2024\/03\/SEI_UFPel-2548660-Parecer-Normativo-COCEPE-104.2024.pdf\">Aprova o Regimento do Colegiado do Curso de Administra\u00e7\u00e3o da UFPel.<\/a><\/p>\n<p>PARECER NORMATIVO N\u00ba 105, DE 28 DE MAR\u00c7O DE 2024 &#8211; <a href=\"https:\/\/wp.ufpel.edu.br\/scs\/files\/2024\/04\/SEI_UFPel-2578501-Parecer-Normativo-COCEPE-105.pdf\">Aprova Regimento Interno do Programa de P\u00f3s-Gradua\u00e7\u00e3o em Arquitetura e Urbanismo &#8211; PROGRAU Mestrado e Doutorado Acad\u00eamicos. <\/a><em><strong>(<\/strong><strong>Revogado pelo PN 146\/2026)<\/strong><\/em><\/p>\n<p>PARECER NORMATIVO N\u00ba 106, DE 28 DE MAR\u00c7O DE 2024 &#8211; <a href=\"https:\/\/wp.ufpel.edu.br\/scs\/files\/2024\/04\/SEI_UFPel-2580267-Parecer-Normativo-COCEPE-106.pdf\">Aprova o Regimento do Programa de P\u00f3s-Gradua\u00e7\u00e3o em Educa\u00e7\u00e3o Mestrado e Doutorado da UFPel. <\/a><em><strong>(<\/strong><strong>Revogado pelo PN 140\/2025)<\/strong><\/em><\/p>\n<p class=\"Texto_Centralizado_Maiusculas_Negrito\">PARECER NORMATIVO N\u00ba 107, DE 27 DE MAIO DE 2024 &#8211; <a href=\"https:\/\/wp.ufpel.edu.br\/scs\/files\/2024\/05\/SEI_UFPel-2620968-Parecer-Normativo-COCEPE-107.2024.pdf\">Regulamenta a retomada das atividades\u00a0de ensino de Gradua\u00e7\u00e3o\u00a0 e dos cursos de P\u00f3s-Gradua\u00e7\u00e3o do primeiro semestre letivo de 2024 na Universidade Federal de Pelotas. \u00a0<\/a><em><strong>(<\/strong><strong>Revogado pelo PN 108\/2024)<\/strong><\/em><\/p>\n<p>PARECER NORMATIVO N\u00ba 108, DE 06 DE JUNHO DE 2024 &#8211; <a href=\"https:\/\/wp.ufpel.edu.br\/scs\/files\/2024\/06\/Parecer-Normativo-no-108-de-06-de-junho-de-2024.pdf\">Regulamenta a retomada das atividades de ensino de Gradua\u00e7\u00e3o e dos cursos de P\u00f3s- Gradua\u00e7\u00e3o do primeiro semestre letivo de 2024 na Universidade Federal de Pelotas, suspensas em raz\u00e3o do estado de calamidade p\u00fablica causada por eventos clim\u00e1ticos. Revoga o Parecer Normativo 107\/2024.<\/a><\/p>\n<p>PARECER NORMATIVO N\u00ba 109, DE 06 DE JUNHO DE 2024 &#8211; <a href=\"https:\/\/wp.ufpel.edu.br\/scs\/files\/2024\/06\/Parecer-Normativo-no-109-de-06-de-junho-de-2024.pdf\">Regulamenta a adequa\u00e7\u00e3o do Calend\u00e1rio Acad\u00eamico do Curso de Direito &#8211; 2024, em raz\u00e3o da suspens\u00e3o das atividades acad\u00eamicas, em decorr\u00eancia da calamidade p\u00fablica causada por eventos clim\u00e1ticos.<\/a><\/p>\n<p class=\"Texto_Centralizado_Maiusculas_Negrito\">PARECER NORMATIVO N\u00ba 110, DE 27 DE JUNHO DE 2024 &#8211; <a href=\"https:\/\/wp.ufpel.edu.br\/scs\/files\/2024\/06\/Parecer-Normativo-110.2024-COCEPE.pdf\">Aprova o Quadro de Oferta de vagas para ingresso nos Cursos presenciais de Gradua\u00e7\u00e3o da UFPel, para o ano de 2025.<\/a><\/p>\n<p class=\"Texto_Centralizado_Maiusculas_Negrito\">PARECER NORMATIVO n\u00ba 111, de 12 DE DEZEMBRO DE 2024 &#8211; <a href=\"https:\/\/wp.ufpel.edu.br\/scs\/files\/2024\/12\/SEI_2892420_Parecer_Normativo_COCEPE_111.pdf\">Aprova o Regimento Geral da Infraestrutura Multiusu\u00e1ria em Pesquisa da Universidade Federal de Pelotas<\/a><\/p>\n<p>&nbsp;<\/p>\n","protected":false},"excerpt":{"rendered":"<p>PARECER NORMATIVO N\u00ba 102, DE 29 DE FEVEREIRO DE 2024 &#8211; Aprova o Regimento do Programa de P\u00f3s-Gradua\u00e7\u00e3o em Artes, a n\u00edvel de Doutorado. PARECER NORMATIVO N\u00ba 103 &#8211; numera\u00e7\u00e3o anulada PARECER NORMATIVO N\u00ba 104, DE 29 DE FEVEREIRO DE 2024 &#8211; Aprova o Regimento do Colegiado do Curso de Administra\u00e7\u00e3o da UFPel. PARECER NORMATIVO [&hellip;]<\/p>\n","protected":false},"author":29,"featured_media":0,"parent":194,"menu_order":0,"comment_status":"closed","ping_status":"closed","template":"","meta":{"footnotes":""},"class_list":["post-9027","page","type-page","status-publish","hentry"],"_links":{"self":[{"href":"https:\/\/wp.ufpel.edu.br\/scs\/wp-json\/wp\/v2\/pages\/9027","targetHints":{"allow":["GET"]}}],"collection":[{"href":"https:\/\/wp.ufpel.edu.br\/scs\/wp-json\/wp\/v2\/pages"}],"about":[{"href":"https:\/\/wp.ufpel.edu.br\/scs\/wp-json\/wp\/v2\/types\/page"}],"author":[{"embeddable":true,"href":"https:\/\/wp.ufpel.edu.br\/scs\/wp-json\/wp\/v2\/users\/29"}],"replies":[{"embeddable":true,"href":"https:\/\/wp.ufpel.edu.br\/scs\/wp-json\/wp\/v2\/comments?post=9027"}],"version-history":[{"count":4,"href":"https:\/\/wp.ufpel.edu.br\/scs\/wp-json\/wp\/v2\/pages\/9027\/revisions"}],"predecessor-version":[{"id":10501,"href":"https:\/\/wp.ufpel.edu.br\/scs\/wp-json\/wp\/v2\/pages\/9027\/revisions\/10501"}],"up":[{"embeddable":true,"href":"https:\/\/wp.ufpel.edu.br\/scs\/wp-json\/wp\/v2\/pages\/194"}],"wp:attachment":[{"href":"https:\/\/wp.ufpel.edu.br\/scs\/wp-json\/wp\/v2\/media?parent=9027"}],"curies":[{"name":"wp","href":"https:\/\/api.w.org\/{rel}","templated":true}]}}