{"id":8512,"date":"2023-06-23T15:04:47","date_gmt":"2023-06-23T18:04:47","guid":{"rendered":"https:\/\/wp.ufpel.edu.br\/scs\/?page_id=8512"},"modified":"2024-03-21T10:02:14","modified_gmt":"2024-03-21T13:02:14","slug":"atas-consun-2023","status":"publish","type":"page","link":"https:\/\/wp.ufpel.edu.br\/scs\/consun\/atas\/atas-consun-2023\/","title":{"rendered":"Atas CONSUN 2023"},"content":{"rendered":"<p><a href=\"https:\/\/wp.ufpel.edu.br\/scs\/files\/2023\/06\/SEI_UFPel-2087839-Ata-de-Reuniao-01.2023-CONSUN.pdf\">Ata 01.2023<\/a> \u2013 Reuni\u00e3o de 14 de mar\u00e7o de 2023<\/p>\n<p><a href=\"https:\/\/wp.ufpel.edu.br\/scs\/files\/2023\/11\/SEI_UFPel-2203749-Ata-de-Reuniao-CONSUN-02.2023.pdf\">Ata 02.2023<\/a>\u00a0&#8211; Reuni\u00e3o de 09 de maio de 2023<\/p>\n<p><a href=\"https:\/\/wp.ufpel.edu.br\/scs\/files\/2023\/08\/Ata-03.2023.pdf\">Ata 03.2023<\/a> &#8211; Reuni\u00e3o de 13 de junho de 2023<\/p>\n<p><a href=\"https:\/\/wp.ufpel.edu.br\/scs\/files\/2023\/11\/SEI_UFPel-2221016-Ata-de-Reuniao-CONSUN-04.2023.pdf\">Ata 04.2023<\/a>\u00a0&#8211; Reuni\u00e3o de 13 de junho de 2023 (desdobramento em 22\/06\/23)<\/p>\n<p><a href=\"https:\/\/wp.ufpel.edu.br\/scs\/files\/2023\/11\/Ata-05.2023.pdf\">Ata 05.2023<\/a>\u00a0&#8211; Reuni\u00e3o de 22 de junho de 2023<\/p>\n<p>Ata 06.2023 e Ata 07.2023 &#8211; reuni\u00f5es canceladas por suspens\u00e3o das atividade acad\u00eamicas<\/p>\n<p><a href=\"https:\/\/wp.ufpel.edu.br\/scs\/files\/2024\/03\/SEI_UFPel-2439704-Ata-de-Reuniao-08.2023.pdf\">Ata 08.2023<\/a>&#8211; Reuni\u00e3o de 14 de novembro de 2023<\/p>\n<p><a href=\"https:\/\/wp.ufpel.edu.br\/scs\/files\/2024\/03\/SEI_UFPel-2439707-Ata-de-Reuniao-CONSUN-09.2023.pdf\">Ata 09.2023<\/a>\u00a0&#8211; Reuni\u00e3o de 14 de novembro de 2023<\/p>\n<p><a href=\"https:\/\/wp.ufpel.edu.br\/scs\/files\/2024\/03\/SEI_UFPel-2498444-Ata-de-Reuniao-CONSUN-10.2023.pdf\">Ata 10.2023<\/a>\u00a0&#8211; Reuni\u00e3o de 05 de dezembro de 2023<\/p>\n","protected":false},"excerpt":{"rendered":"<p>Ata 01.2023 \u2013 Reuni\u00e3o de 14 de mar\u00e7o de 2023 Ata 02.2023\u00a0&#8211; Reuni\u00e3o de 09 de maio de 2023 Ata 03.2023 &#8211; Reuni\u00e3o de 13 de junho de 2023 Ata 04.2023\u00a0&#8211; Reuni\u00e3o de 13 de junho de 2023 (desdobramento em 22\/06\/23) Ata 05.2023\u00a0&#8211; Reuni\u00e3o de 22 de junho de 2023 Ata 06.2023 e Ata 07.2023 [&hellip;]<\/p>\n","protected":false},"author":29,"featured_media":0,"parent":1479,"menu_order":0,"comment_status":"closed","ping_status":"closed","template":"","meta":{"footnotes":""},"class_list":["post-8512","page","type-page","status-publish","hentry"],"_links":{"self":[{"href":"https:\/\/wp.ufpel.edu.br\/scs\/wp-json\/wp\/v2\/pages\/8512","targetHints":{"allow":["GET"]}}],"collection":[{"href":"https:\/\/wp.ufpel.edu.br\/scs\/wp-json\/wp\/v2\/pages"}],"about":[{"href":"https:\/\/wp.ufpel.edu.br\/scs\/wp-json\/wp\/v2\/types\/page"}],"author":[{"embeddable":true,"href":"https:\/\/wp.ufpel.edu.br\/scs\/wp-json\/wp\/v2\/users\/29"}],"replies":[{"embeddable":true,"href":"https:\/\/wp.ufpel.edu.br\/scs\/wp-json\/wp\/v2\/comments?post=8512"}],"version-history":[{"count":14,"href":"https:\/\/wp.ufpel.edu.br\/scs\/wp-json\/wp\/v2\/pages\/8512\/revisions"}],"predecessor-version":[{"id":9116,"href":"https:\/\/wp.ufpel.edu.br\/scs\/wp-json\/wp\/v2\/pages\/8512\/revisions\/9116"}],"up":[{"embeddable":true,"href":"https:\/\/wp.ufpel.edu.br\/scs\/wp-json\/wp\/v2\/pages\/1479"}],"wp:attachment":[{"href":"https:\/\/wp.ufpel.edu.br\/scs\/wp-json\/wp\/v2\/media?parent=8512"}],"curies":[{"name":"wp","href":"https:\/\/api.w.org\/{rel}","templated":true}]}}