{"id":8480,"date":"2023-06-14T15:52:20","date_gmt":"2023-06-14T18:52:20","guid":{"rendered":"https:\/\/wp.ufpel.edu.br\/scs\/?page_id=8480"},"modified":"2024-09-05T11:46:19","modified_gmt":"2024-09-05T14:46:19","slug":"2023-atas-condir","status":"publish","type":"page","link":"https:\/\/wp.ufpel.edu.br\/scs\/condir\/atas\/2023-atas-condir\/","title":{"rendered":"2023 ATAS CONDIR"},"content":{"rendered":"<p><a href=\"https:\/\/wp.ufpel.edu.br\/scs\/files\/2023\/10\/Ata-01.2023-de-26.04.2023.pdf\">Ata 01.2023 &#8211; reuni\u00e3o de 26.04.2023<\/a><\/p>\n<p><a href=\"https:\/\/wp.ufpel.edu.br\/scs\/files\/2023\/10\/Ata-02.2023-de-04.05.2023.pdf\">Ata 02.2023 &#8211; reuni\u00e3o de 04.05.2023<\/a><\/p>\n<p><a href=\"https:\/\/wp.ufpel.edu.br\/scs\/files\/2023\/10\/Ata-03.2023-de-274.06.2023.pdf\">Ata 03.2023 &#8211; reuni\u00e3o de 27.06.2023<\/a><\/p>\n<p><a href=\"https:\/\/wp.ufpel.edu.br\/scs\/files\/2023\/10\/Ata-04.2023-de-22.08.2023.pdf\">Ata 04.2023 &#8211; reuni\u00e3o de 22.08.2023<\/a><\/p>\n<p><a href=\"https:\/\/wp.ufpel.edu.br\/scs\/files\/2024\/09\/Ata-de-Reuniao-CONDIR-05.2023.pdf\">Ata 05\/2023 &#8211; reuni\u00e3o de 20.12.2023<\/a><\/p>\n","protected":false},"excerpt":{"rendered":"<p>Ata 01.2023 &#8211; reuni\u00e3o de 26.04.2023 Ata 02.2023 &#8211; reuni\u00e3o de 04.05.2023 Ata 03.2023 &#8211; reuni\u00e3o de 27.06.2023 Ata 04.2023 &#8211; reuni\u00e3o de 22.08.2023 Ata 05\/2023 &#8211; reuni\u00e3o de 20.12.2023<\/p>\n","protected":false},"author":29,"featured_media":0,"parent":1931,"menu_order":0,"comment_status":"closed","ping_status":"closed","template":"","meta":{"footnotes":""},"class_list":["post-8480","page","type-page","status-publish","hentry"],"_links":{"self":[{"href":"https:\/\/wp.ufpel.edu.br\/scs\/wp-json\/wp\/v2\/pages\/8480","targetHints":{"allow":["GET"]}}],"collection":[{"href":"https:\/\/wp.ufpel.edu.br\/scs\/wp-json\/wp\/v2\/pages"}],"about":[{"href":"https:\/\/wp.ufpel.edu.br\/scs\/wp-json\/wp\/v2\/types\/page"}],"author":[{"embeddable":true,"href":"https:\/\/wp.ufpel.edu.br\/scs\/wp-json\/wp\/v2\/users\/29"}],"replies":[{"embeddable":true,"href":"https:\/\/wp.ufpel.edu.br\/scs\/wp-json\/wp\/v2\/comments?post=8480"}],"version-history":[{"count":5,"href":"https:\/\/wp.ufpel.edu.br\/scs\/wp-json\/wp\/v2\/pages\/8480\/revisions"}],"predecessor-version":[{"id":9369,"href":"https:\/\/wp.ufpel.edu.br\/scs\/wp-json\/wp\/v2\/pages\/8480\/revisions\/9369"}],"up":[{"embeddable":true,"href":"https:\/\/wp.ufpel.edu.br\/scs\/wp-json\/wp\/v2\/pages\/1931"}],"wp:attachment":[{"href":"https:\/\/wp.ufpel.edu.br\/scs\/wp-json\/wp\/v2\/media?parent=8480"}],"curies":[{"name":"wp","href":"https:\/\/api.w.org\/{rel}","templated":true}]}}