{"id":8189,"date":"2023-03-20T13:28:21","date_gmt":"2023-03-20T16:28:21","guid":{"rendered":"https:\/\/wp.ufpel.edu.br\/scs\/?page_id=8189"},"modified":"2023-03-20T13:39:40","modified_gmt":"2023-03-20T16:39:40","slug":"cronograma-reunioes-2023-cocepe","status":"publish","type":"page","link":"https:\/\/wp.ufpel.edu.br\/scs\/cocepe\/cronograma-reunioes-2023-cocepe\/","title":{"rendered":"Cronograma Reuni\u00f5es 2023 COCEPE"},"content":{"rendered":"<p><strong><span style=\"background-color: #99ccff;\">Previs\u00e3o de Reuni\u00f5es COCEPE:<\/span><\/strong><\/p>\n<table>\n<tbody>\n<tr>\n<td width=\"480\"><strong>30 de mar\u00e7o de 2023<\/strong><\/td>\n<\/tr>\n<tr>\n<td width=\"480\"><strong>13 de abril de 2023<\/strong><\/td>\n<\/tr>\n<tr>\n<td width=\"480\"><strong>27 de abril de 2023<\/strong><\/td>\n<\/tr>\n<tr>\n<td width=\"480\"><strong>11 de Maio de 2023<\/strong><\/td>\n<\/tr>\n<tr>\n<td width=\"480\"><strong>01 de Junho de 2023<\/strong><\/td>\n<\/tr>\n<tr>\n<td width=\"480\"><strong>15 de Junho de 2023<\/strong><\/td>\n<\/tr>\n<tr>\n<td width=\"480\"><strong>29 de Junho de 2023<\/strong><\/td>\n<\/tr>\n<tr>\n<td width=\"480\"><strong>13 de Julho de 2023<\/strong><\/td>\n<\/tr>\n<tr>\n<td width=\"480\"><strong>27 de Julho de 2023<\/strong><\/td>\n<\/tr>\n<tr>\n<td width=\"480\"><strong>10 de Agosto de 2023<\/strong><\/td>\n<\/tr>\n<tr>\n<td width=\"480\"><strong>24 de Agosto de 2023<\/strong><\/td>\n<\/tr>\n<tr>\n<td width=\"480\"><strong>14 de Setembro de 2023<\/strong><\/td>\n<\/tr>\n<tr>\n<td width=\"480\"><strong>28 de Setembro de 2023<\/strong><\/td>\n<\/tr>\n<tr>\n<td width=\"480\"><strong>19 de Outubro de 2023<\/strong><\/td>\n<\/tr>\n<tr>\n<td width=\"480\"><strong>09 de Novembro de 2023<\/strong><\/td>\n<\/tr>\n<tr>\n<td width=\"480\"><strong>23 de Novembro de 2023<\/strong><\/td>\n<\/tr>\n<tr>\n<td width=\"480\"><strong>07 de Dezembro de 2023<\/strong><\/td>\n<\/tr>\n<tr>\n<td width=\"480\"><strong>21 de Dezembro de 2023<\/strong><\/td>\n<\/tr>\n<\/tbody>\n<\/table>\n<p><em>Obs. Poder\u00e3o ocorrer reuni\u00f5es extraordin\u00e1rias.<\/em><\/p>\n","protected":false},"excerpt":{"rendered":"<p>Previs\u00e3o de Reuni\u00f5es COCEPE: 30 de mar\u00e7o de 2023 13 de abril de 2023 27 de abril de 2023 11 de Maio de 2023 01 de Junho de 2023 15 de Junho de 2023 29 de Junho de 2023 13 de Julho de 2023 27 de Julho de 2023 10 de Agosto de 2023 24 [&hellip;]<\/p>\n","protected":false},"author":29,"featured_media":0,"parent":194,"menu_order":0,"comment_status":"closed","ping_status":"closed","template":"","meta":{"footnotes":""},"class_list":["post-8189","page","type-page","status-publish","hentry"],"_links":{"self":[{"href":"https:\/\/wp.ufpel.edu.br\/scs\/wp-json\/wp\/v2\/pages\/8189","targetHints":{"allow":["GET"]}}],"collection":[{"href":"https:\/\/wp.ufpel.edu.br\/scs\/wp-json\/wp\/v2\/pages"}],"about":[{"href":"https:\/\/wp.ufpel.edu.br\/scs\/wp-json\/wp\/v2\/types\/page"}],"author":[{"embeddable":true,"href":"https:\/\/wp.ufpel.edu.br\/scs\/wp-json\/wp\/v2\/users\/29"}],"replies":[{"embeddable":true,"href":"https:\/\/wp.ufpel.edu.br\/scs\/wp-json\/wp\/v2\/comments?post=8189"}],"version-history":[{"count":5,"href":"https:\/\/wp.ufpel.edu.br\/scs\/wp-json\/wp\/v2\/pages\/8189\/revisions"}],"predecessor-version":[{"id":8199,"href":"https:\/\/wp.ufpel.edu.br\/scs\/wp-json\/wp\/v2\/pages\/8189\/revisions\/8199"}],"up":[{"embeddable":true,"href":"https:\/\/wp.ufpel.edu.br\/scs\/wp-json\/wp\/v2\/pages\/194"}],"wp:attachment":[{"href":"https:\/\/wp.ufpel.edu.br\/scs\/wp-json\/wp\/v2\/media?parent=8189"}],"curies":[{"name":"wp","href":"https:\/\/api.w.org\/{rel}","templated":true}]}}