{"id":8106,"date":"2023-02-23T15:36:04","date_gmt":"2023-02-23T18:36:04","guid":{"rendered":"https:\/\/wp.ufpel.edu.br\/scs\/?page_id=8106"},"modified":"2025-06-11T09:19:27","modified_gmt":"2025-06-11T12:19:27","slug":"2023-resolucoes-cocepe","status":"publish","type":"page","link":"https:\/\/wp.ufpel.edu.br\/scs\/cocepe\/resolucoes\/2023-resolucoes-cocepe\/","title":{"rendered":"2023 &#8211; Resolu\u00e7\u00f5es COCEPE"},"content":{"rendered":"<p>Resolu\u00e7\u00e3o n\u00ba 49 de 17 de fevereiro de 2023 \u2013 <a href=\"https:\/\/wp.ufpel.edu.br\/scs\/files\/2023\/02\/SEI_UFPel-2058833-Resolucao-49.2023.pdf\">Disp\u00f5e sobre os procedimentos de comprova\u00e7\u00e3o de renda dos candidatos selecionados para ingresso nas modalidades de baixa renda (L1, L2, L9 ou L10) e sobre a migra\u00e7\u00e3o de vagas para a ampla concorr\u00eancia.<\/a><\/p>\n<p>Resolu\u00e7\u00e3o n\u00ba 50 de 13 de abril de 2023 \u2013 <a href=\"https:\/\/wp.ufpel.edu.br\/scs\/files\/2023\/05\/SEI_UFPel-2134814-Resolucao-50.2023.pdf\">Disp\u00f5e sobre a Regulamenta\u00e7\u00e3o do Programa de Perman\u00eancia para estudantes ind\u00edgenas e quilombolas regularmente matriculadas(os) nos cursos de gradua\u00e7\u00e3o da UFPel\u200b.<\/a><\/p>\n<p>Resolu\u00e7\u00e3o n\u00ba 51 de 20 de abril de 2023 \u2013 <a href=\"https:\/\/wp.ufpel.edu.br\/scs\/files\/2023\/04\/Resolucao-no-51-Redistribuicoes.pdf\">Regulamenta as Redistribui\u00e7\u00f5es Docentes na UFPEL &#8211; Revoga a Resolu\u00e7\u00e3o n\u00ba 17\/2021.<\/a><\/p>\n<ul>\n<li><a href=\"https:\/\/wp.ufpel.edu.br\/scs\/files\/2023\/05\/anexo-1.pdf\">Anexo 1 &#8211; Resolu\u00e7\u00e3o 51.2023<\/a><\/li>\n<li><a href=\"https:\/\/wp.ufpel.edu.br\/scs\/files\/2023\/05\/anexo-2.pdf\">Anexo 2 &#8211; Resolu\u00e7\u00e3o 51.2023<\/a><\/li>\n<\/ul>\n<p>Resolu\u00e7\u00e3o n\u00ba 52 de 20 de abril de 2023 \u2013 <a href=\"https:\/\/wp.ufpel.edu.br\/scs\/files\/2023\/04\/SEI_UFPel-2137506-Resolucao-52.2023.pdf\">Altera o Art. 2\u00ba, da Resolu\u00e7\u00e3o n\u00ba 10\/2016, que disp\u00f5e sobre o Programa de Apoio Pedag\u00f3gico. (Revogada pela Resolu\u00e7\u00e3o n\u00ba 75\/2024)<\/a><\/p>\n<p>Resolu\u00e7\u00e3o n\u00ba 53 de 11 de maio de 2023 &#8211; <a href=\"https:\/\/wp.ufpel.edu.br\/scs\/files\/2023\/05\/SEI_UFPel-2168703-Resolucao-53.2023.pdf\">Aprova Normas para Contrata\u00e7\u00e3o de Professor Visitante e Professor Visitante Estrangeiro na UFPEL. Revoga a\u00a0Resolu\u00e7\u00e3o n\u00ba 47\/2022.<\/a><\/p>\n<p>Resolu\u00e7\u00e3o n\u00ba 54 de 26 de maio de 2023 &#8211; <a href=\"https:\/\/wp.ufpel.edu.br\/scs\/files\/2023\/05\/SEI_UFPel-2189052-Resolucao-54.2023.pdf\">Regulamenta e normatiza a presen\u00e7a em atividades acad\u00eamicas e administrativas especiais de discentes, docentes, pesquisadores, gestores e t\u00e9cnicos internacionais, vinculados \u00e0s institui\u00e7\u00f5es externas, no \u00e2mbito da UFPel.<\/a><\/p>\n<p>Resolu\u00e7\u00e3o n\u00ba 55 de 15 de junho de 2023 &#8211; <a href=\"https:\/\/wp.ufpel.edu.br\/scs\/files\/2025\/06\/Resolucacao-COCEPE-55.2023-e-anexos.pdf\">Estabelece as Normas e Procedimentos para Contrata\u00e7\u00e3o de Professores Substitutos na UFPel. Revogam-se as Resolu\u00e7\u00f5es n\u00ba 23\/2015; n\u00ba 31\/2019 e n\u00ba 32\/2022.<\/a><\/p>\n<ul>\n<li><a href=\"https:\/\/wp.ufpel.edu.br\/scs\/files\/2023\/06\/Anexo-I-RES.55.2023-Formulario-de-Avaliacao-Prova-Didatica.pdf\">Anexo I &#8211; RES.55.2023 &#8211; Formulario Avaliacao Prova Didatica<\/a><\/li>\n<li><a href=\"https:\/\/wp.ufpel.edu.br\/scs\/files\/2023\/06\/Anexo-II-Res.55.2023-Form.-Avaliacao-Prova-Pratica.pdf\">Anexo II &#8211; Res.55.2023 &#8211; Form. Avalia\u00e7\u00e3o Prova Pr\u00e1tica<\/a><\/li>\n<li><a href=\"https:\/\/wp.ufpel.edu.br\/scs\/files\/2023\/06\/Anexo-III-Res.55.2023-Planilha-Exame-de-Titulos.pdf\">Anexo III &#8211; Res.55.2023 &#8211; Planilha &#8211; Exame de T\u00edtulos<\/a><\/li>\n<li><a href=\"https:\/\/wp.ufpel.edu.br\/scs\/files\/2023\/06\/Anexo-IV-Res.55.2023-Impedimentos-da-Banca.pdf\">Anexo IV- Res.55.2023 &#8211; Impedimentos da Banca<\/a><\/li>\n<\/ul>\n<p>Resolu\u00e7\u00e3o n\u00ba 56 de 20 de junho de 2023 &#8211; <a href=\"https:\/\/wp.ufpel.edu.br\/scs\/files\/2023\/06\/Res.-56-Auxilio-Deslocamento.pdf\">\u00a0Altera o Art. 2\u00ba da Resolu\u00e7\u00e3o n\u00ba 22\/2021, que regulamento o Programa de Aux\u00edlio Deslocamento<\/a><strong>.<\/strong><\/p>\n<p>Resolu\u00e7\u00e3o n\u00ba 57 de 03 de julho de 2023 \u2013 <a href=\"https:\/\/wp.ufpel.edu.br\/scs\/files\/2023\/07\/SEI_UFPel-2243521-Resolucao-57.2023.pdf\">Aprova a Pol\u00edtica de Moradia na P\u00f3s-Gradua\u00e7\u00e3o da UFPEL.<\/a><\/p>\n<p>Resolu\u00e7\u00e3o n\u00ba 58 de 20 de julho de 2023 &#8211; <a href=\"https:\/\/wp.ufpel.edu.br\/scs\/files\/2023\/07\/Resolucao-58-COCEPE.pdf\">Altera os artigos 40 e 41 do Regimento do PPGDTSA<\/a><\/p>\n<p>Resolu\u00e7\u00e3o n\u00ba 59 de 04 de outubro de 2023 &#8211; <a href=\"https:\/\/wp.ufpel.edu.br\/scs\/files\/2023\/10\/SEI_UFPel-2373244-Resolucao-59.2023.pdf\">Disp\u00f5e sobre diretrizes institucionais para a distribui\u00e7\u00e3o de bolsas de Mestrado, Doutorado e P\u00f3s-Doutorado e para o ac\u00famulo de bolsas e\u00a0atividades remuneradas ou outros rendimentos.\u200b<\/a><\/p>\n<p>Resolu\u00e7\u00e3o n\u00ba 60 de 19 de outubro de 2023 &#8211; <a href=\"https:\/\/wp.ufpel.edu.br\/scs\/files\/2023\/10\/Resolucao-no-60.2023.pdf\">Cria e regulamenta o Programa de Apoio Financeiro Institucional \u00e0 Mobilidade Acad\u00eamica Internacional de Estudantes de Cursos de Gradua\u00e7\u00e3o da UFPel..<\/a><\/p>\n<p>Resolu\u00e7\u00e3o n\u00ba 61 de 16 de novembro de 2023 &#8211; <a href=\"https:\/\/wp.ufpel.edu.br\/scs\/files\/2023\/11\/Resolucao-61.2023-COCEPE.pdf\">Aprova\u00a0o Manual de normas UFPel para Trabalhos Acad\u00eamicos.<\/a><\/p>\n<p>Resolu\u00e7\u00e3o n\u00ba 62 de 30 de novembro de 2023 &#8211; <a href=\"https:\/\/wp.ufpel.edu.br\/scs\/files\/2023\/12\/SEI_UFPel-2448548-Resolucao-62.2023.pdf\">Disp\u00f5e sobre o regulamento da oferta de componentes curriculares com carga hor\u00e1ria parcial ou integral na modalidade de Educa\u00e7\u00e3o a Dist\u00e2ncia (EaD) em cursos presenciais de gradua\u00e7\u00e3o na UFPEL.<\/a><\/p>\n","protected":false},"excerpt":{"rendered":"<p>Resolu\u00e7\u00e3o n\u00ba 49 de 17 de fevereiro de 2023 \u2013 Disp\u00f5e sobre os procedimentos de comprova\u00e7\u00e3o de renda dos candidatos selecionados para ingresso nas modalidades de baixa renda (L1, L2, L9 ou L10) e sobre a migra\u00e7\u00e3o de vagas para a ampla concorr\u00eancia. Resolu\u00e7\u00e3o n\u00ba 50 de 13 de abril de 2023 \u2013 Disp\u00f5e sobre [&hellip;]<\/p>\n","protected":false},"author":29,"featured_media":0,"parent":196,"menu_order":0,"comment_status":"closed","ping_status":"closed","template":"","meta":{"footnotes":""},"class_list":["post-8106","page","type-page","status-publish","hentry"],"_links":{"self":[{"href":"https:\/\/wp.ufpel.edu.br\/scs\/wp-json\/wp\/v2\/pages\/8106","targetHints":{"allow":["GET"]}}],"collection":[{"href":"https:\/\/wp.ufpel.edu.br\/scs\/wp-json\/wp\/v2\/pages"}],"about":[{"href":"https:\/\/wp.ufpel.edu.br\/scs\/wp-json\/wp\/v2\/types\/page"}],"author":[{"embeddable":true,"href":"https:\/\/wp.ufpel.edu.br\/scs\/wp-json\/wp\/v2\/users\/29"}],"replies":[{"embeddable":true,"href":"https:\/\/wp.ufpel.edu.br\/scs\/wp-json\/wp\/v2\/comments?post=8106"}],"version-history":[{"count":27,"href":"https:\/\/wp.ufpel.edu.br\/scs\/wp-json\/wp\/v2\/pages\/8106\/revisions"}],"predecessor-version":[{"id":9990,"href":"https:\/\/wp.ufpel.edu.br\/scs\/wp-json\/wp\/v2\/pages\/8106\/revisions\/9990"}],"up":[{"embeddable":true,"href":"https:\/\/wp.ufpel.edu.br\/scs\/wp-json\/wp\/v2\/pages\/196"}],"wp:attachment":[{"href":"https:\/\/wp.ufpel.edu.br\/scs\/wp-json\/wp\/v2\/media?parent=8106"}],"curies":[{"name":"wp","href":"https:\/\/api.w.org\/{rel}","templated":true}]}}