{"id":8073,"date":"2023-02-10T08:46:16","date_gmt":"2023-02-10T11:46:16","guid":{"rendered":"https:\/\/wp.ufpel.edu.br\/scs\/?page_id=8073"},"modified":"2026-01-22T08:51:54","modified_gmt":"2026-01-22T11:51:54","slug":"parecer-normativo-2023","status":"publish","type":"page","link":"https:\/\/wp.ufpel.edu.br\/scs\/parecer-normativo\/parecer-normativo-2023\/","title":{"rendered":"Parecer Normativo 2023"},"content":{"rendered":"<p class=\"Texto_Centralizado_Maiusculas_Negrito\">PARECER NORMATIVO N\u00ba 87, DE 09 DE FEVEREIRO DE 2023 &#8211; <a href=\"https:\/\/wp.ufpel.edu.br\/scs\/files\/2023\/02\/SEI_UFPel-2044261-Parecer-Normativo-COCEPE-87.2023.pdf\">Aprova a redistribui\u00e7\u00e3o de vagas\u00a0\u00a0ofertadas no Edital CAPES\/UAB 09\/22<\/a><\/p>\n<p class=\"Texto_Centralizado_Maiusculas_Negrito\">PARECER NORMATIVO N\u00ba 88, DE 23 DE FEVEREIRO DE 2023 &#8211; <a href=\"https:\/\/wp.ufpel.edu.br\/scs\/files\/2023\/02\/SEI_UFPel-2058189-Parecer-Normativo-COCEPE-88.2023-1.pdf\">Aprova\u00a0a\u00a0proposta de\u00a0atualiza\u00e7\u00e3o\u00a0da oferta de vagas para ingresso nos cursos presenciais de Gradua\u00e7\u00e3o\u00a0da UFPel, no ano letivo\u00a0de\u00a02023.<\/a><\/p>\n<p>PARECER NORMATIVO N\u00ba 89, DE 30 DE MAR\u00c7O DE 2023 &#8211; <a href=\"https:\/\/wp.ufpel.edu.br\/scs\/files\/2023\/04\/Parecer-Normatico-COCEPE-89.2023.pdf\">Aprova o\u00a0Regimento do F\u00f3rum de Coordenadores(as)\u00a0de Cursos de Gradua\u00e7\u00e3o da Universidade Federal de Pelotas (FORGRAD\/UFPel)<\/a><\/p>\n<p>PARECER NORMATIVO N\u00ba 90, DE 27 DE ABRIL DE 2023 &#8211; <a href=\"https:\/\/wp.ufpel.edu.br\/scs\/files\/2023\/04\/Parecer-Normativo-no-90.pdf\">Aprova o Regimento do Mestrado em<br \/>\nArtes da UFPel.<\/a><\/p>\n<p>PARECER NORMATIVO N\u00ba 91, DE 15 DE JULHO DE 2023 &#8211; <a href=\"https:\/\/wp.ufpel.edu.br\/scs\/files\/2023\/06\/SEI_UFPel-2218790-Parecer-Normativo-COCEPE-91.2023.pdf\">Aprova o Regimento do Colegiado\u00a0do Curso de Turismo<\/a><\/p>\n<p>PARECER NORMATIVO N\u00ba 92, DE 06 DE JULHO DE 2023 &#8211; <a href=\"https:\/\/wp.ufpel.edu.br\/scs\/files\/2023\/07\/SEI_UFPel-2249725-Parecer-Normativo-COCEPE-92.2023.pdf\">Aprova o Quadro de Oferta de vagas para ingresso nos Cursos presenciais de Gradua\u00e7\u00e3o da UFPel, para o ano de 2024.<\/a><\/p>\n<p>PARECER NORMATIVO N\u00ba 93, DE 20 DE JULHO DE 2023 &#8211; <a href=\"https:\/\/wp.ufpel.edu.br\/scs\/files\/2023\/07\/SEI_UFPel-2270866-Parecer-Normativo-COCEPE-93.pdf\">Aprova\u00a0redu\u00e7\u00e3o do n\u00famero de ingressantes do Curso de Dan\u00e7a-Licenciatura.<\/a><\/p>\n<p>PARECER NORMATIVO N\u00ba 94, DE 10 DE AGOSTO DE 2023 &#8211; <a href=\"https:\/\/wp.ufpel.edu.br\/scs\/files\/2023\/08\/SEI_UFPel-2300094-Parecer-Normativo-COCEPE-94.2023.pdf\">Aprova o Regimento Interno\u00a0da Comiss\u00e3o das Licenciaturas da UFPel.<\/a><\/p>\n<p>PARECER NORMATIVO N\u00ba 95, DE 21 DE SETEMBRO DE 2023 &#8211; <a href=\"https:\/\/wp.ufpel.edu.br\/scs\/files\/2023\/10\/SEI_UFPel-2354728-Parecer-Normativo-COCEPE-95.2023.pdf\">Aprova o Regimento Interno do Programa de P\u00f3s-Gradua\u00e7\u00e3o em Organiza\u00e7\u00f5es e Mercados &#8211; PPGOM, da UFPel.<\/a><em><strong>(Revogado pelo PN 141\/2025)<\/strong><\/em><\/p>\n<p>PARECER NORMATIVO N\u00ba 96, DE 21 DE SETEMBRO DE 2023 &#8211; <a href=\"https:\/\/wp.ufpel.edu.br\/scs\/files\/2023\/10\/SEI_UFPel-2359804-Parecer-Normativo-COCEPE-96.2023.pdf\">Aprova o Regimento Interno do Programa de P\u00f3s-Gradua\u00e7\u00e3o em Qu\u00edmica &#8211; PPGQ da UFPel.<\/a><\/p>\n<p>PARECER NORMATIVO N\u00ba 97, DE 28 DE SETEMBRO DE 2023 &#8211; <a href=\"https:\/\/wp.ufpel.edu.br\/scs\/files\/2023\/09\/SEI_UFPel-2364738-Parecer-Normativo-COCEPE-97.pdf\">Altera\u00e7\u00e3o do Regimento do Curso de Especializa\u00e7\u00e3o em Educa\u00e7\u00e3o Ambiental com \u00eanfase em Espa\u00e7os Educadores Sustent\u00e1veis, da UFPel<\/a><\/p>\n<p>PARECER NORMATIVO N\u00ba 98, DE 09 DE NOVEMBRO DE 2023 &#8211; <a href=\"https:\/\/wp.ufpel.edu.br\/scs\/files\/2023\/11\/SEI_UFPel-2423889-Parecer-Normativo-COCEPE-98.2023.pdf\">Aprova o Regimento Interno Programa de P\u00f3s-Gradua\u00e7\u00e3o em Ci\u00eancia e Engenharia de Materiais \u2013 n\u00edveis Mestrado e Doutorado.<\/a><\/p>\n<p>PARECER NORMATIVO N\u00ba 99, DE 09 DE NOVEMBRO DE 2023 &#8211; <a href=\"https:\/\/wp.ufpel.edu.br\/scs\/files\/2023\/11\/SEI_UFPel-2424581-Parecer-Normativo-COCEPE-99.2023.pdf\">Aprova o Regimento do\u00a0Programa de P\u00f3s-Gradua\u00e7\u00e3o em Arquitetura e Urbanismo &#8211; PROGRAU &#8211; MESTRADO ACAD\u00caMICO, da UFPel.<\/a><\/p>\n<p>PARECER NORMATIVO N\u00ba 100, DE 30 DE NOVEMBRO DE 2023 \u2013 <a href=\"https:\/\/wp.ufpel.edu.br\/scs\/files\/2023\/12\/SEI_UFPel-2448577-Parecer-Normativo-COCEPE-100.2023.pdf\">Aprova os cursos a serem ofertados no Processo Seletivo Especial para ingresso na gradua\u00e7\u00e3o de estudantes ind\u00edgenas e quilombolas a ser realizado em 2024(Corrigida pelo PN n\u00ba 101)<\/a><\/p>\n<p>PARECER NORMATIVO N\u00ba 101, DE 10 DE JANEIRO DE 2024 &#8211; <a href=\"https:\/\/wp.ufpel.edu.br\/scs\/files\/2023\/12\/SEI_UFPel-2448577-Parecer-Normativo-COCEPE-100.2023.pdf\">Corrige tabela do <\/a><a style=\"font-family: var(--fonte-corpo);\" href=\"https:\/\/wp.ufpel.edu.br\/scs\/files\/2023\/12\/SEI_UFPel-2448577-Parecer-Normativo-COCEPE-100.2023.pdf\">curso de Odontologia em rela\u00e7\u00e3o ao semestre em que a vaga ser\u00e1 ofertada no Processo Seletivo Especial para ingresso na gradua\u00e7\u00e3o de estudantes ind\u00edgenas\u00a0 a ser realizado em 2024<\/a><\/p>\n","protected":false},"excerpt":{"rendered":"<p>PARECER NORMATIVO N\u00ba 87, DE 09 DE FEVEREIRO DE 2023 &#8211; Aprova a redistribui\u00e7\u00e3o de vagas\u00a0\u00a0ofertadas no Edital CAPES\/UAB 09\/22 PARECER NORMATIVO N\u00ba 88, DE 23 DE FEVEREIRO DE 2023 &#8211; Aprova\u00a0a\u00a0proposta de\u00a0atualiza\u00e7\u00e3o\u00a0da oferta de vagas para ingresso nos cursos presenciais de Gradua\u00e7\u00e3o\u00a0da UFPel, no ano letivo\u00a0de\u00a02023. PARECER NORMATIVO N\u00ba 89, DE 30 DE MAR\u00c7O [&hellip;]<\/p>\n","protected":false},"author":29,"featured_media":0,"parent":5389,"menu_order":0,"comment_status":"closed","ping_status":"closed","template":"","meta":{"footnotes":""},"class_list":["post-8073","page","type-page","status-publish","hentry"],"_links":{"self":[{"href":"https:\/\/wp.ufpel.edu.br\/scs\/wp-json\/wp\/v2\/pages\/8073","targetHints":{"allow":["GET"]}}],"collection":[{"href":"https:\/\/wp.ufpel.edu.br\/scs\/wp-json\/wp\/v2\/pages"}],"about":[{"href":"https:\/\/wp.ufpel.edu.br\/scs\/wp-json\/wp\/v2\/types\/page"}],"author":[{"embeddable":true,"href":"https:\/\/wp.ufpel.edu.br\/scs\/wp-json\/wp\/v2\/users\/29"}],"replies":[{"embeddable":true,"href":"https:\/\/wp.ufpel.edu.br\/scs\/wp-json\/wp\/v2\/comments?post=8073"}],"version-history":[{"count":4,"href":"https:\/\/wp.ufpel.edu.br\/scs\/wp-json\/wp\/v2\/pages\/8073\/revisions"}],"predecessor-version":[{"id":10398,"href":"https:\/\/wp.ufpel.edu.br\/scs\/wp-json\/wp\/v2\/pages\/8073\/revisions\/10398"}],"up":[{"embeddable":true,"href":"https:\/\/wp.ufpel.edu.br\/scs\/wp-json\/wp\/v2\/pages\/5389"}],"wp:attachment":[{"href":"https:\/\/wp.ufpel.edu.br\/scs\/wp-json\/wp\/v2\/media?parent=8073"}],"curies":[{"name":"wp","href":"https:\/\/api.w.org\/{rel}","templated":true}]}}