{"id":805,"date":"2010-09-07T22:20:03","date_gmt":"2010-09-08T00:20:03","guid":{"rendered":"https:\/\/wp.ufpel.edu.br\/scs\/"},"modified":"2013-06-27T10:56:57","modified_gmt":"2013-06-27T12:56:57","slug":"introducao","status":"publish","type":"page","link":"https:\/\/wp.ufpel.edu.br\/scs\/ementario\/introducao\/","title":{"rendered":"Introdu\u00e7\u00e3o"},"content":{"rendered":"<p>A implanta\u00e7\u00e3o de sistemas de informa\u00e7\u00f5es na UFPel proporciona a recupera\u00e7\u00e3o da mem\u00f3ria da Institui\u00e7\u00e3o. Nesse processo, destaca-se a elabora\u00e7\u00e3o do Ement\u00e1rio da Universidade Federal de Pelotas-UFPel, que sistematiza as resolu\u00e7\u00f5es produzidas pelos Conselhos Superiores da Institui\u00e7\u00e3o, no per\u00edodo de 1972 a 1998.<\/p>\n<p>Objetivamos, com este estudo, dotar a Comunidade Universit\u00e1ria de informa\u00e7\u00f5es que interessem n\u00e3o s\u00f3 \u00e0 Institui\u00e7\u00e3o, mas a todos que a fazem, ou seja, o corpo docente, discente e t\u00e9cnico-administrativo, facilitando o acompanhamento das diretrizes institucionais. Assim sendo, cobriu-se uma lacuna no processo de moderniza\u00e7\u00e3o administrativa da UFPel, na medida que se vislumbra a possibilidade de um maior grau de rapidez no processo de tomada de decis\u00f5es, a partir da disponibilidade das Resolu\u00e7\u00f5es dos Conselhos para a Administra\u00e7\u00e3o Universit\u00e1ria.<\/p>\n<p>Este instrumento consubstancia as Resolu\u00e7\u00f5es colhidas no per\u00edodo supramencionado, referentes \u00e0s atua\u00e7\u00f5es dos Conselhos Superiores da Universidade Federal de Pelotas, quais sejam:<\/p>\n<p><strong>Conselho Diretor (CONDIR)<\/strong> &#8211; \u00f3rg\u00e3o normativo, deliberativo e consultivo m\u00e1ximo da Funda\u00e7\u00e3o Universidade Federal de Pelotas em mat\u00e9ria de normas de regime financeiro, or\u00e7ament\u00e1rio e cont\u00e1bil, observada a Legisla\u00e7\u00e3o Federal que rege a mat\u00e9ria;<\/p>\n<p><strong>Conselho Universit\u00e1rio (CONSUN)<\/strong> &#8211; \u00f3rg\u00e3o normativo, deliberativo e consultivo m\u00e1ximo da Universidade, em mat\u00e9ria administrativa e de pol\u00edtica Universit\u00e1ria, ressalvando a compet\u00eancia espec\u00edfica do COCEPE.<\/p>\n<p><strong>Conselho Coordenador do Ensino da Pesquisa e da Extens\u00e3o (COCEPE<\/strong>) &#8211; \u00f3rg\u00e3o normativo, deliberativo e consultivo m\u00e1ximo da Universidade, em mat\u00e9ria de ensino, pesquisa e extens\u00e3o.<\/p>\n<p>No intuito de se tornarem expl\u00edcitos os assuntos abordados, as resolu\u00e7\u00f5es s\u00e3o apresentadas de forma hierarquizada, vindo, em primeiro lugar, as do Conselho Diretor da Funda\u00e7\u00e3o, em seguida, as do Conselho Universit\u00e1rio, e, por ultimo, as do Conselho Coordenador do Ensino, da Pesquisa e da Extens\u00e3o.<\/p>\n<p>Com a realiza\u00e7\u00e3o desta\u00a0 primeira etapa, fica conclu\u00edda a maratona tra\u00e7ada para a elabora\u00e7\u00e3o do Ement\u00e1rio da Universidade Federal de Pelotas, gerando condi\u00e7\u00f5es b\u00e1sicas para a continuidade do processo, que prev\u00ea facilitar a sua utiliza\u00e7\u00e3o pelos usu\u00e1rios e agilizar a informatiza\u00e7\u00e3o da Secretaria dos Conselhos Superiores.<\/p>\n<p>Trata-se, portanto, de obra marcada pela utilidade pr\u00e1tica indiscut\u00edvel, que expressa, entre outros aspectos, a preocupa\u00e7\u00e3o da UFPel com mo seu processo de Moderniza\u00e7\u00e3o Administrativa.<\/p>\n","protected":false},"excerpt":{"rendered":"<p>A implanta\u00e7\u00e3o de sistemas de informa\u00e7\u00f5es na UFPel proporciona a recupera\u00e7\u00e3o da mem\u00f3ria da Institui\u00e7\u00e3o. Nesse processo, destaca-se a elabora\u00e7\u00e3o do Ement\u00e1rio da Universidade Federal de Pelotas-UFPel, que sistematiza as resolu\u00e7\u00f5es produzidas pelos Conselhos Superiores da Institui\u00e7\u00e3o, no per\u00edodo de 1972 a 1998. Objetivamos, com este estudo, dotar a Comunidade Universit\u00e1ria de informa\u00e7\u00f5es que interessem [&hellip;]<\/p>\n","protected":false},"author":29,"featured_media":0,"parent":697,"menu_order":2,"comment_status":"closed","ping_status":"open","template":"","meta":{"footnotes":""},"class_list":["post-805","page","type-page","status-publish","hentry"],"_links":{"self":[{"href":"https:\/\/wp.ufpel.edu.br\/scs\/wp-json\/wp\/v2\/pages\/805","targetHints":{"allow":["GET"]}}],"collection":[{"href":"https:\/\/wp.ufpel.edu.br\/scs\/wp-json\/wp\/v2\/pages"}],"about":[{"href":"https:\/\/wp.ufpel.edu.br\/scs\/wp-json\/wp\/v2\/types\/page"}],"author":[{"embeddable":true,"href":"https:\/\/wp.ufpel.edu.br\/scs\/wp-json\/wp\/v2\/users\/29"}],"replies":[{"embeddable":true,"href":"https:\/\/wp.ufpel.edu.br\/scs\/wp-json\/wp\/v2\/comments?post=805"}],"version-history":[{"count":3,"href":"https:\/\/wp.ufpel.edu.br\/scs\/wp-json\/wp\/v2\/pages\/805\/revisions"}],"predecessor-version":[{"id":1436,"href":"https:\/\/wp.ufpel.edu.br\/scs\/wp-json\/wp\/v2\/pages\/805\/revisions\/1436"}],"up":[{"embeddable":true,"href":"https:\/\/wp.ufpel.edu.br\/scs\/wp-json\/wp\/v2\/pages\/697"}],"wp:attachment":[{"href":"https:\/\/wp.ufpel.edu.br\/scs\/wp-json\/wp\/v2\/media?parent=805"}],"curies":[{"name":"wp","href":"https:\/\/api.w.org\/{rel}","templated":true}]}}