{"id":803,"date":"2010-09-07T22:17:53","date_gmt":"2010-09-08T00:17:53","guid":{"rendered":"https:\/\/wp.ufpel.edu.br\/scs\/"},"modified":"2010-09-07T22:17:53","modified_gmt":"2010-09-08T00:17:53","slug":"apresentacao","status":"publish","type":"page","link":"https:\/\/wp.ufpel.edu.br\/scs\/ementario\/apresentacao\/","title":{"rendered":"Apresenta\u00e7\u00e3o"},"content":{"rendered":"<p>As Institui\u00e7\u00f5es Federais de Ensino Superior, IFES, s\u00e3o gerenciadas , tendo como alicerce b\u00e1sico atos deliberados por colegiados representativos da comunidade universit\u00e1ria, variando sua forma de organiza\u00e7\u00e3o de Institui\u00e7\u00e3o para Institui\u00e7\u00e3o.<\/p>\n<p>No caso espec\u00edfico da Universidade Federal de Pelotas-UFPel, sua organiza\u00e7\u00e3o administrativa est\u00e1 estruturada em obedi\u00eancia &#8216;as Resolu\u00e7\u00f5es de tr\u00eas Colegiados Superiores denominados de Conselho Diretor da Funda\u00e7\u00e3o, Conselho Universit\u00e1rio e Conselho Coordenador do Ensino, da Pesquisa e da Extens\u00e3o.<\/p>\n<p>Tendo em vista que ao longo do tempo \u00e9 deliberado um rol bastante significativo de Resolu\u00e7\u00f5es, que hist\u00f3ricamente v\u00eam delimitando a vida administrativa da Institui\u00e7\u00e3o, resolveu-se contruir este Ement\u00e1rio com o prop\u00f3sito expl\u00edcito n\u00e3o s\u00f3\u00a0 de resgatar a sua mem\u00f3ria nos \u00faltimos anos, mas fundamentalmente, dotar a Comunidade Universit\u00e1ria de informa\u00e7\u00f5es que facilitem o acompanhamento das diretrizes institucionais, atrav\u00e9s de um processo racional de Moderniza\u00e7\u00e3o Administrativa<\/p>\n<p>Prof\u00aa. Inguelore Scheunemann de Souza<\/p>\n","protected":false},"excerpt":{"rendered":"<p>As Institui\u00e7\u00f5es Federais de Ensino Superior, IFES, s\u00e3o gerenciadas , tendo como alicerce b\u00e1sico atos deliberados por colegiados representativos da comunidade universit\u00e1ria, variando sua forma de organiza\u00e7\u00e3o de Institui\u00e7\u00e3o para Institui\u00e7\u00e3o. No caso espec\u00edfico da Universidade Federal de Pelotas-UFPel, sua organiza\u00e7\u00e3o administrativa est\u00e1 estruturada em obedi\u00eancia &#8216;as Resolu\u00e7\u00f5es de tr\u00eas Colegiados Superiores denominados de Conselho [&hellip;]<\/p>\n","protected":false},"author":29,"featured_media":0,"parent":697,"menu_order":1,"comment_status":"closed","ping_status":"open","template":"","meta":{"footnotes":""},"class_list":["post-803","page","type-page","status-publish","hentry"],"_links":{"self":[{"href":"https:\/\/wp.ufpel.edu.br\/scs\/wp-json\/wp\/v2\/pages\/803","targetHints":{"allow":["GET"]}}],"collection":[{"href":"https:\/\/wp.ufpel.edu.br\/scs\/wp-json\/wp\/v2\/pages"}],"about":[{"href":"https:\/\/wp.ufpel.edu.br\/scs\/wp-json\/wp\/v2\/types\/page"}],"author":[{"embeddable":true,"href":"https:\/\/wp.ufpel.edu.br\/scs\/wp-json\/wp\/v2\/users\/29"}],"replies":[{"embeddable":true,"href":"https:\/\/wp.ufpel.edu.br\/scs\/wp-json\/wp\/v2\/comments?post=803"}],"version-history":[{"count":1,"href":"https:\/\/wp.ufpel.edu.br\/scs\/wp-json\/wp\/v2\/pages\/803\/revisions"}],"predecessor-version":[{"id":804,"href":"https:\/\/wp.ufpel.edu.br\/scs\/wp-json\/wp\/v2\/pages\/803\/revisions\/804"}],"up":[{"embeddable":true,"href":"https:\/\/wp.ufpel.edu.br\/scs\/wp-json\/wp\/v2\/pages\/697"}],"wp:attachment":[{"href":"https:\/\/wp.ufpel.edu.br\/scs\/wp-json\/wp\/v2\/media?parent=803"}],"curies":[{"name":"wp","href":"https:\/\/api.w.org\/{rel}","templated":true}]}}