{"id":800,"date":"2010-09-07T22:14:49","date_gmt":"2010-09-08T00:14:49","guid":{"rendered":"https:\/\/wp.ufpel.edu.br\/scs\/"},"modified":"2010-09-07T22:33:42","modified_gmt":"2010-09-08T00:33:42","slug":"ementas-das-portarias-do-condir","status":"publish","type":"page","link":"https:\/\/wp.ufpel.edu.br\/scs\/ementario\/ementas-das-portarias-do-condir\/","title":{"rendered":"Ementas das portarias do CONDIR"},"content":{"rendered":"<p><strong>1.Portaria n\u00ba 01\/89<\/strong><br \/>\nEstimativa de Receita e Fixa\u00e7\u00e3o do Limite de Despesa para o Exerc\u00edcio de 1989.<\/p>\n<p><strong>2.Portaria n\u00ba 02\/89<\/strong><br \/>\nDeterminar que o or\u00e7amento da Universidade Federal de Pelotas seja convertido em cruzados novos.<\/p>\n<p><strong>3.Portaria n\u00ba 03\/89<\/strong><br \/>\nLiberar no \u00e2mbito da UFPel, a conten\u00e7\u00e3o de 50% sobre Outros Custeios e Capital, Recursos do Tesouro.<\/p>\n<p><strong>4.Portaria n\u00ba 04\/89<\/strong><br \/>\nIncluir no or\u00e7amento pr\u00f3prio da UFPel,\u00a0 cr\u00e9dito suplementar.<\/p>\n<p><strong>5.Portaria n\u00ba 05\/89<\/strong><br \/>\nReduzir das dota\u00e7\u00f5es do Or\u00e7amento Pr\u00f3prio Inicial da UFPel.<br \/>\n<strong><br \/>\n6.Portaria n\u00ba 06\/89<\/strong><br \/>\nIncluir no or\u00e7amento pr\u00f3prio da Funda\u00e7\u00e3o, o cr\u00e9dito especial.<\/p>\n<p><strong>7.Portaria n\u00ba 07\/89<\/strong><br \/>\nReprogramar o cr\u00e9dito suplementar da UFPel.<\/p>\n<p><strong>8.Portaria n\u00ba 08\/89<\/strong><br \/>\nIncluir no or\u00e7amento pr\u00f3prio da Universidade, o cr\u00e9dito suplementar.<\/p>\n<p><strong>9.Portaria n\u00ba 09\/89<\/strong><br \/>\nIncluir no or\u00e7amento pr\u00f3prio da Universidade, o cr\u00e9dito suplementar.<\/p>\n<p><strong>10.Portaria n\u00ba 10\/89<\/strong><br \/>\nIncluir no or\u00e7amento pr\u00f3prio da Universidade, o cr\u00e9dito suplementar.<\/p>\n<p><strong>11.Portaria n\u00ba 11\/89<\/strong><br \/>\nIncluir no or\u00e7amento pr\u00f3prio da Universidade, o cr\u00e9dito suplementar.<\/p>\n<p><strong>12.Portaria n\u00ba 01\/93 e 02\/93<\/strong> &#8211; n\u00e3o constam nos arquivos.<\/p>\n<p><strong>13.Portaria n\u00ba 03\/93<\/strong><br \/>\nAbrir cr\u00e9dito suplementar.<\/p>\n<p><strong>14.Portaria n\u00ba 04\/93<\/strong><br \/>\nAutorizar a execu\u00e7\u00e3o, no \u00e2mbito da Universidade, do or\u00e7amento inicial.<\/p>\n<p><strong>15.Portaria n\u00ba 01\/95 &#8211; 02\/95<\/strong> &#8211; n\u00e3o constam nos arquivos.<\/p>\n<p><strong>16.Portaria n\u00ba 03\/95<\/strong><br \/>\nAutorizar a execu\u00e7\u00e3o, no \u00e2mbito da Universidade, do or\u00e7amento inicial.<\/p>\n<p><strong>17.Portaria n\u00ba 01\/96<\/strong> &#8211; n\u00e3o consta nos arquivos.<\/p>\n<p><strong>18.Portaria n\u00ba 02\/96<\/strong><br \/>\nRatificar a autoriza\u00e7\u00e3o para a execu\u00e7\u00e3o no \u00e2mbito da Universidade, da parcela.<br \/>\n<strong><br \/>\n19.Portaria n\u00ba 01\/97<\/strong><br \/>\nDesignar representantes do CONDIR junto ao CONSUN.<\/p>\n<p><strong>20.Portaria n\u00ba 02\/97<\/strong><br \/>\nDeclarar representantes da Prefeitura Municipal de Pelotas junto ao CONDIR.<br \/>\n<strong><br \/>\n21.Portaria n\u00ba 03\/97<\/strong><br \/>\nAutorizar a execu\u00e7\u00e3o no \u00e2mbito da Universidade, da parcela.<\/p>\n<p><strong>22.Portaria n\u00ba 04\/97<\/strong><br \/>\nAutorizar a execu\u00e7\u00e3o no \u00e2mbito da Universidade, do or\u00e7amento inicial.<\/p>\n<p><strong>23.Portaria n\u00ba 01\/98<\/strong><br \/>\nAutorizar a execu\u00e7\u00e3o n \u00e2mbito da Universidade, do or\u00e7amento para o exerc\u00edcio de 1998.<\/p>\n<p><strong>24.Portaria n\u00ba 01\/99<\/strong><br \/>\nDesignar pr\u00f3-tempore, &#8220;ad referendum&#8221; do CONDIR, representante desse Conselho junto ao CONSUN.<\/p>\n<p><strong>25.Portaria n\u00ba 02\/99<\/strong><br \/>\nAutorizar a Execu\u00e7\u00e3o, no \u00e2mbito da UFPel, do or\u00e7amento para o exerc\u00edcio de 1999.<\/p>\n<p><strong>26.Portaria n\u00ba 03\/99<\/strong><br \/>\nRepresentante da Prefeitura Municipal de Pelotas junto ao CONDIR.<\/p>\n<p><strong>27.Portaria n\u00ba 04\/99<\/strong><br \/>\nAutorizar a execu\u00e7\u00e3o, no \u00e2mbito da UFPel, do or\u00e7amento para o exerc\u00edcio de 2000.<\/p>\n<p><strong>28.Portaria n\u00ba 01\/2000<\/strong><br \/>\nDeclarar eleitos como representantes deste Conselho junto ao CONSUN.<\/p>\n<p><strong>29.Portaria n\u00ba 02\/2000<\/strong><br \/>\nDesignar o Professor Fernando Luis Caprio da Costa, como representante deste Conselho junto ao CPPD.<\/p>\n<p><strong>30.Portaria n\u00ba 03\/2000<\/strong><br \/>\nAutorizar a Execu\u00e7\u00e3o no \u00e2mbito da UFPel, do or\u00e7amento para o exerc\u00edcio de 2000.<br \/>\n<strong><br \/>\n31.Portaria n\u00ba 04\/2000<\/strong><br \/>\nDeclarar como representante da Rede Banc\u00e1ria junto ao CONDIR.<\/p>\n<p><strong>32.Portaria n\u00ba 01\/2001<\/strong><br \/>\nRepresentante do Governo do Munic\u00edpio junto ao CONDIR.<\/p>\n<p><strong>33.Portaria n\u00ba Portaria n\u00ba 02\/2001<\/strong><br \/>\nRepresentante da Associa\u00e7\u00e3o Rural de Pelotas junto ao CONDIR.<\/p>\n<p><strong>34. Portaria n\u00ba 01\/2002<\/strong><br \/>\nRepresentante do CONDIR junto ao CONSUN.<\/p>\n<p><strong>35. Portaria n\u00ba 02\/2002<\/strong><br \/>\nRepresentante do CONDIR junto \u00e0 CPPD.<\/p>\n","protected":false},"excerpt":{"rendered":"<p>1.Portaria n\u00ba 01\/89 Estimativa de Receita e Fixa\u00e7\u00e3o do Limite de Despesa para o Exerc\u00edcio de 1989. 2.Portaria n\u00ba 02\/89 Determinar que o or\u00e7amento da Universidade Federal de Pelotas seja convertido em cruzados novos. 3.Portaria n\u00ba 03\/89 Liberar no \u00e2mbito da UFPel, a conten\u00e7\u00e3o de 50% sobre Outros Custeios e Capital, Recursos do Tesouro. 4.Portaria [&hellip;]<\/p>\n","protected":false},"author":29,"featured_media":0,"parent":697,"menu_order":3,"comment_status":"closed","ping_status":"closed","template":"","meta":{"footnotes":""},"class_list":["post-800","page","type-page","status-publish","hentry"],"_links":{"self":[{"href":"https:\/\/wp.ufpel.edu.br\/scs\/wp-json\/wp\/v2\/pages\/800","targetHints":{"allow":["GET"]}}],"collection":[{"href":"https:\/\/wp.ufpel.edu.br\/scs\/wp-json\/wp\/v2\/pages"}],"about":[{"href":"https:\/\/wp.ufpel.edu.br\/scs\/wp-json\/wp\/v2\/types\/page"}],"author":[{"embeddable":true,"href":"https:\/\/wp.ufpel.edu.br\/scs\/wp-json\/wp\/v2\/users\/29"}],"replies":[{"embeddable":true,"href":"https:\/\/wp.ufpel.edu.br\/scs\/wp-json\/wp\/v2\/comments?post=800"}],"version-history":[{"count":4,"href":"https:\/\/wp.ufpel.edu.br\/scs\/wp-json\/wp\/v2\/pages\/800\/revisions"}],"predecessor-version":[{"id":802,"href":"https:\/\/wp.ufpel.edu.br\/scs\/wp-json\/wp\/v2\/pages\/800\/revisions\/802"}],"up":[{"embeddable":true,"href":"https:\/\/wp.ufpel.edu.br\/scs\/wp-json\/wp\/v2\/pages\/697"}],"wp:attachment":[{"href":"https:\/\/wp.ufpel.edu.br\/scs\/wp-json\/wp\/v2\/media?parent=800"}],"curies":[{"name":"wp","href":"https:\/\/api.w.org\/{rel}","templated":true}]}}