{"id":789,"date":"2010-09-07T20:20:04","date_gmt":"2010-09-07T22:20:04","guid":{"rendered":"https:\/\/wp.ufpel.edu.br\/scs\/"},"modified":"2026-05-04T15:09:01","modified_gmt":"2026-05-04T18:09:01","slug":"ementas-das-portarias-do-cocepe","status":"publish","type":"page","link":"https:\/\/wp.ufpel.edu.br\/scs\/ementario\/ementas-das-portarias-do-cocepe\/","title":{"rendered":"Ementas das portarias do COCEPE"},"content":{"rendered":"<p><strong>1. Portaria n\u00ba 01\/78<\/strong><br \/>\nConstitui Comiss\u00e3o Especial (trabalhos COPERT).<\/p>\n<p><strong>2. Portaria n\u00ba 02\/78<\/strong><br \/>\nConstitui Comiss\u00e3o Especial (estudo unifica\u00e7\u00e3o de disciplinas b\u00e1sicas do ICH).<\/p>\n<p><strong>3. Portaria n\u00ba 03\/78<\/strong><br \/>\nConstitui Comiss\u00e3o Especial (elabora\u00e7\u00e3o da proposta de lota\u00e7\u00e3o do Magist\u00e9rio na UFPel.<\/p>\n<p><strong>4. Portaria n\u00ba 01\/79<\/strong><br \/>\nDesigna Comiss\u00e3o (Departamento de Nutri\u00e7\u00e3o e Alimentos da FAEM).<\/p>\n<p><strong>5. Portaria n\u00ba 02\/79<\/strong><br \/>\nDesigna o Prof. Sidney Rocha Castro para exercer a Presid\u00eancia do COCEPE.<\/p>\n<p><strong>6. Portaria n\u00ba 03\/79<\/strong><br \/>\nConstitui Comiss\u00e3o Especial (avalia\u00e7\u00e3o do Regimento Geral da UFPel).<\/p>\n<p><strong>7. Portaria n\u00ba 04\/79<\/strong><br \/>\nDeclara eleitos representantes \u00e1reas Ci\u00eancias Biol\u00f3gicas, Ci\u00eancias Humanas, Ci\u00eancias Exatas e Tecnologia e Letras e Artes junto ao COCEPE.<\/p>\n<p><strong>8. Portaria n\u00ba 05\/79<\/strong><br \/>\nDesigna Comiss\u00e3o para apresentar parecer referente ao processo do Departamento de Nutri\u00e7\u00e3o e Alimentos da FAEM.<br \/>\n<strong>9. Portaria n\u00ba 01\/80<\/strong><br \/>\nConstitui Comiss\u00e3o Especial (proceder estudos sobre a Revista da UFPel).<\/p>\n<p><strong>10. Portaria n\u00ba 01\/82<\/strong><br \/>\nDeclara eleitos representantes das \u00e1reas fundamentais da UFPel.<\/p>\n<p><strong>11. Portaria n\u00ba 01\/84<\/strong><br \/>\nConstitui Comiss\u00e3o de Extens\u00e3o do COCEPE.<br \/>\n<strong><br \/>\n12. Portaria n\u00ba 02\/84<\/strong><br \/>\nConstitui Comiss\u00e3o de Gradua\u00e7\u00e3o do COCEPE.<\/p>\n<p><strong>13. Portaria n\u00ba 03\/84<\/strong><br \/>\nConstitui Comiss\u00e3o de Pesquisa e P\u00f3s-Gradua\u00e7\u00e3o do COCEPE.<\/p>\n<p><strong>14. Portaria n\u00ba 04\/84<\/strong><br \/>\nConstitui Comiss\u00e3o de Concursos do COCEPE.<\/p>\n<p><strong>15. Portaria n\u00ba 05\/84<\/strong><br \/>\nAltera a composi\u00e7\u00e3o da Comiss\u00e3o de Concursos do COCEPE.<\/p>\n<p><strong>16. Portaria n\u00ba 01\/85<\/strong><br \/>\nConstitui Comiss\u00e3o de Gradua\u00e7\u00e3o do COCEPE.<\/p>\n<p><strong>17. Portaria n\u00ba 02\/85<\/strong><br \/>\nConstitui Comiss\u00e3o de Extens\u00e3o do COCEPE.<\/p>\n<p><strong>18. Portaria n\u00ba 03\/85<\/strong><br \/>\nConstitui Comiss\u00e3o de P\u00f3s-Gradua\u00e7\u00e3o e Pesquisa do COCEPE.<\/p>\n<p><strong>19. Portaria n\u00ba 04\/85<\/strong><br \/>\nDeclara eleitos representantes da \u00c1rea de Ci\u00eancias da Sa\u00fade e Biol\u00f3gicas junto ao COCEPE.<br \/>\n<strong><br \/>\n20. Portaria n\u00ba 05\/85<\/strong><br \/>\nAltera a composi\u00e7\u00e3o da Comiss\u00e3o de Gradua\u00e7\u00e3o do COCEPE.<\/p>\n<p><strong>21. Portaria n\u00ba 06\/85<\/strong><br \/>\nDeclara eleito representante do COCEPE junto ao CONSUN.<\/p>\n<p><strong>22. Portaria n\u00ba 07\/85<\/strong><br \/>\nDeclara eleitos representantes junto ao COCEPE da \u00e1rea de Ci\u00eancias Humanas.<\/p>\n<p><strong>23. Portaria n\u00ba 08\/85<\/strong><br \/>\nConstitui Comiss\u00e3o de Concursos do COCEPE.<\/p>\n<p>OBS. N\u00e3o consta nos arquivos a Portaria n\u00ba\u00a0 01\/86.<\/p>\n<p><strong>24. Portaria n\u00ba 02\/86<\/strong><br \/>\nComposi\u00e7\u00e3o de mesa eleitoral.<\/p>\n<p><strong>25. Portaria n\u00ba 03\/86<\/strong><br \/>\nDeclara eleitos representantes da \u00c1rea de Ci\u00eancias Agr\u00e1rias junto ao COCEPE.<\/p>\n<p><strong>26. Portaria n\u00ba 04\/86<\/strong><br \/>\nDeclara eleitos representantes da \u00c1res de Letras e Artes junto ao COCEPE.<br \/>\n<strong><br \/>\n27. Portaria n\u00ba 05\/86 <\/strong><br \/>\nConstitui Comiss\u00e3o de Concursos do COCEPE.<\/p>\n<p><strong>28. Portaria n\u00ba 06\/86<\/strong><br \/>\nConstitui Comiss\u00e3o de Gradua\u00e7\u00e3o do COCEPE.<\/p>\n<p><strong>29. Portaria n\u00ba 07\/86<\/strong><br \/>\nConstitui Comiss\u00e3o de Pesquisa e P\u00f3s-Gradua\u00e7\u00e3o do COCEPE.<\/p>\n<p><strong>30. Portaria n\u00ba 08\/86<\/strong><br \/>\nConstitui Comiss\u00e3o de Extens\u00e3o do COCEPE.<\/p>\n<p><strong>31. Portaria n\u00ba 09\/86<\/strong><br \/>\nComposi\u00e7\u00e3o de mesa eleitoral.<\/p>\n<p>OBS. N\u00e3o consta nos arquivos a Portaria n\u00ba 10\/86.<\/p>\n<p><strong>32. Portaria n\u00ba 11\/86<\/strong><br \/>\nDeclara eleitos representantes do COCEPE junto ao CONSUN.<\/p>\n<p><strong>33. Portaria n\u00ba 12\/86<\/strong><br \/>\nConstitui Comiss\u00e3o Especial para parecer sobre a implanta\u00e7\u00e3o do Curso de Bacharelado em Ci\u00eancias Biol\u00f3gicas.<\/p>\n<p><strong>34. Portaria n\u00ba 13\/86<\/strong><br \/>\nConstitui Comiss\u00e3o Especial para estudo e parecer sobre a inplanta\u00e7\u00e3o do Curso de Fisioterapia.<\/p>\n<p><strong>35. Portaria n\u00ba 14\/86<\/strong><br \/>\nConstitui Comiss\u00e3o Especial para avaliar proposta acerca do tempo de perman\u00eancia do discente da UFPel.<\/p>\n<p><strong>36. Portaria n\u00ba 15\/86<\/strong><br \/>\nHomologa resultado elei\u00e7\u00f5es para a \u00c1rea de Ci\u00eancias Exatas e Tecnologia junto ao COCEPE.<\/p>\n<p><strong>37. Portaria n\u00ba 16\/86 <\/strong><br \/>\nDesigna integrante da Comiss\u00e3o de Concursos junto ao COCEPE.<\/p>\n<p><strong>38. Portaria n\u00ba 01\/87<\/strong><br \/>\nDesigna integrante da Comiss\u00e3o de Concursos junto ao COCEPE.<\/p>\n<p><strong>39. Portaria n\u00ba 01\/87<\/strong><br \/>\nConstitui Comiss\u00e3o Especial para elaborarem Normas e Crit\u00e9rios de altera\u00e7\u00e3oa dos Regimes de Trabalho dos Professores de 1\u00ba e 2\u00ba Graus.<\/p>\n<p><strong>40. Portaria n\u00ba 02\/87<\/strong><br \/>\nConstitui Comiss\u00e3o de Extens\u00e3o do COCEPE.<\/p>\n<p><strong>41. Portaria n\u00ba 03\/87<\/strong><br \/>\nConstitui Comiss\u00e3o de Pesquisa e P\u00f3s-Gradua\u00e7\u00e3o do COCEPE.<\/p>\n<p><strong>42. Portaria n\u00ba 04\/87<\/strong><br \/>\nConstitui Comiss\u00e3o de Gradua\u00e7\u00e3o do COCEPE.<\/p>\n<p><strong>43. Portaria n\u00ba 05\/87 <\/strong><br \/>\nAltera o Calend\u00e1rio Escolar do ano Acad\u00eamico de 1987.<\/p>\n<p><strong>44. Portaria n\u00ba 06\/87<\/strong><br \/>\nDesigna Professores e Servidores para comporem Mesa Eleitoral.<\/p>\n<p><strong>45. Portaria n\u00ba 07\/87 <\/strong><br \/>\nDeclara eleito representante da \u00c1rea de Ci\u00eancias Agr\u00e1rias junto ao COCEPE.<\/p>\n<p><strong>46. Portaria n\u00ba 08\/87<\/strong><br \/>\nAltera o Calend\u00e1rio Escolar do ano de 1987.<\/p>\n<p><strong>47. Portaria n\u00ba 09\/87<\/strong><br \/>\nDeclara eleito representante da \u00c1rea de Ci\u00eancias da Sa\u00fade e Biol\u00f3gicas junto ao COCEPE.<\/p>\n<p><strong>48. Portaria n\u00ba 09\/87 &#8211; (repetida)<\/strong><br \/>\nNomeia os representantes da Comiss\u00e3o de Concursos junto ao COCEPE.<\/p>\n<p><strong>49. Portaria n\u00ba 01\/88<\/strong><br \/>\nDesigna Professores para comporem mesa eleitoral.<\/p>\n<p><strong>50. Portaria n\u00ba 02\/88<\/strong><br \/>\nDeclara eleito representante da \u00c1rea de Ci\u00eancias Humanas junto ao COCEPE.<\/p>\n<p><strong>51. Portaria n\u00ba 02\/88 &#8211; (repetida)<\/strong><br \/>\nDeclara eleitos representantes T\u00e9cnico-Administrativo junto ao CONSUN.<\/p>\n<p><strong>52. Portaria n\u00ba 03\/88<\/strong><br \/>\nDesigna Professores e Servidores para comporem mesa eleitoral.<\/p>\n<p><strong>53. Portaria n\u00ba 04\/88<\/strong><br \/>\nDeclara eleitos como representantes da \u00c1rea de Letras e Artes junto ao COCEPE.<\/p>\n<p><strong>54. Portaria n\u00ba 05\/88 <\/strong><br \/>\nDeclara eleitos representantes do COCEPE junto ao CONSUN.<\/p>\n<p><strong>55. Portaria n\u00ba 06\/88<\/strong><br \/>\nAltera o Calend\u00e1rio Escolar do Ano Acad\u00eamico de 1988.<\/p>\n<p>OBS. N\u00e3o consta nos arquivos a Portaria n\u00ba 07\/88.<\/p>\n<p><strong>56. Portaria n\u00ba 08\/88<\/strong><br \/>\nDeclara eleitos representantes da \u00c1rea de Ci\u00eancias Exatas e Tecnologia junto ao COCEPE.<\/p>\n<p><strong>57. Portaria n\u00ba 01\/89<\/strong><br \/>\nConstitui Comiss\u00e3o de Pesquisa e P\u00f3s-Gradua\u00e7\u00e3o junto ao COCEPE.<\/p>\n<p><strong>58. Portaria n\u00ba 02\/89<\/strong><br \/>\nConstitui Comiss\u00e3o de Gradua\u00e7\u00e3o junto ao COCEPE.<\/p>\n<p><strong>59. Portaria n\u00ba 03\/89<\/strong><br \/>\nConstitui Comiss\u00e3o de Extens\u00e3o junto ao COCEPE.<\/p>\n<p><strong>60. Portaria n\u00ba 04\/89<\/strong><br \/>\nDesigna Mesa Eleitoral para escolha dos representantes dos Professores Auxiliares, Assistentes, Adjuntos e Titulares junto ao CONSUN.<\/p>\n<p><strong>61. Portaria n\u00ba 05\/89<\/strong><br \/>\nDeclara eleitos representantes do COCEPE junto ao CONSUN.<\/p>\n<p><strong>62. Portaria n\u00ba 06\/89<\/strong><br \/>\nDesigna servidores e professores para comporem Mesa Eleitoral.<\/p>\n<p><strong>63. Portaria n\u00ba 07\/89<\/strong><br \/>\nDeclara eleitos representantes da \u00c1rea de Ci\u00eancias Agr\u00e1rias junto ao COCEPE.<\/p>\n<p><strong>64. Portaria n\u00ba 08\/89<\/strong><br \/>\nConstitui Mesa Eleitoral.<\/p>\n<p><strong>65. Portaria n\u00ba 09\/89<\/strong><br \/>\nDeclara eleitos representantes da \u00c1rea de Ci\u00eancias da Sa\u00fade e\u00a0 Biol\u00f3gicas junto ao COCEPE<br \/>\n<strong>66. Portaria n\u00ba 10\/89<\/strong><br \/>\nDeclara eleitos representantes do COCEPE junto ao CONSUN.<\/p>\n<p><strong>67. Portaria n\u00ba 11\/89<\/strong><br \/>\nDeclara eleitos representantes do COCEPE junto ao CONSUN.<\/p>\n<p><strong>68. Portaria n\u00ba 12\/89<\/strong><br \/>\nDesigna junta eleitoral com o fim de encaminhar o processo eleitoral dos servidores T\u00e9cnico-Administrativos junto ao CONSUN.<\/p>\n<p><strong>69. Portaria n\u00ba 13\/89<\/strong><br \/>\nDesigna Presidente da Junta Eleitoral mencionada na Portaria 12\/89\/COCEPE.<\/p>\n<p><strong>70. Portaria n\u00ba 14\/89<\/strong><br \/>\nAprova Regimento do Colegiado do Curso de Pedagogia.<\/p>\n<p><strong>71. Portaria n\u00ba\u00a0 01\/90<\/strong><br \/>\nConstitui Mesa Eleitoral objetivando escolha membros do COCEPE.<\/p>\n<p><strong>72. Portaria n\u00ba\u00a0 02\/90 <\/strong><br \/>\nDeclara eleitos representantes \u00c1rea de Ci\u00eancias Exatas e Tecnologia junto ao COCEPE.<\/p>\n<p><strong>73. Portaria n\u00ba 03\/90<\/strong><br \/>\nDeclara eleitos representantes \u00c1rea de Ci\u00eancias Humanas junto ao COCEPE.<\/p>\n<p><strong>74. Portaria n\u00ba 04\/90<\/strong><br \/>\nConstitui Comiss\u00e3o de Concursos do COCEPE.<\/p>\n<p><strong>75. Portaria n\u00ba 05\/90<\/strong><br \/>\nConstitui Comiss\u00e3o de Pesquisa e P\u00f3s-Gradua\u00e7\u00e3o do COCEPE.<\/p>\n<p><strong>76. Portaria n\u00ba 06\/90<\/strong><br \/>\nConstitui Comiss\u00e3o de Extens\u00e3o do COCEPE.<\/p>\n<p><strong>77. Portaria n\u00ba 07\/90<\/strong><br \/>\nDeclara eleitos representantes do COCEPE junto ao CONSUN.<\/p>\n<p><strong>78. Portaria n\u00ba 08\/90 &#8211; VR<\/strong><br \/>\nDesigna Junta Eleitoral para elei\u00e7\u00e3o dos servidores Tecnico-Administrativos junto ao CONSUN.<\/p>\n<p><strong>79. Portaria n\u00ba 09\/90 &#8211; VR<\/strong><br \/>\nDesigna servidora como Presidente da Junta Eleitoral, criada conf. Port. 08\/90-VR.<\/p>\n<p><strong>80. Portaria n\u00ba 10\/90 &#8211; VR<\/strong><br \/>\nDesigna Mesas Eleitorais<\/p>\n<p><strong>81. Portaria n\u00ba 11\/90<\/strong><br \/>\nConstitui Comiss\u00e3o de Gradua\u00e7\u00e3o do COCEPE.<\/p>\n<p><strong>82. Portaria n\u00ba 12\/90<\/strong><br \/>\nConstitui Mesa Eleitoral para elei\u00e7\u00e3o representante \u00c1rea de Letras e Artes junto ao COCEPE.<br \/>\n<strong><br \/>\n83. Portaria n\u00ba 13\/90 <\/strong><br \/>\nDeclara eleitos representantes da \u00c1rea de Letras e Artes junto ao COCEPE.<\/p>\n<p><strong>84. Portaria n\u00ba 14\/90<\/strong><br \/>\nConstitui Comiss\u00e3o Especial para avaliar proposta acerca do tempo de perman\u00eancia do discente da UFPel.<\/p>\n<p><strong>85. Portaria n\u00ba 01\/94 &#8211; VR<\/strong><br \/>\nConstitui Mesa Eleitoral para elei\u00e7\u00e3o objetivando a escolha do representante Titular e Suplente da \u00c1rea de Ci\u00eancias Exatas e Tecnologia do COCEPE.<\/p>\n<p><strong>86. Portaria n\u00ba 01\/97<\/strong><br \/>\nDesigna Comiss\u00e3o Especial para emitir parecer sobre o regime de 40 horas.<\/p>\n<p><strong>87. Portaria n\u00ba 02\/97<\/strong><br \/>\nConstitui Comiss\u00e3o de Pesquisa e P\u00f3s-Gradua\u00e7\u00e3o do COCEPE.<\/p>\n<p><strong>88. Portaria n\u00ba 03\/97<\/strong><br \/>\nConstitui Comiss\u00e3o de Concursos do COCEPE.<br \/>\n<strong>89. Portaria n\u00ba 04\/97<\/strong><br \/>\nConstitui Comiss\u00e3o de Gradua\u00e7\u00e3o do COCEPE.<\/p>\n<p><strong>90. Portaria n\u00ba 05\/97<\/strong><br \/>\nConstitui Comiss\u00e3o de Extens\u00e3o do COCEPE.<\/p>\n<p><strong>91. Portaria n\u00ba 06\/97<\/strong><br \/>\nDesigna o Prof. Cid Nei Avila Macedo como integrante da Comiss\u00e3o de Pesquisa e P\u00f3s-Gradua\u00e7\u00e3o do COCEPE.<\/p>\n<p><strong>92. Portaria n\u00ba 07\/97<\/strong><br \/>\nConstitui Mesa Eleitoral referente a elei\u00e7\u00e3o do representante suplente da \u00c1rea de Ci\u00eancias Agr\u00e1rias do COCEPE.<\/p>\n<p><strong>93. Portaria n\u00ba 08\/97<\/strong><br \/>\nConstitui Comiss\u00e3o Especial para avaliar vagas de docentes na UFPel.<\/p>\n<p><strong>94. Portaria n\u00ba 09\/97<\/strong><br \/>\nAltera composi\u00e7\u00e3o da Comiss\u00e3o Especial &#8211; criada conf. Port. 08\/97.<\/p>\n<p><strong>95. Portaria n\u00ba 10\/97<\/strong><br \/>\nDesigna Comiss\u00e3o Especial para analisar e emitir parecer sobre os processos que tratam de progress\u00e3o funcional docente na UFPel.<\/p>\n<p><strong>96. Portaria n\u00ba 11\/97<\/strong><br \/>\nPermitir a matr\u00edcula de alunos e o inicio das atividades de novos Cursos de P\u00f3s-Gradua\u00e7\u00e3o \u201cStricto Sensu\u201d na UFPel.<\/p>\n<p><strong>97. Portaria n\u00ba\u00a0 01\/98<\/strong><br \/>\nDesignar a Prof\u00aa. Cintia Carla Schwantes, como integrante da Comiss\u00e3o de Pesquisa e P\u00f3s-Gradua\u00e7\u00e3o do COCEPE.<\/p>\n<p><strong>98. Portaria n\u00ba 02\/98<\/strong><br \/>\nConstitui Comiss\u00e3o Especial para estudar as normas para abertura de concurso p\u00fablico para a classe de Professor Titular na UFPel.<\/p>\n<p><strong>99. Portaria n\u00ba 03\/98<\/strong><br \/>\nConstitui as Comiss\u00f5es de Concurso, Gradua\u00e7\u00e3o e Progress\u00e3o Funcional do COCEPE.<\/p>\n<p><strong>100. Portaria n\u00ba\u00a0 04\/98<\/strong><br \/>\nDesigna Comiss\u00e3o Especial para analisar e fornecer subsidios para Aloca\u00e7\u00e3o de Vagas Docentes na UFPel.<\/p>\n<p><strong>101. Portaria n\u00ba 05\/98<\/strong><br \/>\nConstitui Comiss\u00e3o de Extens\u00e3o do COCEPE.<\/p>\n<p><strong>102. Portaria n\u00ba\u00a0 06\/98<\/strong><br \/>\nDesigna, pr\u00f3 tempore, ad referendum do COCEPE, representantes junto ao CONSUN.<\/p>\n<p><strong>103. Portaria n\u00ba\u00a0 07\/98<\/strong><br \/>\nDeclara eleitos representantes do COCEPE junto ao CONSUN.<\/p>\n<p><strong>104. Portaria n\u00ba 01\/99<\/strong><br \/>\nTorna sem efeito a Portaria n\u00ba 10\/97.<\/p>\n<p><strong>105. Portaria n\u00ba 02\/99<\/strong><br \/>\nConstitui Comiss\u00e3o Especial de Aloca\u00e7\u00e3o de Vagas Docentes. Tornar sem efeito a Portaria n\u00ba 04\/98.<\/p>\n<p><strong>106. Portaria n\u00ba 03\/99<\/strong><br \/>\nConstituir as Comiss\u00f5es Permanentes do COCEPE\u00a0\u00a0 \u00a0.<\/p>\n<p><strong>107. Portaria n\u00ba 04\/99<\/strong><br \/>\nAprovar as Normas Gerais dos Cursos de Gradua\u00e7\u00e3o da UFPel.<\/p>\n<p><strong>108. Portaria n\u00ba 05\/99<\/strong><br \/>\nRepresentante do COCEPE junto ao CONSUN.<\/p>\n<p><strong>109. Portaria n\u00ba 06\/99<\/strong><br \/>\nRepresentante Pr\u00f3-Tempore da \u00c1rea de Ci\u00eancias Humanas junto ao COCEPE.<\/p>\n<p><strong>110. Portaria n\u00ba 01\/2000<\/strong><br \/>\nConstituir a Comiss\u00e3o Especial de Aloca\u00e7\u00e3o de Vagas e de Concursos do COCEPE. Tornar sem efeito as Portarias n\u00ba 03\/98 e 02\/99.<\/p>\n<p><strong>111. Portaria n\u00ba 02\/2000<\/strong><br \/>\nConstituir as Comiss\u00f5es Permanentes do COCEPE.<\/p>\n<p><strong>112. Portaria n\u00ba 033\/2000<\/strong><br \/>\nDesignar Pr\u00f3-Tempore o Representante da \u00c1rea de Ci\u00eancias Agr\u00e1rias junto ao COCEPE.<\/p>\n<p><strong>113. Portaria n\u00ba 04\/2000<\/strong><br \/>\nDeclarar eleito Representante do COCEPE junto ao CONSUN.<\/p>\n<p><strong>114. Portaria n\u00ba 05\/2000<\/strong><br \/>\nDesignar Pr\u00f3-Tempore Representante do COCEPE junto \u00e0 CPPD.<\/p>\n<p><strong>115. Portaria n\u00ba 06\/2000<\/strong><br \/>\nDesignar Representante do COCEPE junto \u00e0 CPPD.<\/p>\n<p><strong>116. Portaria n\u00ba 01\/2001<\/strong><br \/>\nConstituir as Comiss\u00f5es Permanentes do COCEPE.<\/p>\n<p><strong>117. Portaria n\u00ba 02\/2001<\/strong><br \/>\nDesignar Pr\u00f3-Tempore a Comiss\u00e3o Especial de Aloca\u00e7\u00e3o de Vagas e de Concursos do COCEPE. Tornar sem efeito a Portaria n\u00ba 01\/2000.<\/p>\n<p><strong>118. Portartia n\u00ba 03\/2001<\/strong><br \/>\nAprovar crit\u00e9rios para distribui\u00e7\u00e3o de Bolsas de Desempenho Acad\u00eamico &#8211; de Ensino, de Extens\u00e3o, de Pesquisa e de Apoio Institucional.<\/p>\n<p><strong>119. Portaria n\u00ba 04\/2001<\/strong><br \/>\nDesignar a Comiss\u00e3o Especial de Aloca\u00e7\u00e3o de Vagas e de Concursos do COCEPE.<\/p>\n<p><strong>120. Portaria n\u00ba 01\/2002<\/strong><br \/>\nRegulamentar os Par\u00e2metros Pesos e Pontua\u00e7\u00f5es para julgamento de t\u00edtulos em Concursos para a Classe de Professor Adjunto.<\/p>\n<p><strong>121. Portaria n\u00ba 02\/2002<\/strong><br \/>\nRegulamentar Crit\u00e9rios para Avalia\u00e7\u00e3o da Prova Did\u00e1tica e Escrita em Concurso P\u00fablico da Classe Docente.<\/p>\n<p><strong>122. Portaria n\u00ba 03\/2002<\/strong><br \/>\nRegulamentar os Par\u00e2metros\u00a0 Peso e Pontua\u00e7\u00f5es para julgamento de T\u00edtulos em Concurso para a Classe de Professor Titular.<\/p>\n<p><strong>123. Portaria n\u00ba 04\/2002<\/strong><br \/>\nConstituir a Comiss\u00e3o Especial para Analisar proposta referente a Est\u00e1gio Probat\u00f3rio na UFPel.<br \/>\n<strong><br \/>\n134. Portaria n\u00ba 05\/2002<\/strong><br \/>\nConstituir Comiss\u00e3o Especial para Analisar a Proposta referente \u00e0s Altera\u00e7\u00f5es Curriculares dos Cursos de Gradua\u00e7\u00e3o da UFPel.<\/p>\n<p><strong>135. Portaria n\u00ba 06\/2002<\/strong><br \/>\nRegulamentar os Par\u00e2metros Peso e Pontua\u00e7\u00f5es para julgamento de t\u00edtulos em concursos para a classe de Professor Assistente.<\/p>\n<p><strong>136.Portaria n\u00ba 07\/2002<\/strong><br \/>\nRepresentantes do COCEPE junto ao CONSUN.<\/p>\n<p><strong>137. Portaria n\u00ba 08\/2002<\/strong><br \/>\nRepresentante do COCEPE junto \u00e0 CPPD.<\/p>\n<p><strong>138. Portaria n\u00ba 09\/2002<\/strong><br \/>\nConstituir a s Comiss\u00f5es Permanentes do COCEPE.<\/p>\n<p><strong>139. Portaria n\u00ba 01\/2003<\/strong><br \/>\nDesignar substituta de Conselheira Neuza Maria Leite Rodrigues F\u00e9lix na Comiss\u00e3o de Gradua\u00e7\u00e3o do COCEPE.<\/p>\n<p>&nbsp;<\/p>\n","protected":false},"excerpt":{"rendered":"<p>1. Portaria n\u00ba 01\/78 Constitui Comiss\u00e3o Especial (trabalhos COPERT). 2. Portaria n\u00ba 02\/78 Constitui Comiss\u00e3o Especial (estudo unifica\u00e7\u00e3o de disciplinas b\u00e1sicas do ICH). 3. Portaria n\u00ba 03\/78 Constitui Comiss\u00e3o Especial (elabora\u00e7\u00e3o da proposta de lota\u00e7\u00e3o do Magist\u00e9rio na UFPel. 4. Portaria n\u00ba 01\/79 Designa Comiss\u00e3o (Departamento de Nutri\u00e7\u00e3o e Alimentos da FAEM). 5. Portaria n\u00ba [&hellip;]<\/p>\n","protected":false},"author":29,"featured_media":0,"parent":697,"menu_order":6,"comment_status":"closed","ping_status":"closed","template":"","meta":{"footnotes":""},"class_list":["post-789","page","type-page","status-publish","hentry"],"_links":{"self":[{"href":"https:\/\/wp.ufpel.edu.br\/scs\/wp-json\/wp\/v2\/pages\/789","targetHints":{"allow":["GET"]}}],"collection":[{"href":"https:\/\/wp.ufpel.edu.br\/scs\/wp-json\/wp\/v2\/pages"}],"about":[{"href":"https:\/\/wp.ufpel.edu.br\/scs\/wp-json\/wp\/v2\/types\/page"}],"author":[{"embeddable":true,"href":"https:\/\/wp.ufpel.edu.br\/scs\/wp-json\/wp\/v2\/users\/29"}],"replies":[{"embeddable":true,"href":"https:\/\/wp.ufpel.edu.br\/scs\/wp-json\/wp\/v2\/comments?post=789"}],"version-history":[{"count":3,"href":"https:\/\/wp.ufpel.edu.br\/scs\/wp-json\/wp\/v2\/pages\/789\/revisions"}],"predecessor-version":[{"id":10584,"href":"https:\/\/wp.ufpel.edu.br\/scs\/wp-json\/wp\/v2\/pages\/789\/revisions\/10584"}],"up":[{"embeddable":true,"href":"https:\/\/wp.ufpel.edu.br\/scs\/wp-json\/wp\/v2\/pages\/697"}],"wp:attachment":[{"href":"https:\/\/wp.ufpel.edu.br\/scs\/wp-json\/wp\/v2\/media?parent=789"}],"curies":[{"name":"wp","href":"https:\/\/api.w.org\/{rel}","templated":true}]}}