{"id":7347,"date":"2022-05-04T10:21:41","date_gmt":"2022-05-04T13:21:41","guid":{"rendered":"https:\/\/wp.ufpel.edu.br\/scs\/?page_id=7347"},"modified":"2024-09-13T12:14:09","modified_gmt":"2024-09-13T15:14:09","slug":"comendas-concedidas-pela-ufpel","status":"publish","type":"page","link":"https:\/\/wp.ufpel.edu.br\/scs\/consun\/comendas-concedidas-pela-ufpel\/","title":{"rendered":"COMENDAS CONCEDIDAS PELA UFPEL"},"content":{"rendered":"<p>Rela\u00e7\u00e3o de agraciados com a concess\u00e3o de Comendas pela Universidade Federal de Pelotas:<\/p>\n<ul>\n<li>Em atualiza\u00e7\u00e3o<\/li>\n<\/ul>\n","protected":false},"excerpt":{"rendered":"<p>Rela\u00e7\u00e3o de agraciados com a concess\u00e3o de Comendas pela Universidade Federal de Pelotas: Em atualiza\u00e7\u00e3o<\/p>\n","protected":false},"author":29,"featured_media":0,"parent":369,"menu_order":0,"comment_status":"closed","ping_status":"closed","template":"","meta":{"footnotes":""},"class_list":["post-7347","page","type-page","status-publish","hentry"],"_links":{"self":[{"href":"https:\/\/wp.ufpel.edu.br\/scs\/wp-json\/wp\/v2\/pages\/7347","targetHints":{"allow":["GET"]}}],"collection":[{"href":"https:\/\/wp.ufpel.edu.br\/scs\/wp-json\/wp\/v2\/pages"}],"about":[{"href":"https:\/\/wp.ufpel.edu.br\/scs\/wp-json\/wp\/v2\/types\/page"}],"author":[{"embeddable":true,"href":"https:\/\/wp.ufpel.edu.br\/scs\/wp-json\/wp\/v2\/users\/29"}],"replies":[{"embeddable":true,"href":"https:\/\/wp.ufpel.edu.br\/scs\/wp-json\/wp\/v2\/comments?post=7347"}],"version-history":[{"count":7,"href":"https:\/\/wp.ufpel.edu.br\/scs\/wp-json\/wp\/v2\/pages\/7347\/revisions"}],"predecessor-version":[{"id":9425,"href":"https:\/\/wp.ufpel.edu.br\/scs\/wp-json\/wp\/v2\/pages\/7347\/revisions\/9425"}],"up":[{"embeddable":true,"href":"https:\/\/wp.ufpel.edu.br\/scs\/wp-json\/wp\/v2\/pages\/369"}],"wp:attachment":[{"href":"https:\/\/wp.ufpel.edu.br\/scs\/wp-json\/wp\/v2\/media?parent=7347"}],"curies":[{"name":"wp","href":"https:\/\/api.w.org\/{rel}","templated":true}]}}