{"id":7306,"date":"2022-04-26T11:26:02","date_gmt":"2022-04-26T14:26:02","guid":{"rendered":"https:\/\/wp.ufpel.edu.br\/scs\/?page_id=7306"},"modified":"2023-06-23T14:33:12","modified_gmt":"2023-06-23T17:33:12","slug":"2022-atas-condir","status":"publish","type":"page","link":"https:\/\/wp.ufpel.edu.br\/scs\/condir\/atas\/2022-atas-condir\/","title":{"rendered":"2022 Atas CONDIR"},"content":{"rendered":"<p><a href=\"https:\/\/wp.ufpel.edu.br\/scs\/files\/2023\/06\/SEI_UFPel-1725016-Ata-de-Reuniao-01.2022-CONDIR.pdf\">Ata 01.2022 CONDIR Reuni\u00e3o de 02 de junho de 2022<\/a><\/p>\n<p><a href=\"https:\/\/wp.ufpel.edu.br\/scs\/files\/2023\/06\/SEI_UFPel-1979367-Ata-de-Reuniao-02.2022-CONDIR.pdf\">Ata 02.2022 CONDIR Reuni\u00e3o de 08 de dezembro de 2022<\/a><\/p>\n<p><a href=\"https:\/\/wp.ufpel.edu.br\/scs\/files\/2023\/06\/Ata-03.2022-CONDIR.pdf\">Ata 03.2022 CONDIR Reuni\u00e3o de 13 de dezembro de 2022<\/a><\/p>\n<p>&nbsp;<\/p>\n","protected":false},"excerpt":{"rendered":"<p>Ata 01.2022 CONDIR Reuni\u00e3o de 02 de junho de 2022 Ata 02.2022 CONDIR Reuni\u00e3o de 08 de dezembro de 2022 Ata 03.2022 CONDIR Reuni\u00e3o de 13 de dezembro de 2022 &nbsp;<\/p>\n","protected":false},"author":29,"featured_media":0,"parent":1931,"menu_order":0,"comment_status":"closed","ping_status":"closed","template":"","meta":{"footnotes":""},"class_list":["post-7306","page","type-page","status-publish","hentry"],"_links":{"self":[{"href":"https:\/\/wp.ufpel.edu.br\/scs\/wp-json\/wp\/v2\/pages\/7306","targetHints":{"allow":["GET"]}}],"collection":[{"href":"https:\/\/wp.ufpel.edu.br\/scs\/wp-json\/wp\/v2\/pages"}],"about":[{"href":"https:\/\/wp.ufpel.edu.br\/scs\/wp-json\/wp\/v2\/types\/page"}],"author":[{"embeddable":true,"href":"https:\/\/wp.ufpel.edu.br\/scs\/wp-json\/wp\/v2\/users\/29"}],"replies":[{"embeddable":true,"href":"https:\/\/wp.ufpel.edu.br\/scs\/wp-json\/wp\/v2\/comments?post=7306"}],"version-history":[{"count":5,"href":"https:\/\/wp.ufpel.edu.br\/scs\/wp-json\/wp\/v2\/pages\/7306\/revisions"}],"predecessor-version":[{"id":8511,"href":"https:\/\/wp.ufpel.edu.br\/scs\/wp-json\/wp\/v2\/pages\/7306\/revisions\/8511"}],"up":[{"embeddable":true,"href":"https:\/\/wp.ufpel.edu.br\/scs\/wp-json\/wp\/v2\/pages\/1931"}],"wp:attachment":[{"href":"https:\/\/wp.ufpel.edu.br\/scs\/wp-json\/wp\/v2\/media?parent=7306"}],"curies":[{"name":"wp","href":"https:\/\/api.w.org\/{rel}","templated":true}]}}