{"id":7159,"date":"2022-01-03T15:18:12","date_gmt":"2022-01-03T18:18:12","guid":{"rendered":"https:\/\/wp.ufpel.edu.br\/scs\/?page_id=7159"},"modified":"2023-03-21T11:52:52","modified_gmt":"2023-03-21T14:52:52","slug":"atas-consun-2o22","status":"publish","type":"page","link":"https:\/\/wp.ufpel.edu.br\/scs\/consun\/atas\/atas-consun-2o22\/","title":{"rendered":"Atas CONSUN 2O22"},"content":{"rendered":"<p><a href=\"https:\/\/wp.ufpel.edu.br\/scs\/files\/2022\/07\/Ata-01.2022.pdf\">Ata 01.2022<\/a>\u00a0&#8211; Reuni\u00e3o de 12\u00a0 de abril de 2022<\/p>\n<p><a href=\"https:\/\/wp.ufpel.edu.br\/scs\/files\/2022\/07\/Ata-02.2022.pdf\">Ata 02.2022<\/a>\u00a0&#8211; Reuni\u00e3o de 07 de junho de 2022<\/p>\n<p><a href=\"https:\/\/wp.ufpel.edu.br\/scs\/files\/2022\/09\/SEI_UFPel-1779702-Ata-de-Reuniao-03.2022-CONSUN.pdf\">Ata 03.2022<\/a>\u00a0&#8211; Reuni\u00e3o de 05, 06 e 12 de julho de 2022<\/p>\n<p><a href=\"https:\/\/wp.ufpel.edu.br\/scs\/files\/2023\/02\/Ata-conjunta.pdf\">Ata conjunta<\/a> &#8211; Reuni\u00e3o de Outorga de T\u00edtulo<\/p>\n<p><a href=\"https:\/\/wp.ufpel.edu.br\/scs\/files\/2023\/03\/SEI_UFPel-2090697-Ata-de-Reuniao-04.2022-CONSUN.pdf\">Ata 04.2022<\/a> &#8211; Reuni\u00e3o de 06 de setembro de 2022 (desdobramento em\u00a0 16\/09\/22)<\/p>\n<p><a href=\"https:\/\/wp.ufpel.edu.br\/scs\/files\/2023\/03\/SEI_UFPel-1885974-Ata-de-Reuniao-05.2022-CONSUN.pdf\">Ata 05.2022<\/a>\u00a0&#8211; Reuni\u00e3o 16 de setembro de 2022<\/p>\n","protected":false},"excerpt":{"rendered":"<p>Ata 01.2022\u00a0&#8211; Reuni\u00e3o de 12\u00a0 de abril de 2022 Ata 02.2022\u00a0&#8211; Reuni\u00e3o de 07 de junho de 2022 Ata 03.2022\u00a0&#8211; Reuni\u00e3o de 05, 06 e 12 de julho de 2022 Ata conjunta &#8211; Reuni\u00e3o de Outorga de T\u00edtulo Ata 04.2022 &#8211; Reuni\u00e3o de 06 de setembro de 2022 (desdobramento em\u00a0 16\/09\/22) Ata 05.2022\u00a0&#8211; Reuni\u00e3o 16 [&hellip;]<\/p>\n","protected":false},"author":29,"featured_media":0,"parent":1479,"menu_order":0,"comment_status":"closed","ping_status":"closed","template":"","meta":{"footnotes":""},"class_list":["post-7159","page","type-page","status-publish","hentry"],"_links":{"self":[{"href":"https:\/\/wp.ufpel.edu.br\/scs\/wp-json\/wp\/v2\/pages\/7159","targetHints":{"allow":["GET"]}}],"collection":[{"href":"https:\/\/wp.ufpel.edu.br\/scs\/wp-json\/wp\/v2\/pages"}],"about":[{"href":"https:\/\/wp.ufpel.edu.br\/scs\/wp-json\/wp\/v2\/types\/page"}],"author":[{"embeddable":true,"href":"https:\/\/wp.ufpel.edu.br\/scs\/wp-json\/wp\/v2\/users\/29"}],"replies":[{"embeddable":true,"href":"https:\/\/wp.ufpel.edu.br\/scs\/wp-json\/wp\/v2\/comments?post=7159"}],"version-history":[{"count":14,"href":"https:\/\/wp.ufpel.edu.br\/scs\/wp-json\/wp\/v2\/pages\/7159\/revisions"}],"predecessor-version":[{"id":8246,"href":"https:\/\/wp.ufpel.edu.br\/scs\/wp-json\/wp\/v2\/pages\/7159\/revisions\/8246"}],"up":[{"embeddable":true,"href":"https:\/\/wp.ufpel.edu.br\/scs\/wp-json\/wp\/v2\/pages\/1479"}],"wp:attachment":[{"href":"https:\/\/wp.ufpel.edu.br\/scs\/wp-json\/wp\/v2\/media?parent=7159"}],"curies":[{"name":"wp","href":"https:\/\/api.w.org\/{rel}","templated":true}]}}