{"id":7129,"date":"2021-12-30T13:18:53","date_gmt":"2021-12-30T16:18:53","guid":{"rendered":"https:\/\/wp.ufpel.edu.br\/scs\/?page_id=7129"},"modified":"2026-01-22T09:01:03","modified_gmt":"2026-01-22T12:01:03","slug":"2022-pareceres-normativos-cocepe","status":"publish","type":"page","link":"https:\/\/wp.ufpel.edu.br\/scs\/parecer-normativo\/2022-pareceres-normativos-cocepe\/","title":{"rendered":"2022"},"content":{"rendered":"<p>PARECER NORMATIVO N\u00ba 63, DE 29 DE MAR\u00c7O DE 2022 \u2013 <a href=\"https:\/\/wp.ufpel.edu.br\/scs\/files\/2022\/04\/SEI_UFPel-1649623-Parecer-Normativo-COCEPE.pdf\">Altera texto do Parecer Normativo n\u00ba 62, de 22\/12\/2021, Art. 32, inciso IV, al\u00ednea &#8220;c&#8221;.<\/a><\/p>\n<p>PARECER NORMATIVO N\u00ba 64, DE 07 DE ABRIL DE 2022 \u2013 <a href=\"https:\/\/wp.ufpel.edu.br\/scs\/files\/2022\/04\/SEI_UFPel-1654866-Parecer-Normativo-COCEPE.pdf\">Aprova Regimento do Programa de P\u00f3s-Gradua\u00e7\u00e3o em Biodiversidade Animal <\/a><em><strong>(Revogado pelo PN 138\/2025)<\/strong><\/em><\/p>\n<p class=\"Texto_Centralizado_Maiusculas_Negrito\">PARECER NORMATIVO N\u00ba 65, DE 14 DE ABRIL DE 2022 &#8211; <a href=\"https:\/\/wp.ufpel.edu.br\/scs\/files\/2022\/04\/SEI_UFPel-1663961-Parecer-Normativo-COCEPE.pdf\">Aprova\u00a0quadro de vagas remanescentes para ingresso nos cursos de gradua\u00e7\u00e3o atrav\u00e9s das modalidades de transfer\u00eancia, reop\u00e7\u00e3o, reingresso e portador de diploma de curso superior no primeiro semestre de 2022 (2022\/1).<\/a><\/p>\n<p class=\"Texto_Centralizado_Maiusculas_Negrito\">PARECER NORMATIVO N\u00ba 66, DE 14 DE ABRIL DE 2022 &#8211; <a href=\"https:\/\/wp.ufpel.edu.br\/scs\/files\/2022\/04\/SEI_UFPel-1663983-Parecer-Normativo-COCEPE.pdf\">Aprova as ofertas de vagas para o segundo semestre de 2022 dos Cursos UAB\/UFPel, referentes ao Edital CAPES 09\/2022.<\/a><\/p>\n<p>PARECER NORMATIVO N\u00ba 67 &#8211; <a href=\"https:\/\/wp.ufpel.edu.br\/scs\/files\/2022\/07\/Parecer-Normativo-67.2022.pdf\">Aprova o Regimento da Especializa\u00e7\u00e3o em Ensino de Filosofia.<\/a><\/p>\n<p>PARECER NORMATIVO N\u00ba 68 &#8211; <a href=\"https:\/\/wp.ufpel.edu.br\/scs\/files\/2022\/07\/Parecer-Normativo-68.2022.pdf\">Aprova o Regimento do PPG em Filosofia.<\/a><\/p>\n<p>PARECER NORMATIVO N\u00ba 69 &#8211; <a href=\"https:\/\/wp.ufpel.edu.br\/scs\/files\/2022\/07\/Parecer-Normativo-69.2022.pdf\">Aprova o Regimento Interno do Curso de Gest\u00e3o P\u00fablica.<\/a><\/p>\n<p>PARECER NORMATIVO N\u00ba 70, DE 30 DE JUNHO DE 2022 &#8211; <a href=\"https:\/\/wp.ufpel.edu.br\/scs\/files\/2022\/07\/Parecer-Normativo-70.2022.pdf\">Aprova o Quadro de\u00a0Oferta de vagas para ingresso nos Cursos presenciais de Gradua\u00e7\u00e3o\u00a0da UFPel, para o ano de 2023<\/a><\/p>\n<p>PARECER NORMATIVO N\u00ba 71, DE 30 DE JUNHO DE 2022 &#8211; <a href=\"https:\/\/wp.ufpel.edu.br\/scs\/files\/2022\/07\/Parecer-Normativo-71.2022.pdf\">Aprova\u00a0redu\u00e7\u00e3o de oferta de vagas, para ingresso em 2023\/01\u00a0no\u00a0Curso de Dan\u00e7a\/CA.<\/a><\/p>\n<p>PARECER NORMATIVO N\u00ba 72, DE 30 DE JUNHO DE 2022 &#8211; <a href=\"https:\/\/wp.ufpel.edu.br\/scs\/files\/2022\/07\/Parecer-Normativo-72.2022.pdf\">Aprova Redu\u00e7\u00e3o de Vagas para o Curso de Odontologia 2023\/1.<\/a><\/p>\n<p>PARECER NORMATIVO N\u00ba 73, DE 30 DE JUNHO DE 2022 &#8211; <a href=\"https:\/\/wp.ufpel.edu.br\/scs\/files\/2022\/07\/Parecer-Normativo-73.2022.pdf\">Aprova a Redu\u00e7\u00e3o de vagas para o Curso de Gest\u00e3o Ambiental, 2023\/1.<\/a><\/p>\n<p>PARECER NORMATIVO N\u00ba 74, DE 30 DE JUNHO DE 2022 &#8211; <a href=\"https:\/\/wp.ufpel.edu.br\/scs\/files\/2022\/07\/Parecer-Normativo-COCEPE-74.2022.pdf\">Aprova\u00a0amplia\u00e7\u00e3o\u00a0do n\u00famero de vagas para do Curso de Ci\u00eancias Biol\u00f3gicas &#8211; Licenciatura,\u00a0para a oferta de 40 vagas para\u00a0ingressos\u00a0via Programa Nacional de Forma\u00e7\u00e3o de Professores da Educa\u00e7\u00e3o B\u00e1sica &#8211; PARFOR\u200b<\/a><\/p>\n<p>PARECER NORMATIVO N\u00ba 75, DE 28 DE JULHO DE 2022 &#8211; <a href=\"https:\/\/wp.ufpel.edu.br\/scs\/files\/2022\/08\/SEI_UFPel-1800803-Parecer-Normativo-COCEPE-75.2022.pdf\">Aprova o Regimento do Colegiado do Curso Superior de Tecnologia em Processos Gerenciais da UFPel.<\/a><\/p>\n<p>PARECER NORMATIVO N\u00ba 76, DE 28 DE JULHO DE 2022 &#8211; <a href=\"https:\/\/wp.ufpel.edu.br\/scs\/files\/2022\/08\/SEI_UFPel-1800952-Parecer-Normativo-COCEPE-76.2022.pdf\">Aprova o Regimento do Curso de Engenharia de Petr\u00f3leo da UFPel.<\/a><\/p>\n<p>PARECER NORMATIVO N\u00ba 77, DE 01 DE SETEMBRO DE 2022 &#8211; <a href=\"https:\/\/wp.ufpel.edu.br\/scs\/files\/2022\/09\/SEI_UFPel-1848943-Parecer-Normativo-COCEPE-77.2022.pdf\">Aprova o Regimento do Programa de P\u00f3s-Gradua\u00e7\u00e3o em Fitossanidade da UFPel.\u200b<\/a><\/p>\n<p>PARECER NORMATIVO N\u00ba 78, DE 01 DE SETEMBRO DE 2022 &#8211; <a href=\"https:\/\/wp.ufpel.edu.br\/scs\/files\/2022\/09\/SEI_UFPel-1849517-Parecer-Normativo-COCEPE-78.2022.pdf\">Aprova o\u00a0Regimento do Programa de P\u00f3s-Gradua\u00e7\u00e3o em Enfermagem\u00a0da UFPel.<\/a><\/p>\n<p>PARECER NORMATIVO N\u00ba 79, DE 01 DE SETEMBRO DE 2022 &#8211; <a href=\"https:\/\/wp.ufpel.edu.br\/scs\/files\/2022\/09\/SEI_UFPel-1850011-Parecer-Normativo-COCEPE-79.2022.pdf\">Aprova\u00a0o Regimento do Programa de P\u00f3s-Gradua\u00e7\u00e3o em Hist\u00f3ria da UFPel.<\/a><\/p>\n<p>PARECER NORMATIVO N\u00ba 80, DE 16 DE SETEMBRO DE 2022 &#8211; <a href=\"https:\/\/wp.ufpel.edu.br\/scs\/files\/2022\/09\/SEI_UFPel-1865207-Parecer-Normativo-COCEPE-80.2022.pdf\">Aprova\u00a0o Regimento do Curso de P\u00f3s-Gradua\u00e7\u00e3o\u00a0<em>lato sensu\u00a0<\/em>Especializa\u00e7\u00e3o em Artes, na modalidade a dist\u00e2ncia\/CA<\/a><\/p>\n<p>PARECER NORMATIVO N\u00ba 81, DE 15 DE SETEMBRO DE 2022 &#8211; <a href=\"https:\/\/wp.ufpel.edu.br\/scs\/files\/2022\/09\/Parecer-Normativo-no-81.pdf\">Aprova Regulamento do Curso de Especializa\u00e7\u00e3o em Gest\u00e3o para a Sustentabilidade\/CIM<\/a><\/p>\n<p>PARECER NORMATIVO N\u00ba 82, DE 29 DE SETEMBRO DE 2022 &#8211; <a href=\"https:\/\/wp.ufpel.edu.br\/scs\/files\/2023\/07\/SEI_UFPel-1884163-Parecer-Normativo-COCEPE-82.2022.pdf\">Revoga o Parecer Normativo n\u00ba 48\/2021<\/a><\/p>\n<p>PARECER NORMATIVO N\u00ba 83, DE 07 DE OUTUBRO DE 2022 &#8211; <a href=\"https:\/\/wp.ufpel.edu.br\/scs\/files\/2022\/10\/Parecer-Normativo-COCEPE-83.2022.pdf\">Regulamenta a Pol\u00edtica de Atualiza\u00e7\u00e3o, Manuten\u00e7\u00e3o, Conserva\u00e7\u00e3o e\u00a0Desbaste do acervo das Bibliotecas da Universidade Federal de Pelotas.\u00a0Revoga o Parecer Normativo n\u00ba 01, de 12 de setembro de 2019.<\/a><\/p>\n<p>PARECER NORMATIVO N\u00ba 84, DE 27 DE OUTUBRO DE 2022 &#8211; <a href=\"https:\/\/wp.ufpel.edu.br\/scs\/files\/2022\/11\/SEI_UFPel-1920844-Parecer-Normativo-COCEPE-84.2022.pdf\">Aprova\u00a0o Regimento Interno da COREMU e dos Programas de Resid\u00eancia Multiprofissional e Resid\u00eancia em \u00e1rea Profissional da Sa\u00fade.<\/a><\/p>\n<p>PARECER NORMATIVO N\u00ba 85, DE 27 DE OUTUBRO DE 2022 &#8211; <a href=\"https:\/\/wp.ufpel.edu.br\/scs\/files\/2022\/11\/SEI_UFPel-1939543-Parecer-Normativo-COCEPE.pdf\">Aprova o Regimento Interno do Curso de Com\u00e9rcio Exterior &#8211; COMEX<\/a><\/p>\n<p>PARECER NORMATIVO N\u00ba 86, DE 18 DE DEZEMRO DE 2022 &#8211; <a href=\"https:\/\/wp.ufpel.edu.br\/scs\/files\/2022\/12\/Parecer-Normativo-no-86.pdf\">Aprova quadro de vagas para ingresso em Cursos de Gradua\u00e7\u00e3o da UFPel para o ano de 2023.<\/a><\/p>\n<p><a href=\"https:\/\/wp.ufpel.edu.br\/scs\/files\/2022\/12\/Anexo-Parecer-Normativo-no-86.pdf\">Anexo Parecer Normativo n\u00ba 86<\/a><\/p>\n","protected":false},"excerpt":{"rendered":"<p>PARECER NORMATIVO N\u00ba 63, DE 29 DE MAR\u00c7O DE 2022 \u2013 Altera texto do Parecer Normativo n\u00ba 62, de 22\/12\/2021, Art. 32, inciso IV, al\u00ednea &#8220;c&#8221;. PARECER NORMATIVO N\u00ba 64, DE 07 DE ABRIL DE 2022 \u2013 Aprova Regimento do Programa de P\u00f3s-Gradua\u00e7\u00e3o em Biodiversidade Animal (Revogado pelo PN 138\/2025) PARECER NORMATIVO N\u00ba 65, DE [&hellip;]<\/p>\n","protected":false},"author":29,"featured_media":0,"parent":5389,"menu_order":0,"comment_status":"closed","ping_status":"closed","template":"","meta":{"footnotes":""},"class_list":["post-7129","page","type-page","status-publish","hentry"],"_links":{"self":[{"href":"https:\/\/wp.ufpel.edu.br\/scs\/wp-json\/wp\/v2\/pages\/7129","targetHints":{"allow":["GET"]}}],"collection":[{"href":"https:\/\/wp.ufpel.edu.br\/scs\/wp-json\/wp\/v2\/pages"}],"about":[{"href":"https:\/\/wp.ufpel.edu.br\/scs\/wp-json\/wp\/v2\/types\/page"}],"author":[{"embeddable":true,"href":"https:\/\/wp.ufpel.edu.br\/scs\/wp-json\/wp\/v2\/users\/29"}],"replies":[{"embeddable":true,"href":"https:\/\/wp.ufpel.edu.br\/scs\/wp-json\/wp\/v2\/comments?post=7129"}],"version-history":[{"count":4,"href":"https:\/\/wp.ufpel.edu.br\/scs\/wp-json\/wp\/v2\/pages\/7129\/revisions"}],"predecessor-version":[{"id":10400,"href":"https:\/\/wp.ufpel.edu.br\/scs\/wp-json\/wp\/v2\/pages\/7129\/revisions\/10400"}],"up":[{"embeddable":true,"href":"https:\/\/wp.ufpel.edu.br\/scs\/wp-json\/wp\/v2\/pages\/5389"}],"wp:attachment":[{"href":"https:\/\/wp.ufpel.edu.br\/scs\/wp-json\/wp\/v2\/media?parent=7129"}],"curies":[{"name":"wp","href":"https:\/\/api.w.org\/{rel}","templated":true}]}}