{"id":7063,"date":"2021-12-02T16:19:15","date_gmt":"2021-12-02T19:19:15","guid":{"rendered":"https:\/\/wp.ufpel.edu.br\/scs\/?page_id=7063"},"modified":"2021-12-02T16:19:22","modified_gmt":"2021-12-02T19:19:22","slug":"regimento-cocepe","status":"publish","type":"page","link":"https:\/\/wp.ufpel.edu.br\/scs\/regimento-cocepe\/","title":{"rendered":"Regimento do COCEPE"},"content":{"rendered":"<p><a href=\"https:\/\/wp.ufpel.edu.br\/scs\/files\/2021\/12\/SEI_Resolucao-17.2018-Reg.-COCEPE.pdf\">Regimento Interno do Conselho Coordenador do Ensino da Pesquisa e da Extens\u00e3o da Universidade Federal de Pelotas &#8211; COCEPE &#8211; RESOLU\u00c7\u00c3O 17\/2018 CONSUN\/UFPel<\/a><\/p>\n","protected":false},"excerpt":{"rendered":"<p>Regimento Interno do Conselho Coordenador do Ensino da Pesquisa e da Extens\u00e3o da Universidade Federal de Pelotas &#8211; COCEPE &#8211; RESOLU\u00c7\u00c3O 17\/2018 CONSUN\/UFPel<\/p>\n","protected":false},"author":29,"featured_media":0,"parent":0,"menu_order":0,"comment_status":"closed","ping_status":"closed","template":"","meta":{"footnotes":""},"class_list":["post-7063","page","type-page","status-publish","hentry"],"_links":{"self":[{"href":"https:\/\/wp.ufpel.edu.br\/scs\/wp-json\/wp\/v2\/pages\/7063","targetHints":{"allow":["GET"]}}],"collection":[{"href":"https:\/\/wp.ufpel.edu.br\/scs\/wp-json\/wp\/v2\/pages"}],"about":[{"href":"https:\/\/wp.ufpel.edu.br\/scs\/wp-json\/wp\/v2\/types\/page"}],"author":[{"embeddable":true,"href":"https:\/\/wp.ufpel.edu.br\/scs\/wp-json\/wp\/v2\/users\/29"}],"replies":[{"embeddable":true,"href":"https:\/\/wp.ufpel.edu.br\/scs\/wp-json\/wp\/v2\/comments?post=7063"}],"version-history":[{"count":2,"href":"https:\/\/wp.ufpel.edu.br\/scs\/wp-json\/wp\/v2\/pages\/7063\/revisions"}],"predecessor-version":[{"id":7067,"href":"https:\/\/wp.ufpel.edu.br\/scs\/wp-json\/wp\/v2\/pages\/7063\/revisions\/7067"}],"wp:attachment":[{"href":"https:\/\/wp.ufpel.edu.br\/scs\/wp-json\/wp\/v2\/media?parent=7063"}],"curies":[{"name":"wp","href":"https:\/\/api.w.org\/{rel}","templated":true}]}}