{"id":693,"date":"2010-08-16T23:09:46","date_gmt":"2010-08-17T01:09:46","guid":{"rendered":"https:\/\/wp.ufpel.edu.br\/scs\/"},"modified":"2025-11-15T09:17:26","modified_gmt":"2025-11-15T12:17:26","slug":"estatuto","status":"publish","type":"page","link":"https:\/\/wp.ufpel.edu.br\/scs\/estatuto\/","title":{"rendered":"Estatuto"},"content":{"rendered":"<p>&nbsp;<\/p>\n<p><a href=\"https:\/\/wp.ufpel.edu.br\/scs\/files\/2025\/11\/2025.11_TEXTO_FINAL_CONSOLIDADO_ESTATUTO_UFPEL.pdf\"><strong>ESTATUTO da UFPel CONSOLIDADO<\/strong> &#8211; Texto vigente atualizado<span style=\"font-size: 10pt;\"> (novembro\/2025)<\/span>.<\/a><\/p>\n<p><span style=\"font-size: 10pt;\">.<\/span><a href=\"https:\/\/wp.ufpel.edu.br\/scs\/files\/2025\/11\/00-ESTATUTO-CONSOLIDADO-DOCUMENTO-3-VERSAO-CRONOLOGICA-FINAL-13.11.2025-Res.-121-2025.pdf\"><strong>ESTATUTO da UFPel CONSOLIDADO<\/strong> <span style=\"font-size: 10pt;\">&#8211; Vers\u00e3o Cronol\u00f3gica<\/span><\/a><\/p>\n<p>&nbsp;<\/p>\n<ul>\n<li><em>Vers\u00f5es anteriores que n\u00e3o cont\u00e9m todas as altera\u00e7\u00f5es implementadas no Estatuto da UFPel no decorrer dos anos:<\/em><\/li>\n<\/ul>\n<p><a href=\"https:\/\/wp.ufpel.edu.br\/scs\/files\/2025\/11\/05._Decreto_65.881_1969-primeira-versao.pdf\"><strong>ESTATUTO da UFPel<\/strong><span style=\"font-size: 10pt;\"> &#8211; Primeira vers\u00e3o &#8211; Cria\u00e7\u00e3o da UFPel &#8211; Decreto n\u00ba 65.881, de 16 de dezembro de 1969<\/span><\/a><\/p>\n<p><a href=\"https:\/\/wp.ufpel.edu.br\/scs\/files\/2025\/11\/SEI_23110.037047_2023_81-segunda-versao.pdf\"><strong>ESTATUTO da UFPel<\/strong> <span style=\"font-size: 10pt;\">&#8211; Segunda vers\u00e3o &#8211; Constando estrutura org\u00e2nica\/completa da UFPel<\/span><\/a><\/p>\n<p><a href=\"https:\/\/wp.ufpel.edu.br\/scs\/files\/2025\/11\/Estatuto-Original-UFPel.pdf\"><strong>ESTATUTO da UFPel<\/strong> &#8211; <span style=\"font-size: 10pt;\">Texto que estava disponibilizado no site da SCS\/UFPel at\u00e9 outubro de 2025<\/span><\/a><\/p>\n<p>&nbsp;<\/p>\n","protected":false},"excerpt":{"rendered":"<p>&nbsp; ESTATUTO da UFPel CONSOLIDADO &#8211; Texto vigente atualizado (novembro\/2025). .ESTATUTO da UFPel CONSOLIDADO &#8211; Vers\u00e3o Cronol\u00f3gica &nbsp; Vers\u00f5es anteriores que n\u00e3o cont\u00e9m todas as altera\u00e7\u00f5es implementadas no Estatuto da UFPel no decorrer dos anos: ESTATUTO da UFPel &#8211; Primeira vers\u00e3o &#8211; Cria\u00e7\u00e3o da UFPel &#8211; Decreto n\u00ba 65.881, de 16 de dezembro de 1969 [&hellip;]<\/p>\n","protected":false},"author":29,"featured_media":0,"parent":0,"menu_order":4,"comment_status":"closed","ping_status":"closed","template":"","meta":{"footnotes":""},"class_list":["post-693","page","type-page","status-publish","hentry"],"_links":{"self":[{"href":"https:\/\/wp.ufpel.edu.br\/scs\/wp-json\/wp\/v2\/pages\/693","targetHints":{"allow":["GET"]}}],"collection":[{"href":"https:\/\/wp.ufpel.edu.br\/scs\/wp-json\/wp\/v2\/pages"}],"about":[{"href":"https:\/\/wp.ufpel.edu.br\/scs\/wp-json\/wp\/v2\/types\/page"}],"author":[{"embeddable":true,"href":"https:\/\/wp.ufpel.edu.br\/scs\/wp-json\/wp\/v2\/users\/29"}],"replies":[{"embeddable":true,"href":"https:\/\/wp.ufpel.edu.br\/scs\/wp-json\/wp\/v2\/comments?post=693"}],"version-history":[{"count":4,"href":"https:\/\/wp.ufpel.edu.br\/scs\/wp-json\/wp\/v2\/pages\/693\/revisions"}],"predecessor-version":[{"id":10344,"href":"https:\/\/wp.ufpel.edu.br\/scs\/wp-json\/wp\/v2\/pages\/693\/revisions\/10344"}],"wp:attachment":[{"href":"https:\/\/wp.ufpel.edu.br\/scs\/wp-json\/wp\/v2\/media?parent=693"}],"curies":[{"name":"wp","href":"https:\/\/api.w.org\/{rel}","templated":true}]}}