{"id":690,"date":"2010-08-16T23:08:14","date_gmt":"2010-08-17T01:08:14","guid":{"rendered":"https:\/\/wp.ufpel.edu.br\/scs\/"},"modified":"2025-08-11T20:10:29","modified_gmt":"2025-08-11T23:10:29","slug":"contato","status":"publish","type":"page","link":"https:\/\/wp.ufpel.edu.br\/scs\/contato\/","title":{"rendered":"SCS &#8211; Contatos &#8211; Hor\u00e1rios"},"content":{"rendered":"<p><em><span style=\"font-size: 14pt;\"><strong>Secretaria dos Conselhos Superiores &#8211; SCS:<\/strong><\/span><\/em><\/p>\n<p><strong>Atende as demandas dos Conselhos Superiores: Conselho Diretor \u2013 CONDIR, Conselho Universit\u00e1rio \u2013 CONSUN e Conselho Coordenador do Ensino da Pesquisa e da Extens\u00e3o \u2013 COCEPE.<\/strong><\/p>\n<p>&nbsp;<\/p>\n<p><strong>N\u00facleo de Apoio Administrativo da Secretaria dos Conselhos Superiores (NAA-SCS):<\/strong><\/p>\n<p>\u00d3rg\u00e3o respons\u00e1vel por executar o trabalho da Secretaria dos Conselhos Superiores nas rotinas administrativas, organizando e secretariando reuni\u00f5es, recebimento e organiza\u00e7\u00e3o de arquivos, registro, distribui\u00e7\u00e3o e arquivamento de documentos, abertura de processos e atendimento ao p\u00fablico.<\/p>\n<p>&nbsp;<\/p>\n<p><strong>N\u00facleo de Gest\u00e3o de Processos da Secretaria dos Conselhos Superiores (NGP-SCS):<\/strong><\/p>\n<p>\u00d3rg\u00e3o respons\u00e1vel pelo assessoramento administrativo \u00e0 Secretaria dos Conselhos Superiores, organizando e secretariando reuni\u00f5es, elaborando pedidos, realizando o recebimento, reda\u00e7\u00e3o, registro, distribui\u00e7\u00e3o e arquivamento de documentos, abertura de processos e atendimento ao p\u00fablico e prestando suporte \u00e0s atividades de secretaria.<\/p>\n<p>&nbsp;<\/p>\n<p><strong>Servidores(as):<\/strong><\/p>\n<p>Priscila Mastrantonio Neves &#8211; NAA-SCS<\/p>\n<p>Sabrina Marques D&#8217;Avila Toralles &#8211; NGP-SCS<\/p>\n<p>&nbsp;<\/p>\n<p><strong>Telefone para contato:<\/strong><\/p>\n<p>(53) 3284 &#8211; 4032 ou (53) 3284 &#8211; 4034<\/p>\n<p>(53) 99911.3247 (WhatsApp)<\/p>\n<p>&nbsp;<\/p>\n<p><strong>E-mails para contato:<\/strong><\/p>\n<p>scs@ufpel.edu.br \/ ufpel.scs@gmail.com<\/p>\n<p>&nbsp;<\/p>\n<p><strong><u>HOR\u00c1RIO DE FUNCIONAMENTO DO SETOR:<\/u><\/strong><\/p>\n<p>Das 8h \u00e0s 12h<\/p>\n<p>Das 14h \u00e0s 18h<\/p>\n","protected":false},"excerpt":{"rendered":"<p>Secretaria dos Conselhos Superiores &#8211; SCS: Atende as demandas dos Conselhos Superiores: Conselho Diretor \u2013 CONDIR, Conselho Universit\u00e1rio \u2013 CONSUN e Conselho Coordenador do Ensino da Pesquisa e da Extens\u00e3o \u2013 COCEPE. &nbsp; N\u00facleo de Apoio Administrativo da Secretaria dos Conselhos Superiores (NAA-SCS): \u00d3rg\u00e3o respons\u00e1vel por executar o trabalho da Secretaria dos Conselhos Superiores nas [&hellip;]<\/p>\n","protected":false},"author":29,"featured_media":0,"parent":0,"menu_order":9,"comment_status":"closed","ping_status":"closed","template":"","meta":{"footnotes":""},"class_list":["post-690","page","type-page","status-publish","hentry"],"_links":{"self":[{"href":"https:\/\/wp.ufpel.edu.br\/scs\/wp-json\/wp\/v2\/pages\/690","targetHints":{"allow":["GET"]}}],"collection":[{"href":"https:\/\/wp.ufpel.edu.br\/scs\/wp-json\/wp\/v2\/pages"}],"about":[{"href":"https:\/\/wp.ufpel.edu.br\/scs\/wp-json\/wp\/v2\/types\/page"}],"author":[{"embeddable":true,"href":"https:\/\/wp.ufpel.edu.br\/scs\/wp-json\/wp\/v2\/users\/29"}],"replies":[{"embeddable":true,"href":"https:\/\/wp.ufpel.edu.br\/scs\/wp-json\/wp\/v2\/comments?post=690"}],"version-history":[{"count":4,"href":"https:\/\/wp.ufpel.edu.br\/scs\/wp-json\/wp\/v2\/pages\/690\/revisions"}],"predecessor-version":[{"id":10125,"href":"https:\/\/wp.ufpel.edu.br\/scs\/wp-json\/wp\/v2\/pages\/690\/revisions\/10125"}],"wp:attachment":[{"href":"https:\/\/wp.ufpel.edu.br\/scs\/wp-json\/wp\/v2\/media?parent=690"}],"curies":[{"name":"wp","href":"https:\/\/api.w.org\/{rel}","templated":true}]}}