{"id":655,"date":"2010-08-15T18:11:00","date_gmt":"2010-08-15T20:11:00","guid":{"rendered":"https:\/\/wp.ufpel.edu.br\/scs\/"},"modified":"2012-02-24T14:56:47","modified_gmt":"2012-02-24T16:56:47","slug":"especiais","status":"publish","type":"page","link":"https:\/\/wp.ufpel.edu.br\/scs\/consun\/comissoes\/especiais\/","title":{"rendered":"Especiais"},"content":{"rendered":"<h3>Comiss\u00e3o Especial composta para an\u00e1lise da concess\u00e3o de T\u00edtulos Honor\u00edficos &#8211; Portaria n\u00ba 1.055, de 14\/07\/10<\/h3>\n<p><strong>Conselheiros membros:<\/strong><br \/>\nProf. F\u00e1bio Cerqueira Vergara<br \/>\nProf. Francisco Jos\u00e9 Pereira Tavares<br \/>\nProf. Tiago Vieiras Collares<br \/>\nT\u00e9c. Adm. Gilmara Anderson Timm<br \/>\nAcad. Denis Helfer Carvalho<\/p>\n<h3>Comiss\u00e3o Especial composta para an\u00e1lise da solicita\u00e7\u00e3o de repasse adicional para o Pronto Socorro e reda\u00e7\u00e3o de manifesta\u00e7\u00e3o ao MEC &#8211; Portaria n\u00ba 1.058, de 14\/07\/10<\/h3>\n<p><strong>Conselheiros membros:<\/strong><br \/>\nProf. Farid Butros Iunan Nader<br \/>\nProf. Jos\u00e9 Fernando Gonz\u00e1les<br \/>\nProf.\u00aa Luciane Prado Kantorski<br \/>\nDr.\u00aa Ana Carolina Issler Ferreira Kessler<br \/>\nT\u00e9c. Adm. Edimar Gon\u00e7alves Ribeiro<br \/>\nAcad. Guilherme Emanuel Weiss Pinheiro<\/p>\n<p><strong>Portaria n\u00ba 1.706 de 04 de novembro de 2010<\/strong><\/p>\n<p>Comiss\u00e3o Especial para elaborar a minuta do novo Regimento da UFPel, tendo como prioridade o regramento para a cria\u00e7\u00e3o dos Centros.<\/p>\n<p>&#8211; Prof. Alexandre Fernandes Gastal (Coordenador)<br \/>\n&#8211; Prof. Lauer Nunes dos Santos<br \/>\n&#8211; Prof\u00aa. M\u00e1rcia Bueno Pinto<br \/>\n&#8211; Prof. Willlian Silva Barros<br \/>\n&#8211; Prof. Tiago Veiras Collares<br \/>\n&#8211; Prof. \u00c1lvaro Augusto Borba Barreto<br \/>\n&#8211; Prof. Jos\u00e9 Fernandez Gonz\u00e1les<br \/>\n&#8211; Prof. Gustavo Kratz Gazalle<br \/>\n&#8211; Tec. Adm. Rosane Brand\u00e3o<br \/>\n&#8211; Acad. Jonas Rodeghieiro<\/p>\n<p><strong>Portaria 1.879 de 15 de dezembro de 2011<\/strong><\/p>\n<p>Comiss\u00e3o Especial para estudar a lota\u00e7\u00e3o de Cursos provisoriamente abrigados na Pr\u00f3-Reitoria de Gradua\u00e7\u00e3o &#8211; PRG.<\/p>\n<p>&#8211; Prof. \u00c9rico Kunde Corr\u00eaa<br \/>\n&#8211; Tec. Adm. Gustavo Alves Andrade<br \/>\n&#8211; Acad. Alex Nunes Molina<\/p>\n","protected":false},"excerpt":{"rendered":"<p>Comiss\u00e3o Especial composta para an\u00e1lise da concess\u00e3o de T\u00edtulos Honor\u00edficos &#8211; Portaria n\u00ba 1.055, de 14\/07\/10 Conselheiros membros: Prof. F\u00e1bio Cerqueira Vergara Prof. Francisco Jos\u00e9 Pereira Tavares Prof. Tiago Vieiras Collares T\u00e9c. Adm. Gilmara Anderson Timm Acad. Denis Helfer Carvalho Comiss\u00e3o Especial composta para an\u00e1lise da solicita\u00e7\u00e3o de repasse adicional para o Pronto Socorro e [&hellip;]<\/p>\n","protected":false},"author":29,"featured_media":0,"parent":651,"menu_order":0,"comment_status":"closed","ping_status":"closed","template":"","meta":{"footnotes":""},"class_list":["post-655","page","type-page","status-publish","hentry"],"_links":{"self":[{"href":"https:\/\/wp.ufpel.edu.br\/scs\/wp-json\/wp\/v2\/pages\/655","targetHints":{"allow":["GET"]}}],"collection":[{"href":"https:\/\/wp.ufpel.edu.br\/scs\/wp-json\/wp\/v2\/pages"}],"about":[{"href":"https:\/\/wp.ufpel.edu.br\/scs\/wp-json\/wp\/v2\/types\/page"}],"author":[{"embeddable":true,"href":"https:\/\/wp.ufpel.edu.br\/scs\/wp-json\/wp\/v2\/users\/29"}],"replies":[{"embeddable":true,"href":"https:\/\/wp.ufpel.edu.br\/scs\/wp-json\/wp\/v2\/comments?post=655"}],"version-history":[{"count":6,"href":"https:\/\/wp.ufpel.edu.br\/scs\/wp-json\/wp\/v2\/pages\/655\/revisions"}],"predecessor-version":[{"id":1076,"href":"https:\/\/wp.ufpel.edu.br\/scs\/wp-json\/wp\/v2\/pages\/655\/revisions\/1076"}],"up":[{"embeddable":true,"href":"https:\/\/wp.ufpel.edu.br\/scs\/wp-json\/wp\/v2\/pages\/651"}],"wp:attachment":[{"href":"https:\/\/wp.ufpel.edu.br\/scs\/wp-json\/wp\/v2\/media?parent=655"}],"curies":[{"name":"wp","href":"https:\/\/api.w.org\/{rel}","templated":true}]}}