{"id":653,"date":"2010-08-15T18:10:17","date_gmt":"2010-08-15T20:10:17","guid":{"rendered":"https:\/\/wp.ufpel.edu.br\/scs\/"},"modified":"2026-02-25T08:34:23","modified_gmt":"2026-02-25T11:34:23","slug":"permanentes","status":"publish","type":"page","link":"https:\/\/wp.ufpel.edu.br\/scs\/consun\/comissoes\/permanentes\/","title":{"rendered":"Permanentes"},"content":{"rendered":"<h3>Comiss\u00e3o de Legisla\u00e7\u00e3o e Normas &#8211; CLN<\/h3>\n<p><strong>Conselheiros membros: <\/strong><\/p>\n<p class=\"Texto_Justificado_Recuo_Primeira_Linha\"><em>Prof.\u00aa Inezita Silveira da Costa<\/em><\/p>\n<p class=\"Texto_Justificado_Recuo_Primeira_Linha\"><em>Assist. Adm. Joice Pereira da Silva<\/em><\/p>\n<p>Acad. Juliano Oliveira da Silva<\/p>\n<p><span style=\"font-size: 10pt;\">Portaria de Pessoal 537, de 24 de fevereiro de 2026<\/span><\/p>\n<p>&nbsp;<\/p>\n<h3>Comiss\u00e3o de Administra\u00e7\u00e3o e Finan\u00e7as &#8211; CAF<\/h3>\n<p><strong>Conselheiros membros:\u00a0<\/strong><\/p>\n<p class=\"Texto_Justificado_Recuo_Primeira_Linha\"><em>Prof\u00aa Isabel Cristina Rosa Barros Rasia (presidente)<\/em><\/p>\n<p class=\"Texto_Justificado_Recuo_Primeira_Linha\"><em>Assist. Adm.\u00a0<\/em><em>Mara Beatriz Nunes Gomes<\/em><\/p>\n<p class=\"Texto_Justificado_Recuo_Primeira_Linha\"><em>Acad. Iuri de Almeida Costa<\/em><\/p>\n<p><span style=\"font-size: 10pt;\">Portaria de Pessoal 538, de 24 de fevereiro de 2026<\/span><\/p>\n<p>&nbsp;<\/p>\n","protected":false},"excerpt":{"rendered":"<p>Comiss\u00e3o de Legisla\u00e7\u00e3o e Normas &#8211; CLN Conselheiros membros: Prof.\u00aa Inezita Silveira da Costa Assist. Adm. Joice Pereira da Silva Acad. Juliano Oliveira da Silva Portaria de Pessoal 537, de 24 de fevereiro de 2026 &nbsp; Comiss\u00e3o de Administra\u00e7\u00e3o e Finan\u00e7as &#8211; CAF Conselheiros membros:\u00a0 Prof\u00aa Isabel Cristina Rosa Barros Rasia (presidente) Assist. Adm.\u00a0Mara Beatriz [&hellip;]<\/p>\n","protected":false},"author":29,"featured_media":0,"parent":651,"menu_order":0,"comment_status":"closed","ping_status":"closed","template":"","meta":{"footnotes":""},"class_list":["post-653","page","type-page","status-publish","hentry"],"_links":{"self":[{"href":"https:\/\/wp.ufpel.edu.br\/scs\/wp-json\/wp\/v2\/pages\/653","targetHints":{"allow":["GET"]}}],"collection":[{"href":"https:\/\/wp.ufpel.edu.br\/scs\/wp-json\/wp\/v2\/pages"}],"about":[{"href":"https:\/\/wp.ufpel.edu.br\/scs\/wp-json\/wp\/v2\/types\/page"}],"author":[{"embeddable":true,"href":"https:\/\/wp.ufpel.edu.br\/scs\/wp-json\/wp\/v2\/users\/29"}],"replies":[{"embeddable":true,"href":"https:\/\/wp.ufpel.edu.br\/scs\/wp-json\/wp\/v2\/comments?post=653"}],"version-history":[{"count":4,"href":"https:\/\/wp.ufpel.edu.br\/scs\/wp-json\/wp\/v2\/pages\/653\/revisions"}],"predecessor-version":[{"id":10488,"href":"https:\/\/wp.ufpel.edu.br\/scs\/wp-json\/wp\/v2\/pages\/653\/revisions\/10488"}],"up":[{"embeddable":true,"href":"https:\/\/wp.ufpel.edu.br\/scs\/wp-json\/wp\/v2\/pages\/651"}],"wp:attachment":[{"href":"https:\/\/wp.ufpel.edu.br\/scs\/wp-json\/wp\/v2\/media?parent=653"}],"curies":[{"name":"wp","href":"https:\/\/api.w.org\/{rel}","templated":true}]}}