{"id":626,"date":"2010-08-15T17:57:58","date_gmt":"2010-08-15T19:57:58","guid":{"rendered":"https:\/\/wp.ufpel.edu.br\/scs\/"},"modified":"2026-03-10T14:25:20","modified_gmt":"2026-03-10T17:25:20","slug":"mandatos","status":"publish","type":"page","link":"https:\/\/wp.ufpel.edu.br\/scs\/cocepe\/mandatos\/","title":{"rendered":"Mandatos"},"content":{"rendered":"<h3>Vice-Reitor \u2013 Presidente<\/h3>\n<p><b>Prof. Eraldo dos Santos Pinheiro<\/b><br \/>\nAto: Portaria UFPEL n\u00ba 204, de 09 de janeiro de 2025<br \/>\nPosse: 10.01.2025<br \/>\nMandato:\u00a0<strong>09.01.2024\u00a0 \u00e0 09.01.2029<\/strong><\/p>\n<p>&nbsp;<\/p>\n<p><strong><span style=\"font-size: 18px; color: var(--cor-texto); font-family: var(--fonte-corpo);\">Pr\u00f3-Reitor de Ensino<\/span><\/strong><\/p>\n<p><strong>Prof. Ant\u00f4nio Maur\u00edcio Medeiros Alves\u00a0<\/strong><br \/>\nAto: Portaria UFPEL n\u00ba 0194, de 09\/01\/2025<br \/>\nMandato:\u00a0<strong>09\/01\/2025 a 09\/01\/2029<\/strong><\/p>\n<h3>Pr\u00f3-Reitor de Pesquisa, P\u00f3s-Gradua\u00e7\u00e3o e Inova\u00e7\u00e3o<\/h3>\n<p><strong>Prof. Marcos Britto Correa<\/strong><br \/>\nAto: Portaria UFPEL n\u00ba 0198, de 09\/01\/2025<br \/>\nMandato:\u00a0<strong>09\/01\/2025 a 09\/01\/2029<\/strong><\/p>\n<h3>Pr\u00f3-Reitor de Extens\u00e3o e Cultura<\/h3>\n<p><strong>Prof. Fabio Garcia Lima<\/strong><br \/>\nAto: Portaria UFPEL n\u00ba 0165, de 09\/01\/2025<br \/>\nMandato:\u00a0<strong>09\/01\/2025 a 09\/01\/2029<\/strong><\/p>\n<h3>Representante da \u00c1rea de Ci\u00eancias Agr\u00e1rias<\/h3>\n<p><strong>Titular: Prof. Luiz Filipe Dam\u00e9 Schuch<\/strong><strong><br \/>\nSuplente: Prof. Gabrielito Rauter Menezes<\/strong><br \/>\nAto: Portaria n\u00ba 2949, de 12 de agosto de 2024<br \/>\nMandato: de 09\/08\/2024 a 08\/08\/2026<\/p>\n<h3>Representante da \u00c1rea de Ci\u00eancias Exatas e Tecnologia<\/h3>\n<p><strong>Titular: Prof. Romulo Henrique Batista de Farias<\/strong><strong><br \/>\nSuplente: Prof.\u00aa Daniela Buske<\/strong><br \/>\nAto: Portaria n\u00ba 2951, de 12 de agosto de 2024<br \/>\nMandato: de 09\/08\/2024 a 08\/08\/2026<\/p>\n<h3>Representante da \u00c1rea de Ci\u00eancias da Sa\u00fade e Biol\u00f3gicas<\/h3>\n<p><strong>Titular: Prof.\u00aa Airi Macias Sacco<br \/>\nSuplente: Prof. Rafael Bueno Orcy<\/strong><br \/>\nAto: Portaria n\u00ba 2947, de 12 de agosto de 2024<br \/>\nMandato: de 09\/08\/2024 a 08\/08\/2026<\/p>\n<h3>Representante da \u00c1rea de Ci\u00eancias Humanas<\/h3>\n<p><strong>Titular:\u00a0<strong>Prof.\u00aa Lorena Almeida Gill<\/strong><br \/>\nSuplente:\u00a0<strong>Prof.\u00aa Ana Clara Corr\u00eaa Henning<\/strong><\/strong><br \/>\nAto: Portaria n\u00b0 3930, de 26 de maio de 2025<br \/>\nMandato: 29\/05\/2025 a 28\/05\/2027<\/p>\n<h3>Representante da \u00c1rea de Letras e Artes<\/h3>\n<p><strong>Titular: Prof.\u00aa Raquel Azambuja Santos<br \/>\nSuplente: Prof. Paulo Ricardo Silveira Borges<\/strong><br \/>\nAto: Portaria n\u00ba 2953, de 12 de agosto de 2024<br \/>\nMandato: de 09\/08\/2024 a 08\/08\/2026<\/p>\n<h3>Representante do Conselho Universit\u00e1rio<\/h3>\n<p><strong>Titular: Prof. Fernando Jaques Ruiz Sim\u00f5es Junior<br \/>\nSuplente: Prof.\u00aa Elaine da Silveira Leite<\/strong><br \/>\nAto: Portaria n\u00ba 4752 ,de 10 de dezembro de 2024,<br \/>\nMandato: de 02\/12\/2024 a 01\/12\/2026<\/p>\n<h3>Representantes dos Servidores T\u00e9cnico-Administrativos<\/h3>\n<p><strong>Titular: Patr\u00edcia de Borba Pereira<br \/>\nSuplente: Mariane D\u2019Avila Rosenthal<br \/>\n<\/strong>Ato: Portaria n\u00ba 7193 de 11 de dezembro de 2025.<br \/>\nMandato: 17\/12\/2025 a 16\/12\/2027<\/p>\n<p><strong>Titular: Matheus Cruz<\/strong><br \/>\n<strong>Suplente: Isac Vergara Jansen<\/strong><br \/>\nAto: Portaria n\u00ba 0942 de 18 de mar\u00e7o de 2025.<br \/>\nMandato: de 17\/03\/2025 a 16\/03\/2027<\/p>\n<h3>Representantes Discentes<\/h3>\n<p><strong>Titular: Welligton Angelo Da Silva Cidade<\/strong><br \/>\n<strong>Suplente: Juliano Oliveira da Silva<\/strong><\/p>\n<p><strong>Titular: \u00a0Ian Kelvin Mattos Costa<\/strong><br \/>\n<strong>Suplente: Iuri de Almeida Costa<\/strong><\/p>\n<p><span style=\"color: #333333;\">Ato: Portaria n\u00ba 0762\/UFPEL, de 10 de mar\u00e7o de 2025<\/span><br \/>\n<span style=\"color: #333333;\">Mandato: At\u00e9 08\/07\/2026<\/span><\/p>\n","protected":false},"excerpt":{"rendered":"<p>Vice-Reitor \u2013 Presidente Prof. Eraldo dos Santos Pinheiro Ato: Portaria UFPEL n\u00ba 204, de 09 de janeiro de 2025 Posse: 10.01.2025 Mandato:\u00a009.01.2024\u00a0 \u00e0 09.01.2029 &nbsp; Pr\u00f3-Reitor de Ensino Prof. Ant\u00f4nio Maur\u00edcio Medeiros Alves\u00a0 Ato: Portaria UFPEL n\u00ba 0194, de 09\/01\/2025 Mandato:\u00a009\/01\/2025 a 09\/01\/2029 Pr\u00f3-Reitor de Pesquisa, P\u00f3s-Gradua\u00e7\u00e3o e Inova\u00e7\u00e3o Prof. Marcos Britto Correa Ato: Portaria [&hellip;]<\/p>\n","protected":false},"author":29,"featured_media":0,"parent":194,"menu_order":0,"comment_status":"closed","ping_status":"closed","template":"","meta":{"footnotes":""},"class_list":["post-626","page","type-page","status-publish","hentry"],"_links":{"self":[{"href":"https:\/\/wp.ufpel.edu.br\/scs\/wp-json\/wp\/v2\/pages\/626","targetHints":{"allow":["GET"]}}],"collection":[{"href":"https:\/\/wp.ufpel.edu.br\/scs\/wp-json\/wp\/v2\/pages"}],"about":[{"href":"https:\/\/wp.ufpel.edu.br\/scs\/wp-json\/wp\/v2\/types\/page"}],"author":[{"embeddable":true,"href":"https:\/\/wp.ufpel.edu.br\/scs\/wp-json\/wp\/v2\/users\/29"}],"replies":[{"embeddable":true,"href":"https:\/\/wp.ufpel.edu.br\/scs\/wp-json\/wp\/v2\/comments?post=626"}],"version-history":[{"count":4,"href":"https:\/\/wp.ufpel.edu.br\/scs\/wp-json\/wp\/v2\/pages\/626\/revisions"}],"predecessor-version":[{"id":10503,"href":"https:\/\/wp.ufpel.edu.br\/scs\/wp-json\/wp\/v2\/pages\/626\/revisions\/10503"}],"up":[{"embeddable":true,"href":"https:\/\/wp.ufpel.edu.br\/scs\/wp-json\/wp\/v2\/pages\/194"}],"wp:attachment":[{"href":"https:\/\/wp.ufpel.edu.br\/scs\/wp-json\/wp\/v2\/media?parent=626"}],"curies":[{"name":"wp","href":"https:\/\/api.w.org\/{rel}","templated":true}]}}