{"id":6189,"date":"2021-01-25T12:16:25","date_gmt":"2021-01-25T15:16:25","guid":{"rendered":"https:\/\/wp.ufpel.edu.br\/scs\/?page_id=6189"},"modified":"2021-03-30T16:12:11","modified_gmt":"2021-03-30T19:12:11","slug":"2020-2","status":"publish","type":"page","link":"https:\/\/wp.ufpel.edu.br\/scs\/consun\/atas\/2020-2\/","title":{"rendered":"2020 atas Consun"},"content":{"rendered":"<p><a href=\"https:\/\/wp.ufpel.edu.br\/scs\/files\/2021\/01\/Ata-01.2020-CONSUN.pdf\">ATA 01.2020 CONSUN- Reuni\u00e3o de 19 de outubro de 2020<\/a><\/p>\n<p><a href=\"https:\/\/wp.ufpel.edu.br\/scs\/files\/2021\/01\/ATA-02.2020-CONSUN.pdf\">ATA 02.2020 CONSUN- Reuni\u00e3o de 03 de novembro de 2020<\/a><\/p>\n<p><a href=\"https:\/\/wp.ufpel.edu.br\/scs\/files\/2021\/03\/Ata-03.2020-CONSUN.pdf\">Ata 03.2020 CONSUN &#8211; Reuni\u00e3o de 26 de novembro de 2020<\/a><\/p>\n<p><a href=\"https:\/\/wp.ufpel.edu.br\/scs\/files\/2021\/03\/Ata-04.2020.pdf\">Ata 04.2020 CONSUN &#8211; Reuni\u00e3o de 04 de dezembro de 2020 <\/a><\/p>\n<p>&nbsp;<\/p>\n<p>&nbsp;<\/p>\n","protected":false},"excerpt":{"rendered":"<p>ATA 01.2020 CONSUN- Reuni\u00e3o de 19 de outubro de 2020 ATA 02.2020 CONSUN- Reuni\u00e3o de 03 de novembro de 2020 Ata 03.2020 CONSUN &#8211; Reuni\u00e3o de 26 de novembro de 2020 Ata 04.2020 CONSUN &#8211; Reuni\u00e3o de 04 de dezembro de 2020 &nbsp; &nbsp;<\/p>\n","protected":false},"author":29,"featured_media":0,"parent":1479,"menu_order":0,"comment_status":"closed","ping_status":"closed","template":"","meta":{"footnotes":""},"class_list":["post-6189","page","type-page","status-publish","hentry"],"_links":{"self":[{"href":"https:\/\/wp.ufpel.edu.br\/scs\/wp-json\/wp\/v2\/pages\/6189","targetHints":{"allow":["GET"]}}],"collection":[{"href":"https:\/\/wp.ufpel.edu.br\/scs\/wp-json\/wp\/v2\/pages"}],"about":[{"href":"https:\/\/wp.ufpel.edu.br\/scs\/wp-json\/wp\/v2\/types\/page"}],"author":[{"embeddable":true,"href":"https:\/\/wp.ufpel.edu.br\/scs\/wp-json\/wp\/v2\/users\/29"}],"replies":[{"embeddable":true,"href":"https:\/\/wp.ufpel.edu.br\/scs\/wp-json\/wp\/v2\/comments?post=6189"}],"version-history":[{"count":7,"href":"https:\/\/wp.ufpel.edu.br\/scs\/wp-json\/wp\/v2\/pages\/6189\/revisions"}],"predecessor-version":[{"id":6311,"href":"https:\/\/wp.ufpel.edu.br\/scs\/wp-json\/wp\/v2\/pages\/6189\/revisions\/6311"}],"up":[{"embeddable":true,"href":"https:\/\/wp.ufpel.edu.br\/scs\/wp-json\/wp\/v2\/pages\/1479"}],"wp:attachment":[{"href":"https:\/\/wp.ufpel.edu.br\/scs\/wp-json\/wp\/v2\/media?parent=6189"}],"curies":[{"name":"wp","href":"https:\/\/api.w.org\/{rel}","templated":true}]}}