{"id":617,"date":"2010-08-11T22:44:45","date_gmt":"2010-08-12T00:44:45","guid":{"rendered":"https:\/\/wp.ufpel.edu.br\/scs\/"},"modified":"2015-03-05T16:07:36","modified_gmt":"2015-03-05T19:07:36","slug":"1973-2","status":"publish","type":"page","link":"https:\/\/wp.ufpel.edu.br\/scs\/cocepe\/resolucoes\/1973-2\/","title":{"rendered":"1973"},"content":{"rendered":"<p>1973\/01 &#8211; <a href=\"https:\/\/wp.ufpel.edu.br\/scs\/files\/2010\/08\/1973_01.pdf\">Alunos concluintes de diversos cursos da UFPel, poder\u00e3o fazer parte do est\u00e1gio a que estiverem obrigados, nas \u00e1reas de atividade do CRUTAC, sendo car\u00e1ter optativo obrigat\u00f3rio.<\/a><\/p>\n<p>1973\/02 &#8211; <a href=\"https:\/\/wp.ufpel.edu.br\/scs\/files\/2010\/08\/1973_02.pdf\">Pr\u00e9-requisitos.<\/a><\/p>\n<p>1973\/03 &#8211; <a href=\"https:\/\/wp.ufpel.edu.br\/scs\/files\/2010\/08\/1973_03.pdf\">Aprova o Calend\u00e1rio Acad\u00eamico para 1974.<\/a><\/p>\n<p>1973\/04 &#8211; <a href=\"https:\/\/wp.ufpel.edu.br\/scs\/files\/2010\/08\/1973_04.pdf\">Dando compet\u00eancia aos Colegiados de Cursos para estudar os casos de equival\u00eancia de disciplinas de outras unidades ou universidades para efeito de concess\u00e3o de pedidos de transfer\u00eancia para a UFPel.<\/a><\/p>\n","protected":false},"excerpt":{"rendered":"<p>1973\/01 &#8211; Alunos concluintes de diversos cursos da UFPel, poder\u00e3o fazer parte do est\u00e1gio a que estiverem obrigados, nas \u00e1reas de atividade do CRUTAC, sendo car\u00e1ter optativo obrigat\u00f3rio. 1973\/02 &#8211; Pr\u00e9-requisitos. 1973\/03 &#8211; Aprova o Calend\u00e1rio Acad\u00eamico para 1974. 1973\/04 &#8211; Dando compet\u00eancia aos Colegiados de Cursos para estudar os casos de equival\u00eancia de disciplinas [&hellip;]<\/p>\n","protected":false},"author":29,"featured_media":0,"parent":196,"menu_order":38,"comment_status":"closed","ping_status":"closed","template":"","meta":{"footnotes":""},"class_list":["post-617","page","type-page","status-publish","hentry"],"_links":{"self":[{"href":"https:\/\/wp.ufpel.edu.br\/scs\/wp-json\/wp\/v2\/pages\/617","targetHints":{"allow":["GET"]}}],"collection":[{"href":"https:\/\/wp.ufpel.edu.br\/scs\/wp-json\/wp\/v2\/pages"}],"about":[{"href":"https:\/\/wp.ufpel.edu.br\/scs\/wp-json\/wp\/v2\/types\/page"}],"author":[{"embeddable":true,"href":"https:\/\/wp.ufpel.edu.br\/scs\/wp-json\/wp\/v2\/users\/29"}],"replies":[{"embeddable":true,"href":"https:\/\/wp.ufpel.edu.br\/scs\/wp-json\/wp\/v2\/comments?post=617"}],"version-history":[{"count":2,"href":"https:\/\/wp.ufpel.edu.br\/scs\/wp-json\/wp\/v2\/pages\/617\/revisions"}],"predecessor-version":[{"id":1207,"href":"https:\/\/wp.ufpel.edu.br\/scs\/wp-json\/wp\/v2\/pages\/617\/revisions\/1207"}],"up":[{"embeddable":true,"href":"https:\/\/wp.ufpel.edu.br\/scs\/wp-json\/wp\/v2\/pages\/196"}],"wp:attachment":[{"href":"https:\/\/wp.ufpel.edu.br\/scs\/wp-json\/wp\/v2\/media?parent=617"}],"curies":[{"name":"wp","href":"https:\/\/api.w.org\/{rel}","templated":true}]}}