{"id":615,"date":"2010-08-11T22:40:45","date_gmt":"2010-08-12T00:40:45","guid":{"rendered":"https:\/\/wp.ufpel.edu.br\/scs\/"},"modified":"2015-03-05T16:07:04","modified_gmt":"2015-03-05T19:07:04","slug":"1974-2","status":"publish","type":"page","link":"https:\/\/wp.ufpel.edu.br\/scs\/cocepe\/resolucoes\/1974-2\/","title":{"rendered":"1974"},"content":{"rendered":"<p>1974\/01 &#8211; <a href=\"https:\/\/wp.ufpel.edu.br\/scs\/files\/2010\/08\/1974_01.pdf\">Deferir o requerimento da coordena\u00e7\u00e3o do curso de Estudos Sociais que solicita o aumento de 30 para 40 vagas do Curso de Licenciatura Plena em Educa\u00e7\u00e3o Moral e C\u00edvica.<\/a><\/p>\n<p>1974\/02 &#8211; <a href=\"https:\/\/wp.ufpel.edu.br\/scs\/files\/2010\/08\/1974_02.pdf\">Aprova, quanto ao m\u00e9rito, a cria\u00e7\u00e3o de novos cursos:Administra\u00e7\u00e3o P\u00fablica, Agrimensura, Artes Pl\u00e1sticas, Biblioteconomia, Engenharia Mec\u00e2nica, Engenharia de Opera\u00e7\u00e3o, Engenharia Florestal, Estat\u00edstica, Geologia, Meteorologia, Nutri\u00e7\u00e3o, Qu\u00edmica, Turismo e Zootecnia.<\/a><\/p>\n<p>1974\/03 &#8211; <a href=\"https:\/\/wp.ufpel.edu.br\/scs\/files\/2010\/08\/1974_03.pdf\">Estabelecer normas de concurso para Pessoal Docente.<\/a><\/p>\n<p>1974\/04 &#8211; <a href=\"https:\/\/wp.ufpel.edu.br\/scs\/files\/2010\/08\/1974_04.pdf\">Revoga portaria 169\/74 que trata da freq\u00fc\u00eancia obrigat\u00f3ria dos alunos \u00e0s aulas te\u00f3ricas e pr\u00e1ticas.<\/a><\/p>\n<p>1974\/05 &#8211; <a href=\"https:\/\/wp.ufpel.edu.br\/scs\/files\/2010\/08\/1974_05.pdf\">Aprova o guia acad\u00eamico para o 2\u00ba per\u00edodo de 1974. Revogada pela portaria do Gabinete do Reitor n\u00b0 156\/75.<\/a><\/p>\n<p>1974\/06 &#8211; <a href=\"https:\/\/wp.ufpel.edu.br\/scs\/files\/2010\/08\/1974_06.pdf\">Aprova as normas para encaminhamento, elabora\u00e7\u00e3o e feitura de Relat\u00f3rio de Projetos de Pesquisa. Textos respectivos para lavratura da competente Portaria.<\/a><\/p>\n<p>1974\/07 &#8211; <a href=\"https:\/\/wp.ufpel.edu.br\/scs\/files\/2010\/08\/1974_07.pdf\">Aprova as normas para publica\u00e7\u00e3o de trabalhos na revista da UFPel.<\/a><\/p>\n<p>1974\/08 &#8211; <a href=\"https:\/\/wp.ufpel.edu.br\/scs\/files\/2010\/08\/1974_08.pdf\">Aprova o reconhecimento da validade de 3 cr\u00e9ditos para futura aceita\u00e7\u00e3o em curso de P\u00f3s-Gradua\u00e7\u00e3o, ao Programa organizado pelo Prof. Werner da Universidade de Cornell, USA.<\/a><\/p>\n","protected":false},"excerpt":{"rendered":"<p>1974\/01 &#8211; Deferir o requerimento da coordena\u00e7\u00e3o do curso de Estudos Sociais que solicita o aumento de 30 para 40 vagas do Curso de Licenciatura Plena em Educa\u00e7\u00e3o Moral e C\u00edvica. 1974\/02 &#8211; Aprova, quanto ao m\u00e9rito, a cria\u00e7\u00e3o de novos cursos:Administra\u00e7\u00e3o P\u00fablica, Agrimensura, Artes Pl\u00e1sticas, Biblioteconomia, Engenharia Mec\u00e2nica, Engenharia de Opera\u00e7\u00e3o, Engenharia Florestal, Estat\u00edstica, [&hellip;]<\/p>\n","protected":false},"author":29,"featured_media":0,"parent":196,"menu_order":37,"comment_status":"closed","ping_status":"closed","template":"","meta":{"footnotes":""},"class_list":["post-615","page","type-page","status-publish","hentry"],"_links":{"self":[{"href":"https:\/\/wp.ufpel.edu.br\/scs\/wp-json\/wp\/v2\/pages\/615","targetHints":{"allow":["GET"]}}],"collection":[{"href":"https:\/\/wp.ufpel.edu.br\/scs\/wp-json\/wp\/v2\/pages"}],"about":[{"href":"https:\/\/wp.ufpel.edu.br\/scs\/wp-json\/wp\/v2\/types\/page"}],"author":[{"embeddable":true,"href":"https:\/\/wp.ufpel.edu.br\/scs\/wp-json\/wp\/v2\/users\/29"}],"replies":[{"embeddable":true,"href":"https:\/\/wp.ufpel.edu.br\/scs\/wp-json\/wp\/v2\/comments?post=615"}],"version-history":[{"count":2,"href":"https:\/\/wp.ufpel.edu.br\/scs\/wp-json\/wp\/v2\/pages\/615\/revisions"}],"predecessor-version":[{"id":1206,"href":"https:\/\/wp.ufpel.edu.br\/scs\/wp-json\/wp\/v2\/pages\/615\/revisions\/1206"}],"up":[{"embeddable":true,"href":"https:\/\/wp.ufpel.edu.br\/scs\/wp-json\/wp\/v2\/pages\/196"}],"wp:attachment":[{"href":"https:\/\/wp.ufpel.edu.br\/scs\/wp-json\/wp\/v2\/media?parent=615"}],"curies":[{"name":"wp","href":"https:\/\/api.w.org\/{rel}","templated":true}]}}