{"id":613,"date":"2010-08-11T22:05:24","date_gmt":"2010-08-12T00:05:24","guid":{"rendered":"https:\/\/wp.ufpel.edu.br\/scs\/"},"modified":"2015-03-05T16:09:31","modified_gmt":"2015-03-05T19:09:31","slug":"1975-2","status":"publish","type":"page","link":"https:\/\/wp.ufpel.edu.br\/scs\/cocepe\/resolucoes\/1975-2\/","title":{"rendered":"1975"},"content":{"rendered":"<p>1975\/01 &#8211; <a href=\"https:\/\/wp.ufpel.edu.br\/scs\/files\/2010\/08\/1975_01.pdf\">Autoriza o funcionamento de um curso de Forma\u00e7\u00e3o de professores de Disciplinas Especializadas do 2\u00b0 grau, para portadores de diploma de grau superior.<\/a><\/p>\n<p>1975\/02 &#8211; <a href=\"https:\/\/wp.ufpel.edu.br\/scs\/files\/2010\/08\/1975_02.pdf\">Autoriza que o 2\u00b0 per\u00edodo letivo para os formandos da Agronomia ter\u00e1 in\u00edcio em 28.07.75<\/a><\/p>\n<p>1975\/03 &#8211; <a href=\"https:\/\/wp.ufpel.edu.br\/scs\/files\/2010\/08\/1975_03.pdf\">Suspende as aulas e atividades escolares dia 26\/04\/1975 e prorroga por mais um dia o calend\u00e1rio escolar 1975\/1.<\/a><\/p>\n<p>1975\/04 &#8211; <a href=\"https:\/\/wp.ufpel.edu.br\/scs\/files\/2010\/08\/1975_04.pdf\">Determina o uso de: &#8211; modelo do &#8220;Curriculum Vitae&#8221; pelos candidatos, &#8211; modelos padronizados de atas pela Banca Examinadora, &#8211; Especifica o n\u00famero e tipo de provas a serem aplicadas.<\/a><\/p>\n<p>1975\/05 &#8211; <a href=\"https:\/\/wp.ufpel.edu.br\/scs\/files\/2010\/08\/1975_05.pdf\">Interpreta\u00e7\u00e3o ao Guia Acad\u00eamico &#8211; Avalia\u00e7\u00e3o do rendimento escolar no item 10: deve ser arredondada a m\u00e9dia semestral (final) do aluno.<\/a><\/p>\n<p>1975\/06 &#8211; <a href=\"https:\/\/wp.ufpel.edu.br\/scs\/files\/2010\/08\/1975_06.pdf\">Autoriza o funcionamento do Curso de Aperfei\u00e7oamento de Docentes de Economia Dom\u00e9stica e de Agronomia.<\/a><\/p>\n<p>1975\/07 &#8211; <a href=\"https:\/\/wp.ufpel.edu.br\/scs\/files\/2010\/08\/1975_07.pdf\">Regulamenta o artigo 186 do Regimento Geral da UFPel: 1.Considera trabalhos escolares todas avalia\u00e7\u00f5es feitas no decorrer do semestre letivo. 2.Tanto m\u00e9dia semestral como nota do exame e m\u00e9dia final ser\u00e3o expressas at\u00e9 a decimal vedada a aproxima\u00e7\u00e3o.<\/a><\/p>\n<p>1975\/08 &#8211; <a href=\"https:\/\/wp.ufpel.edu.br\/scs\/files\/2010\/08\/1975_08.pdf\">Determina que o per\u00edodo letivo s\u00f3 se encerra quando tiverem sido ministradas todas as aulas previstas nos curr\u00edculos dos cursos, observando o calend\u00e1rio escolar.<\/a><\/p>\n<p>1975\/09 &#8211; <a href=\"https:\/\/wp.ufpel.edu.br\/scs\/files\/2010\/08\/1975_09.pdf\">\u00c9 facultado ao aluno, dentro de 48 horas ap\u00f3s a divulga\u00e7\u00e3o por escrito das notas, em local apropriado, requerer justificadamente por escrito a revis\u00e3o atrav\u00e9s de of\u00edcio ao chefe do Departamento.<\/a><\/p>\n<p>1975\/10 &#8211; <a href=\"https:\/\/wp.ufpel.edu.br\/scs\/files\/2010\/08\/cocepe_1975_10_R.pdf\">O aluno que faltar \u00e0s avalia\u00e7\u00f5es por motivo de participa\u00e7\u00e3o nas atividades previstas no artigo 196 do Regimento Geral ter\u00e1 direito de faz\u00ea-las desde que apresente comprovante assinado por autoridade competente.<\/a><\/p>\n<p>1975\/11 &#8211; <a href=\"https:\/\/wp.ufpel.edu.br\/scs\/files\/2010\/08\/1975_11.pdf\">Regulamenta que seja mantido o sistema de matr\u00edculas e que o per\u00edodo e a forma de orienta\u00e7\u00e3o discente fica a crit\u00e9rio dos respectivos cursos.<\/a><\/p>\n","protected":false},"excerpt":{"rendered":"<p>1975\/01 &#8211; Autoriza o funcionamento de um curso de Forma\u00e7\u00e3o de professores de Disciplinas Especializadas do 2\u00b0 grau, para portadores de diploma de grau superior. 1975\/02 &#8211; Autoriza que o 2\u00b0 per\u00edodo letivo para os formandos da Agronomia ter\u00e1 in\u00edcio em 28.07.75 1975\/03 &#8211; Suspende as aulas e atividades escolares dia 26\/04\/1975 e prorroga por [&hellip;]<\/p>\n","protected":false},"author":29,"featured_media":0,"parent":196,"menu_order":36,"comment_status":"closed","ping_status":"closed","template":"","meta":{"footnotes":""},"class_list":["post-613","page","type-page","status-publish","hentry"],"_links":{"self":[{"href":"https:\/\/wp.ufpel.edu.br\/scs\/wp-json\/wp\/v2\/pages\/613","targetHints":{"allow":["GET"]}}],"collection":[{"href":"https:\/\/wp.ufpel.edu.br\/scs\/wp-json\/wp\/v2\/pages"}],"about":[{"href":"https:\/\/wp.ufpel.edu.br\/scs\/wp-json\/wp\/v2\/types\/page"}],"author":[{"embeddable":true,"href":"https:\/\/wp.ufpel.edu.br\/scs\/wp-json\/wp\/v2\/users\/29"}],"replies":[{"embeddable":true,"href":"https:\/\/wp.ufpel.edu.br\/scs\/wp-json\/wp\/v2\/comments?post=613"}],"version-history":[{"count":5,"href":"https:\/\/wp.ufpel.edu.br\/scs\/wp-json\/wp\/v2\/pages\/613\/revisions"}],"predecessor-version":[{"id":2124,"href":"https:\/\/wp.ufpel.edu.br\/scs\/wp-json\/wp\/v2\/pages\/613\/revisions\/2124"}],"up":[{"embeddable":true,"href":"https:\/\/wp.ufpel.edu.br\/scs\/wp-json\/wp\/v2\/pages\/196"}],"wp:attachment":[{"href":"https:\/\/wp.ufpel.edu.br\/scs\/wp-json\/wp\/v2\/media?parent=613"}],"curies":[{"name":"wp","href":"https:\/\/api.w.org\/{rel}","templated":true}]}}