{"id":611,"date":"2010-08-11T21:59:41","date_gmt":"2010-08-11T23:59:41","guid":{"rendered":"https:\/\/wp.ufpel.edu.br\/scs\/"},"modified":"2015-03-05T16:06:47","modified_gmt":"2015-03-05T19:06:47","slug":"1979-2","status":"publish","type":"page","link":"https:\/\/wp.ufpel.edu.br\/scs\/cocepe\/resolucoes\/1979-2\/","title":{"rendered":"1979"},"content":{"rendered":"<p>1979\/01 &#8211; <a href=\"https:\/\/wp.ufpel.edu.br\/scs\/files\/2010\/08\/1979_01.pdf\">Disciplina o afastamento para capacita\u00e7\u00e3o do pessoal docente e d\u00e1 outras provid\u00eancias.<\/a><\/p>\n<p>1979\/02 &#8211; <a href=\"https:\/\/wp.ufpel.edu.br\/scs\/files\/2010\/08\/1979_02.pdf\">Fixa prazos para inscri\u00e7\u00e3o em provas de habilita\u00e7\u00e3o \u00e0 Livre Doc\u00eancia.<\/a><\/p>\n","protected":false},"excerpt":{"rendered":"<p>1979\/01 &#8211; Disciplina o afastamento para capacita\u00e7\u00e3o do pessoal docente e d\u00e1 outras provid\u00eancias. 1979\/02 &#8211; Fixa prazos para inscri\u00e7\u00e3o em provas de habilita\u00e7\u00e3o \u00e0 Livre Doc\u00eancia.<\/p>\n","protected":false},"author":29,"featured_media":0,"parent":196,"menu_order":35,"comment_status":"closed","ping_status":"closed","template":"","meta":{"footnotes":""},"class_list":["post-611","page","type-page","status-publish","hentry"],"_links":{"self":[{"href":"https:\/\/wp.ufpel.edu.br\/scs\/wp-json\/wp\/v2\/pages\/611","targetHints":{"allow":["GET"]}}],"collection":[{"href":"https:\/\/wp.ufpel.edu.br\/scs\/wp-json\/wp\/v2\/pages"}],"about":[{"href":"https:\/\/wp.ufpel.edu.br\/scs\/wp-json\/wp\/v2\/types\/page"}],"author":[{"embeddable":true,"href":"https:\/\/wp.ufpel.edu.br\/scs\/wp-json\/wp\/v2\/users\/29"}],"replies":[{"embeddable":true,"href":"https:\/\/wp.ufpel.edu.br\/scs\/wp-json\/wp\/v2\/comments?post=611"}],"version-history":[{"count":3,"href":"https:\/\/wp.ufpel.edu.br\/scs\/wp-json\/wp\/v2\/pages\/611\/revisions"}],"predecessor-version":[{"id":2123,"href":"https:\/\/wp.ufpel.edu.br\/scs\/wp-json\/wp\/v2\/pages\/611\/revisions\/2123"}],"up":[{"embeddable":true,"href":"https:\/\/wp.ufpel.edu.br\/scs\/wp-json\/wp\/v2\/pages\/196"}],"wp:attachment":[{"href":"https:\/\/wp.ufpel.edu.br\/scs\/wp-json\/wp\/v2\/media?parent=611"}],"curies":[{"name":"wp","href":"https:\/\/api.w.org\/{rel}","templated":true}]}}