{"id":603,"date":"2010-08-11T21:53:30","date_gmt":"2010-08-11T23:53:30","guid":{"rendered":"https:\/\/wp.ufpel.edu.br\/scs\/"},"modified":"2015-03-05T15:09:30","modified_gmt":"2015-03-05T18:09:30","slug":"1985-2","status":"publish","type":"page","link":"https:\/\/wp.ufpel.edu.br\/scs\/cocepe\/resolucoes\/1985-2\/","title":{"rendered":"1985"},"content":{"rendered":"<p>1985\/01 &#8211; <a href=\"https:\/\/wp.ufpel.edu.br\/scs\/files\/2010\/08\/1985_01.pdf\">Regulamenta os procedimentos para solicita\u00e7\u00e3o e execu\u00e7\u00e3o dos exerc\u00edcios domiciliares para alunos. (Decreto-Lei 1044\/69).<\/a><\/p>\n<p>1985\/02 &#8211; <a href=\"https:\/\/wp.ufpel.edu.br\/scs\/files\/2010\/08\/1985_02.pdf\">Estabelece as normas para o processo de Revalida\u00e7\u00e3o de Diplomas e Certificados de Cursos de Gradua\u00e7\u00e3o. (resolu\u00e7\u00e3o n\u00b003 de 10\/06\/1985 do CFE).<\/a><\/p>\n<p>1985\/03 &#8211; <a href=\"https:\/\/wp.ufpel.edu.br\/scs\/files\/2010\/08\/1985_03.pdf\">Altera o Calend\u00e1rio Escolar de 1985\/2 dos Cursos de P\u00f3s-Gradua\u00e7\u00e3o.<\/a><\/p>\n<p>1985\/04 &#8211; <a href=\"https:\/\/wp.ufpel.edu.br\/scs\/files\/2010\/08\/1985_04.pdf\">Altera o Calend\u00e1rio Escolar de 1985\/2 para os cursos de P\u00f3s-Gradua\u00e7\u00e3o.<\/a><\/p>\n<p>1985\/05 &#8211; <a href=\"https:\/\/wp.ufpel.edu.br\/scs\/files\/2010\/08\/1985_05.pdf\">Estabelece as normas para o processo de Revalida\u00e7\u00e3o e Registro de T\u00edtulos, Diplomas e Certificados de Cursos de P\u00f3s-Gradua\u00e7\u00e3o. <\/a><\/p>\n<p>1985\/06 &#8211; <a href=\"https:\/\/wp.ufpel.edu.br\/scs\/files\/2010\/08\/1985_06.pdf\">Altera o artigo 6\u00b0 das Normas para Afastamento de Docentes da UFPel.<\/a><\/p>\n","protected":false},"excerpt":{"rendered":"<p>1985\/01 &#8211; Regulamenta os procedimentos para solicita\u00e7\u00e3o e execu\u00e7\u00e3o dos exerc\u00edcios domiciliares para alunos. (Decreto-Lei 1044\/69). 1985\/02 &#8211; Estabelece as normas para o processo de Revalida\u00e7\u00e3o de Diplomas e Certificados de Cursos de Gradua\u00e7\u00e3o. (resolu\u00e7\u00e3o n\u00b003 de 10\/06\/1985 do CFE). 1985\/03 &#8211; Altera o Calend\u00e1rio Escolar de 1985\/2 dos Cursos de P\u00f3s-Gradua\u00e7\u00e3o. 1985\/04 &#8211; Altera [&hellip;]<\/p>\n","protected":false},"author":29,"featured_media":0,"parent":196,"menu_order":31,"comment_status":"closed","ping_status":"closed","template":"","meta":{"footnotes":""},"class_list":["post-603","page","type-page","status-publish","hentry"],"_links":{"self":[{"href":"https:\/\/wp.ufpel.edu.br\/scs\/wp-json\/wp\/v2\/pages\/603","targetHints":{"allow":["GET"]}}],"collection":[{"href":"https:\/\/wp.ufpel.edu.br\/scs\/wp-json\/wp\/v2\/pages"}],"about":[{"href":"https:\/\/wp.ufpel.edu.br\/scs\/wp-json\/wp\/v2\/types\/page"}],"author":[{"embeddable":true,"href":"https:\/\/wp.ufpel.edu.br\/scs\/wp-json\/wp\/v2\/users\/29"}],"replies":[{"embeddable":true,"href":"https:\/\/wp.ufpel.edu.br\/scs\/wp-json\/wp\/v2\/comments?post=603"}],"version-history":[{"count":2,"href":"https:\/\/wp.ufpel.edu.br\/scs\/wp-json\/wp\/v2\/pages\/603\/revisions"}],"predecessor-version":[{"id":1200,"href":"https:\/\/wp.ufpel.edu.br\/scs\/wp-json\/wp\/v2\/pages\/603\/revisions\/1200"}],"up":[{"embeddable":true,"href":"https:\/\/wp.ufpel.edu.br\/scs\/wp-json\/wp\/v2\/pages\/196"}],"wp:attachment":[{"href":"https:\/\/wp.ufpel.edu.br\/scs\/wp-json\/wp\/v2\/media?parent=603"}],"curies":[{"name":"wp","href":"https:\/\/api.w.org\/{rel}","templated":true}]}}