{"id":601,"date":"2010-08-11T21:39:20","date_gmt":"2010-08-11T23:39:20","guid":{"rendered":"https:\/\/wp.ufpel.edu.br\/scs\/"},"modified":"2015-03-05T15:09:09","modified_gmt":"2015-03-05T18:09:09","slug":"1986-2","status":"publish","type":"page","link":"https:\/\/wp.ufpel.edu.br\/scs\/cocepe\/resolucoes\/1986-2\/","title":{"rendered":"1986"},"content":{"rendered":"<p>1986\/01 &#8211; <a href=\"https:\/\/wp.ufpel.edu.br\/scs\/files\/2010\/08\/1986_01.pdf\">Estabelece normas para o processo de revalida\u00e7\u00e3o e registro de T\u00edtulos, Diplomas e Certificados de Cursos de P\u00f3s-Gradua\u00e7\u00e3o expedido por estabelecimento estrangeiro de Ensino Superior.<\/a><\/p>\n<p>1986\/02 &#8211; <a href=\"https:\/\/wp.ufpel.edu.br\/scs\/files\/2010\/08\/1986_02.pdf\">Estabelece normas para o reconhecimento de Diplomas e Certificados de P\u00f3s-Gradua\u00e7\u00e3o, expedidos por estabelecimentos estrangeiros de snino superior para fins de progress\u00e3o funcional.<\/a><\/p>\n<p>1986\/03 &#8211; <a href=\"https:\/\/wp.ufpel.edu.br\/scs\/files\/2010\/08\/1986_03.pdf\">Define, para efeito de revalida\u00e7\u00e3o de diplomas, como \u00e1reas de conhecimento as adotadas pelo CNPQ.<\/a><\/p>\n<p>1986\/04 &#8211; <a href=\"https:\/\/wp.ufpel.edu.br\/scs\/files\/2010\/08\/1986_04.pdf\">Resolu\u00e7\u00e3o 04\/86: Aprova Normas que reger\u00e3o os processos seletivos para a contrata\u00e7\u00e3o de Prof.Substituto (Magist\u00e9rio Superior e Magist\u00e9rio de 1\u00b0 e 2\u00b0 graus). Aditamento \u00e0 Resolu\u00e7\u00e3o n\u00b0 04\/86: Permite prorroga\u00e7\u00e3o do contrato do Prof.Substituto quando o prazo for inferior a um ano.<\/a> <a title=\"Anexo\" href=\"https:\/\/wp.ufpel.edu.br\/scs\/files\/2010\/08\/1986_02_B.pdf\" target=\"_blank\"><img class=\"size-full wp-image-312\" src=\"https:\/\/wp.ufpel.edu.br\/scs\/files\/2010\/08\/1281295520_paperclip.png\" alt=\"\" width=\"16\" height=\"16\" \/><\/a><\/p>\n<p>1986\/06 &#8211; <a href=\"https:\/\/wp.ufpel.edu.br\/scs\/files\/2010\/08\/1986_06.pdf\">Determina que quando o contrato de professor substituto for inferior a um ano poder\u00e1 ser prorrogado por uma \u00fanica vez at\u00e9 esse limite.<\/a><\/p>\n","protected":false},"excerpt":{"rendered":"<p>1986\/01 &#8211; Estabelece normas para o processo de revalida\u00e7\u00e3o e registro de T\u00edtulos, Diplomas e Certificados de Cursos de P\u00f3s-Gradua\u00e7\u00e3o expedido por estabelecimento estrangeiro de Ensino Superior. 1986\/02 &#8211; Estabelece normas para o reconhecimento de Diplomas e Certificados de P\u00f3s-Gradua\u00e7\u00e3o, expedidos por estabelecimentos estrangeiros de snino superior para fins de progress\u00e3o funcional. 1986\/03 &#8211; Define, [&hellip;]<\/p>\n","protected":false},"author":29,"featured_media":0,"parent":196,"menu_order":30,"comment_status":"closed","ping_status":"closed","template":"","meta":{"footnotes":""},"class_list":["post-601","page","type-page","status-publish","hentry"],"_links":{"self":[{"href":"https:\/\/wp.ufpel.edu.br\/scs\/wp-json\/wp\/v2\/pages\/601","targetHints":{"allow":["GET"]}}],"collection":[{"href":"https:\/\/wp.ufpel.edu.br\/scs\/wp-json\/wp\/v2\/pages"}],"about":[{"href":"https:\/\/wp.ufpel.edu.br\/scs\/wp-json\/wp\/v2\/types\/page"}],"author":[{"embeddable":true,"href":"https:\/\/wp.ufpel.edu.br\/scs\/wp-json\/wp\/v2\/users\/29"}],"replies":[{"embeddable":true,"href":"https:\/\/wp.ufpel.edu.br\/scs\/wp-json\/wp\/v2\/comments?post=601"}],"version-history":[{"count":2,"href":"https:\/\/wp.ufpel.edu.br\/scs\/wp-json\/wp\/v2\/pages\/601\/revisions"}],"predecessor-version":[{"id":1199,"href":"https:\/\/wp.ufpel.edu.br\/scs\/wp-json\/wp\/v2\/pages\/601\/revisions\/1199"}],"up":[{"embeddable":true,"href":"https:\/\/wp.ufpel.edu.br\/scs\/wp-json\/wp\/v2\/pages\/196"}],"wp:attachment":[{"href":"https:\/\/wp.ufpel.edu.br\/scs\/wp-json\/wp\/v2\/media?parent=601"}],"curies":[{"name":"wp","href":"https:\/\/api.w.org\/{rel}","templated":true}]}}