{"id":599,"date":"2010-08-11T21:31:52","date_gmt":"2010-08-11T23:31:52","guid":{"rendered":"https:\/\/wp.ufpel.edu.br\/scs\/"},"modified":"2015-03-05T15:09:00","modified_gmt":"2015-03-05T18:09:00","slug":"1987-2","status":"publish","type":"page","link":"https:\/\/wp.ufpel.edu.br\/scs\/cocepe\/resolucoes\/1987-2\/","title":{"rendered":"1987"},"content":{"rendered":"<p>1987\/01 &#8211; <a href=\"https:\/\/wp.ufpel.edu.br\/scs\/files\/2010\/08\/1987_01.pdf\">Aprovar a regulamenta\u00e7\u00e3o da Extens\u00e3o universit\u00e1ria.<\/a><\/p>\n<p>1987\/02 &#8211; <a href=\"https:\/\/wp.ufpel.edu.br\/scs\/files\/2010\/08\/1987_02.pdf\">Estabelece os prazos uniprorrog\u00e1veis para reestudo das normas e crit\u00e9rios de progress\u00e3o funcional dos docente (prazo contado a partir de 26\/05\/1987).<\/a><\/p>\n<p>1987\/03 &#8211; <a href=\"https:\/\/wp.ufpel.edu.br\/scs\/files\/2010\/08\/1987_03.pdf\">Estabelece os prazos uniprorrog\u00e1veis para estudo das normas e crit\u00e9rios de progress\u00e3o funcional do pessoal docente.<\/a><\/p>\n<p>1987\/04 &#8211; <a href=\"https:\/\/wp.ufpel.edu.br\/scs\/files\/2010\/08\/1987_04.pdf\">Revoga a Resolu\u00e7\u00e3o 04\/86, determinando que fica a crit\u00e9rio de cada Departamento a sele\u00e7\u00e3o para professor substituto.<\/a><\/p>\n<p>1987\/05 &#8211; <a href=\"https:\/\/wp.ufpel.edu.br\/scs\/files\/2010\/08\/1987_05.pdf\">Aprova normas para admiss\u00e3o de professor Visitante.<\/a><\/p>\n<p>1987\/06 &#8211; <a href=\"https:\/\/wp.ufpel.edu.br\/scs\/files\/2010\/08\/1987_06.pdf\">Estabelece normas para admiss\u00e3o de professor aposentado da UFPel.<\/a><\/p>\n","protected":false},"excerpt":{"rendered":"<p>1987\/01 &#8211; Aprovar a regulamenta\u00e7\u00e3o da Extens\u00e3o universit\u00e1ria. 1987\/02 &#8211; Estabelece os prazos uniprorrog\u00e1veis para reestudo das normas e crit\u00e9rios de progress\u00e3o funcional dos docente (prazo contado a partir de 26\/05\/1987). 1987\/03 &#8211; Estabelece os prazos uniprorrog\u00e1veis para estudo das normas e crit\u00e9rios de progress\u00e3o funcional do pessoal docente. 1987\/04 &#8211; Revoga a Resolu\u00e7\u00e3o 04\/86, [&hellip;]<\/p>\n","protected":false},"author":29,"featured_media":0,"parent":196,"menu_order":29,"comment_status":"closed","ping_status":"closed","template":"","meta":{"footnotes":""},"class_list":["post-599","page","type-page","status-publish","hentry"],"_links":{"self":[{"href":"https:\/\/wp.ufpel.edu.br\/scs\/wp-json\/wp\/v2\/pages\/599","targetHints":{"allow":["GET"]}}],"collection":[{"href":"https:\/\/wp.ufpel.edu.br\/scs\/wp-json\/wp\/v2\/pages"}],"about":[{"href":"https:\/\/wp.ufpel.edu.br\/scs\/wp-json\/wp\/v2\/types\/page"}],"author":[{"embeddable":true,"href":"https:\/\/wp.ufpel.edu.br\/scs\/wp-json\/wp\/v2\/users\/29"}],"replies":[{"embeddable":true,"href":"https:\/\/wp.ufpel.edu.br\/scs\/wp-json\/wp\/v2\/comments?post=599"}],"version-history":[{"count":3,"href":"https:\/\/wp.ufpel.edu.br\/scs\/wp-json\/wp\/v2\/pages\/599\/revisions"}],"predecessor-version":[{"id":2122,"href":"https:\/\/wp.ufpel.edu.br\/scs\/wp-json\/wp\/v2\/pages\/599\/revisions\/2122"}],"up":[{"embeddable":true,"href":"https:\/\/wp.ufpel.edu.br\/scs\/wp-json\/wp\/v2\/pages\/196"}],"wp:attachment":[{"href":"https:\/\/wp.ufpel.edu.br\/scs\/wp-json\/wp\/v2\/media?parent=599"}],"curies":[{"name":"wp","href":"https:\/\/api.w.org\/{rel}","templated":true}]}}