{"id":597,"date":"2010-08-11T21:04:31","date_gmt":"2010-08-11T23:04:31","guid":{"rendered":"https:\/\/wp.ufpel.edu.br\/scs\/"},"modified":"2015-03-05T15:08:52","modified_gmt":"2015-03-05T18:08:52","slug":"1988-2","status":"publish","type":"page","link":"https:\/\/wp.ufpel.edu.br\/scs\/cocepe\/resolucoes\/1988-2\/","title":{"rendered":"1988"},"content":{"rendered":"<p>1988\/01 &#8211; <a href=\"https:\/\/wp.ufpel.edu.br\/scs\/files\/2010\/08\/1988_01.pdf\">Estabelecer normas para utiliza\u00e7\u00e3o das vagas docentes que ocorrerem decorrentes de demiss\u00e3o, aposentadoria, progress\u00e3o por concurso e morte de docentes.<\/a><\/p>\n<p>1988\/02 &#8211; <a href=\"https:\/\/wp.ufpel.edu.br\/scs\/files\/2010\/08\/1988_02.pdf\">Aprova normas e crit\u00e9rios de avalia\u00e7\u00e3o de desempenho para fins de Progress\u00e3o Funcional dentro de uma mesma classe, e as normas de avalia\u00e7\u00e3o de desempenho acad\u00eamico, para fins de progress\u00e3o de uma para outra classe do magist\u00e9rio, exceto para a de Professor Titular. Este documento tamb\u00e9m cont\u00e9m: Portaria 898, de 28 de setembro de 1988 e Of\u00edcio Circular 099\/88 &#8211; SCS.<\/a> <a title=\"Anexo\" href=\"https:\/\/wp.ufpel.edu.br\/scs\/files\/2010\/08\/1988_02_B.pdf\" target=\"_blank\"><img class=\"size-full wp-image-312\" src=\"https:\/\/wp.ufpel.edu.br\/scs\/files\/2010\/08\/1281295520_paperclip.png\" alt=\"\" width=\"16\" height=\"16\" \/><\/a><\/p>\n","protected":false},"excerpt":{"rendered":"<p>1988\/01 &#8211; Estabelecer normas para utiliza\u00e7\u00e3o das vagas docentes que ocorrerem decorrentes de demiss\u00e3o, aposentadoria, progress\u00e3o por concurso e morte de docentes. 1988\/02 &#8211; Aprova normas e crit\u00e9rios de avalia\u00e7\u00e3o de desempenho para fins de Progress\u00e3o Funcional dentro de uma mesma classe, e as normas de avalia\u00e7\u00e3o de desempenho acad\u00eamico, para fins de progress\u00e3o de [&hellip;]<\/p>\n","protected":false},"author":29,"featured_media":0,"parent":196,"menu_order":28,"comment_status":"closed","ping_status":"closed","template":"","meta":{"footnotes":""},"class_list":["post-597","page","type-page","status-publish","hentry"],"_links":{"self":[{"href":"https:\/\/wp.ufpel.edu.br\/scs\/wp-json\/wp\/v2\/pages\/597","targetHints":{"allow":["GET"]}}],"collection":[{"href":"https:\/\/wp.ufpel.edu.br\/scs\/wp-json\/wp\/v2\/pages"}],"about":[{"href":"https:\/\/wp.ufpel.edu.br\/scs\/wp-json\/wp\/v2\/types\/page"}],"author":[{"embeddable":true,"href":"https:\/\/wp.ufpel.edu.br\/scs\/wp-json\/wp\/v2\/users\/29"}],"replies":[{"embeddable":true,"href":"https:\/\/wp.ufpel.edu.br\/scs\/wp-json\/wp\/v2\/comments?post=597"}],"version-history":[{"count":3,"href":"https:\/\/wp.ufpel.edu.br\/scs\/wp-json\/wp\/v2\/pages\/597\/revisions"}],"predecessor-version":[{"id":2121,"href":"https:\/\/wp.ufpel.edu.br\/scs\/wp-json\/wp\/v2\/pages\/597\/revisions\/2121"}],"up":[{"embeddable":true,"href":"https:\/\/wp.ufpel.edu.br\/scs\/wp-json\/wp\/v2\/pages\/196"}],"wp:attachment":[{"href":"https:\/\/wp.ufpel.edu.br\/scs\/wp-json\/wp\/v2\/media?parent=597"}],"curies":[{"name":"wp","href":"https:\/\/api.w.org\/{rel}","templated":true}]}}