{"id":594,"date":"2010-08-11T20:32:09","date_gmt":"2010-08-11T22:32:09","guid":{"rendered":"https:\/\/wp.ufpel.edu.br\/scs\/"},"modified":"2015-03-05T15:08:44","modified_gmt":"2015-03-05T18:08:44","slug":"1989-2","status":"publish","type":"page","link":"https:\/\/wp.ufpel.edu.br\/scs\/cocepe\/resolucoes\/1989-2\/","title":{"rendered":"1989"},"content":{"rendered":"<p>1989\/01 &#8211; <a href=\"https:\/\/wp.ufpel.edu.br\/scs\/files\/2010\/08\/1989_01.pdf\">Suspende os efeitos da R. 01\/88 (Vagas docentes) e torna priorit\u00e1rio o atendimento de contrata\u00e7\u00f5es de professores selecionados pelos concursos j\u00e1 abertos.<\/a><\/p>\n<p>1989\/02 &#8211; <a href=\"https:\/\/wp.ufpel.edu.br\/scs\/files\/2010\/08\/1989_02.pdf\">Aprovar normas e crit\u00e9rios de avalia\u00e7\u00e3o de desempenho acad\u00eamico para fins de progress\u00e3o funcional do magist\u00e9rio do 1\u00b0 e 2\u00b0 graus e para fins de progress\u00e3o de uma para outra classe do magist\u00e9rio do 1\u00b0 e 2\u00b0 Graus, exceto Professor Titular.<\/a> <a title=\"Anexo\" href=\"https:\/\/wp.ufpel.edu.br\/scs\/files\/2010\/08\/1989_02_B.pdf\" target=\"_blank\"><img class=\"size-full wp-image-312\" src=\"https:\/\/wp.ufpel.edu.br\/scs\/files\/2010\/08\/1281295520_paperclip.png\" alt=\"\" width=\"16\" height=\"16\" \/><\/a><\/p>\n<p>1989\/03 &#8211; <a href=\"https:\/\/wp.ufpel.edu.br\/scs\/files\/2010\/08\/1989_03.pdf\">Prorroga vig\u00eancia dos termos da Resolu\u00e7\u00e3o 03\/87 (reestudo das normas e crit\u00e9rios de progress\u00e3o funcional).<\/a><\/p>\n<p>1989\/04 &#8211; <a href=\"https:\/\/wp.ufpel.edu.br\/scs\/files\/2010\/08\/1989_04.pdf\">Definir que a aus\u00eancia da matr\u00edcula caracteriza o abandono de curso o que implica no desligamento do aluno.<\/a><\/p>\n<p>1989\/05 &#8211; <a href=\"https:\/\/wp.ufpel.edu.br\/scs\/files\/2010\/08\/1989_05.pdf\">Normatizar o processo de avalia\u00e7\u00e3o na disciplina de Portugu\u00eas Instrumental, determinando que o resultado obtido seja emitido sob a forma de conceito &#8220;suficiente&#8221; ou &#8220;insuficiente&#8221;. <\/a><\/p>\n<p>1989\/06 &#8211; <a href=\"https:\/\/wp.ufpel.edu.br\/scs\/files\/2010\/08\/1989_06.pdf\">Estabelecer normas para a matr\u00edcula dos cursos de gradua\u00e7\u00e3o.<\/a><\/p>\n<p>1989\/07 &#8211; <a href=\"https:\/\/wp.ufpel.edu.br\/scs\/files\/2010\/08\/1989_07.pdf\">Define vagas docentes, que ser\u00e3o distribuidas, prioritariamente, \u00e0 Unidade de origem, a crit\u00e9rio do COCEPE, ressalvando-se, na an\u00e1lise, a viabilidade da ocupa\u00e7\u00e3o da vaga.<\/a><\/p>\n<p>1989\/08 &#8211; <a href=\"https:\/\/wp.ufpel.edu.br\/scs\/files\/2010\/08\/1989_08.pdf\">Altera o artigo 3\u00ba das Normas fixado pela Portaria 128\/83 (Professor Auxiliar).<\/a><\/p>\n<p>1989\/09 &#8211; <a href=\"https:\/\/wp.ufpel.edu.br\/scs\/files\/2010\/08\/1989_09.pdf\">Estabelecer normas para o programa de estudantes-conv\u00eanio.<\/a> <a title=\"Anexo\" href=\"https:\/\/wp.ufpel.edu.br\/scs\/files\/2010\/08\/1989_09_B.pdf\" target=\"_blank\"><img class=\"size-full wp-image-312\" src=\"https:\/\/wp.ufpel.edu.br\/scs\/files\/2010\/08\/1281295520_paperclip.png\" alt=\"\" width=\"16\" height=\"16\" \/><\/a><\/p>\n<p>1989\/10 &#8211; <a href=\"https:\/\/wp.ufpel.edu.br\/scs\/files\/2010\/08\/1989_10.pdf\">Alterar o artigo 5\u00b0 das normas que regem o concurso para professor auxiliar, fixado pela portaria 128, de 30 de mar\u00e7o de 1983.<\/a><\/p>\n<p>1989\/11 &#8211; <a href=\"https:\/\/wp.ufpel.edu.br\/scs\/files\/2010\/08\/1989_11.pdf\">Determina que na composi\u00e7\u00e2o das Bancas Examinadoras poder\u00e3o participar ex-professores da UFPel.<\/a><\/p>\n<p>1989\/12 &#8211; <a href=\"https:\/\/wp.ufpel.edu.br\/scs\/files\/2010\/08\/1989_12.pdf\">Aprovar as normas complementares de regulamenta\u00e7\u00e3o da pesquisa.<\/a> <a title=\"Anexo\" href=\"https:\/\/wp.ufpel.edu.br\/scs\/files\/2010\/08\/1989_12_B.pdf\" target=\"_blank\"><img class=\"size-full wp-image-312\" src=\"https:\/\/wp.ufpel.edu.br\/scs\/files\/2010\/08\/1281295520_paperclip.png\" alt=\"\" width=\"16\" height=\"16\" \/><\/a><\/p>\n<p>1989\/13 &#8211; <a href=\"https:\/\/wp.ufpel.edu.br\/scs\/files\/2010\/08\/1989_13.pdf\">Aprovar regulamenta\u00e7\u00e3o da matr\u00edcula em Regime Especial.<\/a> <a title=\"Anexo\" href=\"https:\/\/wp.ufpel.edu.br\/scs\/files\/2010\/08\/1989_13_B.pdf\" target=\"_blank\"><img class=\"size-full wp-image-312\" src=\"https:\/\/wp.ufpel.edu.br\/scs\/files\/2010\/08\/1281295520_paperclip.png\" alt=\"\" width=\"16\" height=\"16\" \/><\/a><\/p>\n","protected":false},"excerpt":{"rendered":"<p>1989\/01 &#8211; Suspende os efeitos da R. 01\/88 (Vagas docentes) e torna priorit\u00e1rio o atendimento de contrata\u00e7\u00f5es de professores selecionados pelos concursos j\u00e1 abertos. 1989\/02 &#8211; Aprovar normas e crit\u00e9rios de avalia\u00e7\u00e3o de desempenho acad\u00eamico para fins de progress\u00e3o funcional do magist\u00e9rio do 1\u00b0 e 2\u00b0 graus e para fins de progress\u00e3o de uma para [&hellip;]<\/p>\n","protected":false},"author":29,"featured_media":0,"parent":196,"menu_order":27,"comment_status":"closed","ping_status":"closed","template":"","meta":{"footnotes":""},"class_list":["post-594","page","type-page","status-publish","hentry"],"_links":{"self":[{"href":"https:\/\/wp.ufpel.edu.br\/scs\/wp-json\/wp\/v2\/pages\/594","targetHints":{"allow":["GET"]}}],"collection":[{"href":"https:\/\/wp.ufpel.edu.br\/scs\/wp-json\/wp\/v2\/pages"}],"about":[{"href":"https:\/\/wp.ufpel.edu.br\/scs\/wp-json\/wp\/v2\/types\/page"}],"author":[{"embeddable":true,"href":"https:\/\/wp.ufpel.edu.br\/scs\/wp-json\/wp\/v2\/users\/29"}],"replies":[{"embeddable":true,"href":"https:\/\/wp.ufpel.edu.br\/scs\/wp-json\/wp\/v2\/comments?post=594"}],"version-history":[{"count":4,"href":"https:\/\/wp.ufpel.edu.br\/scs\/wp-json\/wp\/v2\/pages\/594\/revisions"}],"predecessor-version":[{"id":2120,"href":"https:\/\/wp.ufpel.edu.br\/scs\/wp-json\/wp\/v2\/pages\/594\/revisions\/2120"}],"up":[{"embeddable":true,"href":"https:\/\/wp.ufpel.edu.br\/scs\/wp-json\/wp\/v2\/pages\/196"}],"wp:attachment":[{"href":"https:\/\/wp.ufpel.edu.br\/scs\/wp-json\/wp\/v2\/media?parent=594"}],"curies":[{"name":"wp","href":"https:\/\/api.w.org\/{rel}","templated":true}]}}