{"id":585,"date":"2010-08-10T23:41:31","date_gmt":"2010-08-11T01:41:31","guid":{"rendered":"https:\/\/wp.ufpel.edu.br\/scs\/"},"modified":"2015-03-05T15:08:07","modified_gmt":"2015-03-05T18:08:07","slug":"1992-2","status":"publish","type":"page","link":"https:\/\/wp.ufpel.edu.br\/scs\/cocepe\/resolucoes\/1992-2\/","title":{"rendered":"1992"},"content":{"rendered":"<p>1992\/01 &#8211; <a href=\"https:\/\/wp.ufpel.edu.br\/scs\/files\/2010\/08\/1992_01.pdf\">Aprovar Normas do Programa de Monitorias.<\/a> <a title=\"Anexo\" href=\"https:\/\/wp.ufpel.edu.br\/scs\/files\/2010\/08\/1992_01_B.pdf\" target=\"_blank\"><img class=\"size-full wp-image-312\" src=\"https:\/\/wp.ufpel.edu.br\/scs\/files\/2010\/08\/1281295520_paperclip.png\" alt=\"\" width=\"16\" height=\"16\" \/><\/a><\/p>\n<p>1992\/02 &#8211; <a href=\"https:\/\/wp.ufpel.edu.br\/scs\/files\/2010\/08\/1992_02.pdf\">Aprovar a Regulamenta\u00e7\u00e3o da Matr\u00edcula em Regime Especial.<\/a> <a title=\"Anexo\" href=\"https:\/\/wp.ufpel.edu.br\/scs\/files\/2010\/08\/1992_02_B.pdf\" target=\"_blank\"><img class=\"size-full wp-image-312\" src=\"https:\/\/wp.ufpel.edu.br\/scs\/files\/2010\/08\/1281295520_paperclip.png\" alt=\"\" width=\"16\" height=\"16\" \/><\/a><\/p>\n<p>1992\/03 &#8211; <a href=\"https:\/\/wp.ufpel.edu.br\/scs\/files\/2010\/08\/1992_03.pdf\">Estabelece crit\u00e9rios para concess\u00e3o adicional por Especializa\u00e7\u00e3o.<\/a><\/p>\n<p>1992\/04 &#8211; <a href=\"https:\/\/wp.ufpel.edu.br\/scs\/files\/2010\/08\/1992_04.pdf\">Definir a pol\u00edtica de extens\u00e3o e cultura e disp\u00f5e sobre as atividades extensionistas e culturais.<\/a> <a title=\"Anexo\" href=\"https:\/\/wp.ufpel.edu.br\/scs\/files\/2010\/08\/1992_04_B.pdf\" target=\"_blank\"><img class=\"size-full wp-image-312\" src=\"https:\/\/wp.ufpel.edu.br\/scs\/files\/2010\/08\/1281295520_paperclip.png\" alt=\"\" width=\"16\" height=\"16\" \/><\/a><\/p>\n<p>1992\/05 &#8211; <a href=\"https:\/\/wp.ufpel.edu.br\/scs\/files\/2010\/08\/1992_05.pdf\">Aprova o Regimento Interno da Pr\u00f3-Reitoria de Extens\u00e3o e Cultura.<\/a> <a title=\"Anexo\" href=\"https:\/\/wp.ufpel.edu.br\/scs\/files\/2010\/08\/1992_05_B.pdf\" target=\"_blank\"><img class=\"size-full wp-image-312\" src=\"https:\/\/wp.ufpel.edu.br\/scs\/files\/2010\/08\/1281295520_paperclip.png\" alt=\"\" width=\"16\" height=\"16\" \/><\/a><\/p>\n<p>1992\/06 &#8211; <a href=\"https:\/\/wp.ufpel.edu.br\/scs\/files\/2010\/08\/1992_06.pdf\">Estabelece crit\u00e9rios para a concess\u00e3o de Bolsas de Extens\u00e3o e de Bolsas de Arte e Cultura.<\/a> <a title=\"Anexo\" href=\"https:\/\/wp.ufpel.edu.br\/scs\/files\/2010\/08\/1992_06_B.pdf\" target=\"_blank\"><img class=\"size-full wp-image-312\" src=\"https:\/\/wp.ufpel.edu.br\/scs\/files\/2010\/08\/1281295520_paperclip.png\" alt=\"\" width=\"16\" height=\"16\" \/><\/a><\/p>\n<p>1992\/07 &#8211; <a href=\"https:\/\/wp.ufpel.edu.br\/scs\/files\/2010\/08\/1992_07.pdf\">Altera artigos das Resolu\u00e7\u00f5es do Cocepe 02\/88 e 02\/89 referentes \u00e0s normas e crit\u00e9rios de avalia\u00e7\u00e3o de desempenho para fins de progress\u00e3o funcional dentro da mesma classe; e de uma para outra classe do magist\u00e9rio, exceto para a de professor Titular.<\/a><\/p>\n<p>1992\/08 &#8211; <a href=\"https:\/\/wp.ufpel.edu.br\/scs\/files\/2010\/08\/1992_08.pdf\">Veda a acumula\u00e7\u00e3o de Bolsa de Inicia\u00e7\u00e3o Cient\u00edfica com Bolsas de Monitoria ou Bolsas de Extens\u00e3o e de Arte e cultura ou quaisquer outras no \u00e2mbito da UFPel.<\/a><\/p>\n<p>1992\/09 &#8211; <a href=\"https:\/\/wp.ufpel.edu.br\/scs\/files\/2010\/08\/1992_09.pdf\">Regulamenta limite de tempo para a prova did\u00e1tica dos concursos p\u00fablicos para a carreira de Magist\u00e9rio Superior e de Ensino de 1\u00ba e 2\u00ba graus.<\/a><\/p>\n<p>1992\/10 &#8211; <a href=\"https:\/\/wp.ufpel.edu.br\/scs\/files\/2010\/08\/1992_10.pdf\">Aprova o Regimento Interno do Curso de P\u00f3s-Gradua\u00e7\u00e3o a n\u00edvel de Mestrado em Zootecnia &#8211; FAEM.<\/a><\/p>\n<p>1992\/11 &#8211; <a href=\"https:\/\/wp.ufpel.edu.br\/scs\/files\/2010\/08\/1992_11.pdf\">Determina que os iniciantes na carreira do magist\u00e9rio, durante o est\u00e1gio probat\u00f3rio previsto no RJU, participar\u00e3o do projeto &#8220;Integra\u00e7\u00e3o dos Professores Ingressantes \u00e0 UFPel&#8221;.<\/a><\/p>\n<p>1992\/12 &#8211; <a href=\"https:\/\/wp.ufpel.edu.br\/scs\/files\/2010\/08\/1992_12.pdf\">Aprova o Regimento Interno do Curso de P\u00f3s-Gradua\u00e7\u00e3o em Agronomia.<\/a><\/p>\n<p>1992\/13 &#8211; <a href=\"https:\/\/wp.ufpel.edu.br\/scs\/files\/2010\/08\/1992_13.pdf\">Aprovar normas de regulamenta\u00e7\u00e3o do Concurso Vestibular segundo o modelo adotado a partir de 1991.<\/a><\/p>\n","protected":false},"excerpt":{"rendered":"<p>1992\/01 &#8211; Aprovar Normas do Programa de Monitorias. 1992\/02 &#8211; Aprovar a Regulamenta\u00e7\u00e3o da Matr\u00edcula em Regime Especial. 1992\/03 &#8211; Estabelece crit\u00e9rios para concess\u00e3o adicional por Especializa\u00e7\u00e3o. 1992\/04 &#8211; Definir a pol\u00edtica de extens\u00e3o e cultura e disp\u00f5e sobre as atividades extensionistas e culturais. 1992\/05 &#8211; Aprova o Regimento Interno da Pr\u00f3-Reitoria de Extens\u00e3o e [&hellip;]<\/p>\n","protected":false},"author":29,"featured_media":0,"parent":196,"menu_order":24,"comment_status":"closed","ping_status":"closed","template":"","meta":{"footnotes":""},"class_list":["post-585","page","type-page","status-publish","hentry"],"_links":{"self":[{"href":"https:\/\/wp.ufpel.edu.br\/scs\/wp-json\/wp\/v2\/pages\/585","targetHints":{"allow":["GET"]}}],"collection":[{"href":"https:\/\/wp.ufpel.edu.br\/scs\/wp-json\/wp\/v2\/pages"}],"about":[{"href":"https:\/\/wp.ufpel.edu.br\/scs\/wp-json\/wp\/v2\/types\/page"}],"author":[{"embeddable":true,"href":"https:\/\/wp.ufpel.edu.br\/scs\/wp-json\/wp\/v2\/users\/29"}],"replies":[{"embeddable":true,"href":"https:\/\/wp.ufpel.edu.br\/scs\/wp-json\/wp\/v2\/comments?post=585"}],"version-history":[{"count":7,"href":"https:\/\/wp.ufpel.edu.br\/scs\/wp-json\/wp\/v2\/pages\/585\/revisions"}],"predecessor-version":[{"id":2117,"href":"https:\/\/wp.ufpel.edu.br\/scs\/wp-json\/wp\/v2\/pages\/585\/revisions\/2117"}],"up":[{"embeddable":true,"href":"https:\/\/wp.ufpel.edu.br\/scs\/wp-json\/wp\/v2\/pages\/196"}],"wp:attachment":[{"href":"https:\/\/wp.ufpel.edu.br\/scs\/wp-json\/wp\/v2\/media?parent=585"}],"curies":[{"name":"wp","href":"https:\/\/api.w.org\/{rel}","templated":true}]}}