{"id":583,"date":"2010-08-10T23:39:45","date_gmt":"2010-08-11T01:39:45","guid":{"rendered":"https:\/\/wp.ufpel.edu.br\/scs\/"},"modified":"2015-03-05T15:07:59","modified_gmt":"2015-03-05T18:07:59","slug":"1993-2","status":"publish","type":"page","link":"https:\/\/wp.ufpel.edu.br\/scs\/cocepe\/resolucoes\/1993-2\/","title":{"rendered":"1993"},"content":{"rendered":"<p>1993\/01 &#8211; <a href=\"https:\/\/wp.ufpel.edu.br\/scs\/files\/2010\/08\/1993_01.pdf\">Determina que os concursos p\u00fablicos para provimento de vagas na carreira de Magist\u00e9rio Superior sejam abertos preferencialmente nas classes de professor Assistente, Adjunto ou Titular. Para abertura de concurso na \u00e1rea de Auxiliar precisa de justificativa do Departamento.<\/a><\/p>\n<p>1993\/02 &#8211; <a href=\"https:\/\/wp.ufpel.edu.br\/scs\/files\/2010\/08\/1993_02.pdf\">Altera os termos dos artigos 4\u00b0,5\u00b0 e 6\u00b0 da Resolu\u00e7\u00e3o 13\/92 que trata do Concurso Vestibular.<\/a><\/p>\n<p>1993\/03 &#8211; <a href=\"https:\/\/wp.ufpel.edu.br\/scs\/files\/2010\/08\/1993_03.pdf\">Determina que a indica\u00e7\u00e3o da banca examinadora para os concursos p\u00fablicos dever\u00e1 vir acompanhada de s\u00famula do &#8220;curriculum vitae&#8221; de seus integrantes.<\/a><\/p>\n<p>1993\/04 &#8211; <a href=\"https:\/\/wp.ufpel.edu.br\/scs\/files\/2010\/08\/1993_04.pdf\">Estabelece normas para o requisito de defesa de tese no concurso para professor titular.<\/a><\/p>\n<p>1993\/05 &#8211; <a href=\"https:\/\/wp.ufpel.edu.br\/scs\/files\/2010\/08\/1993_05.pdf\">Estabelecer que a solicita\u00e7\u00e3o de vagas pelo Departamento deve ser acompanhada de justificativa.<\/a> <a title=\"Anexo\" href=\"https:\/\/wp.ufpel.edu.br\/scs\/files\/2010\/08\/1993_05_B.pdf\" target=\"_blank\"><img class=\"size-full wp-image-312\" src=\"https:\/\/wp.ufpel.edu.br\/scs\/files\/2010\/08\/1281295520_paperclip.png\" alt=\"\" width=\"16\" height=\"16\" \/><\/a><\/p>\n<p>1993\/06 &#8211; <a href=\"https:\/\/wp.ufpel.edu.br\/scs\/files\/2010\/08\/1993_06.pdf\">Determina que ap\u00f3s exame preliminar pela CPPD, todos os pedidos de altera\u00e7\u00e3o de regime de trabalho docente ser\u00e3o analisados pelo COCEPE.<\/a><\/p>\n","protected":false},"excerpt":{"rendered":"<p>1993\/01 &#8211; Determina que os concursos p\u00fablicos para provimento de vagas na carreira de Magist\u00e9rio Superior sejam abertos preferencialmente nas classes de professor Assistente, Adjunto ou Titular. Para abertura de concurso na \u00e1rea de Auxiliar precisa de justificativa do Departamento. 1993\/02 &#8211; Altera os termos dos artigos 4\u00b0,5\u00b0 e 6\u00b0 da Resolu\u00e7\u00e3o 13\/92 que trata [&hellip;]<\/p>\n","protected":false},"author":29,"featured_media":0,"parent":196,"menu_order":23,"comment_status":"closed","ping_status":"closed","template":"","meta":{"footnotes":""},"class_list":["post-583","page","type-page","status-publish","hentry"],"_links":{"self":[{"href":"https:\/\/wp.ufpel.edu.br\/scs\/wp-json\/wp\/v2\/pages\/583","targetHints":{"allow":["GET"]}}],"collection":[{"href":"https:\/\/wp.ufpel.edu.br\/scs\/wp-json\/wp\/v2\/pages"}],"about":[{"href":"https:\/\/wp.ufpel.edu.br\/scs\/wp-json\/wp\/v2\/types\/page"}],"author":[{"embeddable":true,"href":"https:\/\/wp.ufpel.edu.br\/scs\/wp-json\/wp\/v2\/users\/29"}],"replies":[{"embeddable":true,"href":"https:\/\/wp.ufpel.edu.br\/scs\/wp-json\/wp\/v2\/comments?post=583"}],"version-history":[{"count":3,"href":"https:\/\/wp.ufpel.edu.br\/scs\/wp-json\/wp\/v2\/pages\/583\/revisions"}],"predecessor-version":[{"id":2116,"href":"https:\/\/wp.ufpel.edu.br\/scs\/wp-json\/wp\/v2\/pages\/583\/revisions\/2116"}],"up":[{"embeddable":true,"href":"https:\/\/wp.ufpel.edu.br\/scs\/wp-json\/wp\/v2\/pages\/196"}],"wp:attachment":[{"href":"https:\/\/wp.ufpel.edu.br\/scs\/wp-json\/wp\/v2\/media?parent=583"}],"curies":[{"name":"wp","href":"https:\/\/api.w.org\/{rel}","templated":true}]}}