{"id":5802,"date":"2020-03-09T10:07:50","date_gmt":"2020-03-09T13:07:50","guid":{"rendered":"https:\/\/wp.ufpel.edu.br\/scs\/?page_id=5802"},"modified":"2023-04-10T11:19:51","modified_gmt":"2023-04-10T14:19:51","slug":"2020-2","status":"publish","type":"page","link":"https:\/\/wp.ufpel.edu.br\/scs\/parecer-normativo\/2020-2\/","title":{"rendered":"2020"},"content":{"rendered":"<p>PARECER NORMATIVO N\u00ba 11, DE 30 DE ABRIL DE 2020 \u2013 <a href=\"https:\/\/wp.ufpel.edu.br\/scs\/files\/2020\/05\/SEI_UFPel-0938862-Parecer-Normativo-COCEPE-11.pdf\">Aprova o Regimento Geral dos PPGG &#8220;Lato sensu&#8221; &#8211; Resid\u00eancias na UFPel.\u00a0<\/a><\/p>\n<p>PARECER NORMATIVO N\u00ba 12, DE 28 DE MAIO DE 2020 \u2013 <a href=\"https:\/\/wp.ufpel.edu.br\/scs\/files\/2020\/05\/SEI_UFPel-0958816-Parecer-Normativo-COCEPE-12.pdf\">Aprova\u00a0 o\u00a0Calend\u00e1rio Acad\u00eamico Alternativo no contexto da pandemia do COVID-19, na Universidade Federal de Pelotas\u200b.<\/a><\/p>\n<p>PARECER NORMATIVO N\u00ba 13, DE 28 DE MAIO DE 2020 \u2013 <a href=\"https:\/\/wp.ufpel.edu.br\/scs\/files\/2020\/05\/SEI_UFPel-0958858-Parecer-Normativo-COCEPE-13.pdf\">Aprova as Normas para Est\u00e1gios Obrigat\u00f3rios e Trabalhos de Conclus\u00e3o de Curso (TCCs)\u00a0na UFPel,\u00a0\u00a0durante a Pandemia causada pela COVID-19\u200b.<\/a><\/p>\n<p>PARECER NORMATIVO N\u00ba 14, DE 22 DE MAIO DE 2020 \u2013 <a href=\"https:\/\/wp.ufpel.edu.br\/scs\/files\/2020\/05\/SEI_UFPel-0955817-Parecer-Normativo-COCEPE-14.pdf\">Aprova os Procedimentos para Cola\u00e7\u00e3o de Grau no per\u00edodo de excepcionalidade, na Universidade Federal de Pelotas.<\/a><\/p>\n<p>PARECER NORMATIVO N\u00ba 15, DE 18 DE JUNHO DE 2020 \u2013 <a href=\"https:\/\/wp.ufpel.edu.br\/scs\/files\/2020\/06\/SEI_UFPel-0980954-Parecer-Normativo-COCEPE-15.pdf\">Aprova o Regimento do Curso de P\u00f3s-Gradua\u00e7\u00e3o em Meteorologia.<\/a><\/p>\n<p>PARECER NORMATIVO N\u00ba 16, DE 09 DE JULHO DE 2020 \u2013 <a href=\"https:\/\/wp.ufpel.edu.br\/scs\/files\/2020\/07\/SEI_UFPel-0996294-Parecer-Normativo-COCEPE-162020.pdf\">Aprova as Normas para Est\u00e1gios Obrigat\u00f3rios e Trabalhos de Conclus\u00e3o de Curso (TCCs) na UFPel, durante a Pandemia causada pela COVID-19.<\/a><\/p>\n<p>PARECER NORMATIVO N\u00ba 17, DE 09 DE JULHO DE 2020 \u2013 <a href=\"https:\/\/wp.ufpel.edu.br\/scs\/files\/2020\/07\/SEI_UFPel-0998036-Parecer-Normativo-COCEPE-17-2020.pdf\">Aprova Altera\u00e7\u00e3o do Regimento do PPG em Educa\u00e7\u00e3o Matem\u00e1tica &#8211; PPGEMAT da UFPel<\/a><\/p>\n<p>PARECER NORMATIVO N\u00ba 18, DE 20 DE AGOSTO DE 2020 &#8211; <a href=\"https:\/\/wp.ufpel.edu.br\/scs\/files\/2020\/09\/Parecer-Normativo-n-o-18.pdf\">Atualiza\u00e7\u00e3o do Regimento Interno do PPGEpi<\/a><\/p>\n<p>PARECER NORMATIVO N\u00ba 19, DE 10 DE SETEMBRO DE 2020 &#8211; <a href=\"https:\/\/wp.ufpel.edu.br\/scs\/files\/2020\/09\/Parecer-Normativo-n-o-19.pdf\">Regulamenta\u00e7\u00e3o da oferta de disciplinas decorrentes da suspens\u00e3o do semestre 2020\/1<\/a><\/p>\n<p>PARECER NORMATIVO N\u00ba 20, DE 15 DE SETEMBRO DE 2020 &#8211; <a href=\"https:\/\/wp.ufpel.edu.br\/scs\/files\/2020\/09\/Parecer-Normativo-n-o-20-1.pdf\">Calend\u00e1rio Acad\u00eamico Remoto Emergencial no contexto da pandemia do COVID-19<\/a><\/p>\n<p>PARECER NORMATIVO N\u00ba 21, DE 01 DE OUTUBRO DE 2020 &#8211; <a href=\"https:\/\/wp.ufpel.edu.br\/scs\/files\/2020\/10\/Parecer-Normativo-n-o-21.pdf\">Aprova as Normas para a pol\u00edtica de garantia de vagas em componentes curriculares para estudantes ind\u00edgenas e quilombolas, durante o Calend\u00e1rio Remoto no per\u00edodo de Pandemia causada pela COVID-19.<\/a><\/p>\n<p>PARECER NORMATIVO N\u00ba 22, DE 01 DE OUTUBRO DE 2020 &#8211; <a href=\"https:\/\/wp.ufpel.edu.br\/scs\/files\/2020\/10\/Parecer-Normativo-n-o-22.pdf\">Regimento do Programa de P\u00f3s-Gradua\u00e7\u00e3o em Computa\u00e7\u00e3o.<\/a><\/p>\n<p>PARECER NORMATIVO N\u00ba 23, DE 01 DE OUTUBRO DE 2020 &#8211; <a href=\"https:\/\/wp.ufpel.edu.br\/scs\/files\/2020\/10\/Parecer-Normativo-n-o-23.pdf\">Disp\u00f5e sobre a normatiza\u00e7\u00e3o do Trabalho de Conclus\u00e3o de Curso do Curso de Odontologia da Faculdade de Odontologia da Universidade Federal de Pelotas.<\/a>&#8211; <a href=\"https:\/\/wp.ufpel.edu.br\/scs\/files\/2022\/06\/anexos_parecer_23.2020.pdf\">Anexos I, II, III e IV<\/a><\/p>\n<p>PARECER NRMATIVO N\u00ba 24, DE\u00a0 19 DE\u00a0 novembro DE 2020 &#8211; <a href=\"https:\/\/wp.ufpel.edu.br\/scs\/files\/2020\/12\/Parecer-Normativo-24.pdf\">Aprova o Regimento do Programa de P\u00f3s-Gradua\u00e7\u00e3o em Arquitetura e Urbanismo (PROGRAU)\/FAURB.<\/a><\/p>\n<p>PARECER NORMATIVO N\u00ba 25, DE 17 DE DEZEMBRO DE 2020 &#8211; <a href=\"https:\/\/wp.ufpel.edu.br\/scs\/files\/2023\/04\/Digitalizar_2023_04_10_11_15_23_154.pdf\">Aprova o Regimento do Curso de Agronomia.<\/a><\/p>\n<p>PARECER NORMATIVO N\u00ba 26, DE 22 DE DEZEMBRO DE 2020 &#8211; <a href=\"https:\/\/wp.ufpel.edu.br\/scs\/files\/2020\/12\/Parecer-Normativo-26.pdf\">Regulamenta as atividades referentes ao Calend\u00e1rio Acad\u00eamico 2020\/2 a serem realizadas em 2021\/1 na Universidade Federal de Pelotas<\/a>. (alterado pelo Parecer Normativo n\u00ba 50)<\/p>\n<p>PARECER NORMATIVO N\u00ba 27, DE 23 DE DEZEMBRO DE 2020 &#8211; <a href=\"https:\/\/wp.ufpel.edu.br\/scs\/files\/2020\/12\/Parecer-Normativo-27.pdf\">Realoca\u00e7\u00e3o de vagas dos Cursos UAB-UFPel 2020 e atualiza\u00e7\u00e3o da Plataforma e-MEC.<\/a><\/p>\n<p>&nbsp;<\/p>\n<p class=\"Texto_Centralizado_Maiusculas_Negrito\">\n","protected":false},"excerpt":{"rendered":"<p>PARECER NORMATIVO N\u00ba 11, DE 30 DE ABRIL DE 2020 \u2013 Aprova o Regimento Geral dos PPGG &#8220;Lato sensu&#8221; &#8211; Resid\u00eancias na UFPel.\u00a0 PARECER NORMATIVO N\u00ba 12, DE 28 DE MAIO DE 2020 \u2013 Aprova\u00a0 o\u00a0Calend\u00e1rio Acad\u00eamico Alternativo no contexto da pandemia do COVID-19, na Universidade Federal de Pelotas\u200b. PARECER NORMATIVO N\u00ba 13, DE 28 [&hellip;]<\/p>\n","protected":false},"author":29,"featured_media":0,"parent":5389,"menu_order":0,"comment_status":"closed","ping_status":"closed","template":"","meta":{"footnotes":""},"class_list":["post-5802","page","type-page","status-publish","hentry"],"_links":{"self":[{"href":"https:\/\/wp.ufpel.edu.br\/scs\/wp-json\/wp\/v2\/pages\/5802","targetHints":{"allow":["GET"]}}],"collection":[{"href":"https:\/\/wp.ufpel.edu.br\/scs\/wp-json\/wp\/v2\/pages"}],"about":[{"href":"https:\/\/wp.ufpel.edu.br\/scs\/wp-json\/wp\/v2\/types\/page"}],"author":[{"embeddable":true,"href":"https:\/\/wp.ufpel.edu.br\/scs\/wp-json\/wp\/v2\/users\/29"}],"replies":[{"embeddable":true,"href":"https:\/\/wp.ufpel.edu.br\/scs\/wp-json\/wp\/v2\/comments?post=5802"}],"version-history":[{"count":70,"href":"https:\/\/wp.ufpel.edu.br\/scs\/wp-json\/wp\/v2\/pages\/5802\/revisions"}],"predecessor-version":[{"id":8292,"href":"https:\/\/wp.ufpel.edu.br\/scs\/wp-json\/wp\/v2\/pages\/5802\/revisions\/8292"}],"up":[{"embeddable":true,"href":"https:\/\/wp.ufpel.edu.br\/scs\/wp-json\/wp\/v2\/pages\/5389"}],"wp:attachment":[{"href":"https:\/\/wp.ufpel.edu.br\/scs\/wp-json\/wp\/v2\/media?parent=5802"}],"curies":[{"name":"wp","href":"https:\/\/api.w.org\/{rel}","templated":true}]}}