{"id":5778,"date":"2020-03-03T14:21:14","date_gmt":"2020-03-03T17:21:14","guid":{"rendered":"https:\/\/wp.ufpel.edu.br\/scs\/?page_id=5778"},"modified":"2022-10-10T09:12:50","modified_gmt":"2022-10-10T12:12:50","slug":"2020-2","status":"publish","type":"page","link":"https:\/\/wp.ufpel.edu.br\/scs\/cocepe\/resolucoes\/2020-2\/","title":{"rendered":"2020"},"content":{"rendered":"<p>Resolu\u00e7\u00e3o n\u00ba 01\/2020 &#8211; <a href=\"https:\/\/wp.ufpel.edu.br\/scs\/files\/2020\/03\/Res.-01.2020-Pol\u00edtica-Lingu\u00edstica-Institucional-da-UFPel.pdf\">Institui a Pol\u00edtica Lingu\u00edstica da Universidade Federal de Pelotas (UFPel).<\/a><\/p>\n<p>Resolu\u00e7\u00e3o n\u00ba 02\/2020 \u2013 <a href=\"https:\/\/wp.ufpel.edu.br\/scs\/files\/2020\/06\/SEI_UFPel-0981714-Resolu\u00e7\u00e3o-2-2020.pdf\">Disp\u00f5e sobre o Regulamento dos Programas e Projetos de Inova\u00e7\u00e3o da Universidade Federal de Pelotas \u2013 UFPEL, e d\u00e1 outras provid\u00eancias.<\/a><\/p>\n<p>Resolu\u00e7\u00e3o n\u00ba 03\/2020 &#8211; <a href=\"https:\/\/wp.ufpel.edu.br\/scs\/files\/2020\/10\/Resolucao-03.2020-COCEPE.pdf\">Flexibiliza\u00e7\u00e3o de tempo regimental de perman\u00eancia de estudantes da P\u00f3s-Gradua\u00e7\u00e3o stricto sensu em virtude dos impactos da Pandemia de COVID-19 nas atividades acad\u00eamicas. <\/a>(<em><span style=\"font-size: 10pt;\">Revogada pela Resolu\u00e7\u00e3o COCEPE 37\/2022)<\/span><\/em><\/p>\n<p>Resolu\u00e7\u00e3o n\u00ba 04\/2020 &#8211; <a href=\"https:\/\/wp.ufpel.edu.br\/scs\/files\/2020\/10\/Resolucao-COCEPE-4-2020.pdf\">Regulamenta o encargo docente no contexto da pandemia COVID-19 na Universidade Federal de Pelotas. <\/a><a href=\"https:\/\/wp.ufpel.edu.br\/scs\/files\/2020\/10\/Resolucao-COCEPE-4-2020.pdf\">\u00a0<span style=\"font-size: 10pt;\"><em>(<\/em><\/span><\/a><span style=\"font-size: 10pt;\"><em>Revogada pela Resolu\u00e7\u00e3o n\u00ba 12\/2021)<\/em><\/span><\/p>\n<p>Resolu\u00e7\u00e3o n\u00ba 05\/2020 &#8211; <a href=\"https:\/\/wp.ufpel.edu.br\/scs\/files\/2020\/10\/Resolucao-05.2020-COCEPE.pdf\">Altera Art. 172 do Regimento de Gradua\u00e7\u00e3o da UFPel<\/a><\/p>\n<p>Resolu\u00e7\u00e3o n\u00ba 06\/2020 &#8211; <a href=\"https:\/\/wp.ufpel.edu.br\/scs\/files\/2020\/12\/Resolucao-06.2020-COCEPE.pdf\">Disp\u00f5e sobre o Regulamento da Integraliza\u00e7\u00e3o das Atividades de Extens\u00e3o nos Cursos de Gradua\u00e7\u00e3o da UFPel e d\u00e1 outras provid\u00eancias.<\/a><\/p>\n<p>&nbsp;<\/p>\n<p>&nbsp;<\/p>\n<p>&nbsp;<\/p>\n","protected":false},"excerpt":{"rendered":"<p>Resolu\u00e7\u00e3o n\u00ba 01\/2020 &#8211; Institui a Pol\u00edtica Lingu\u00edstica da Universidade Federal de Pelotas (UFPel). Resolu\u00e7\u00e3o n\u00ba 02\/2020 \u2013 Disp\u00f5e sobre o Regulamento dos Programas e Projetos de Inova\u00e7\u00e3o da Universidade Federal de Pelotas \u2013 UFPEL, e d\u00e1 outras provid\u00eancias. Resolu\u00e7\u00e3o n\u00ba 03\/2020 &#8211; Flexibiliza\u00e7\u00e3o de tempo regimental de perman\u00eancia de estudantes da P\u00f3s-Gradua\u00e7\u00e3o stricto sensu [&hellip;]<\/p>\n","protected":false},"author":29,"featured_media":0,"parent":196,"menu_order":0,"comment_status":"closed","ping_status":"closed","template":"","meta":{"footnotes":""},"class_list":["post-5778","page","type-page","status-publish","hentry"],"_links":{"self":[{"href":"https:\/\/wp.ufpel.edu.br\/scs\/wp-json\/wp\/v2\/pages\/5778","targetHints":{"allow":["GET"]}}],"collection":[{"href":"https:\/\/wp.ufpel.edu.br\/scs\/wp-json\/wp\/v2\/pages"}],"about":[{"href":"https:\/\/wp.ufpel.edu.br\/scs\/wp-json\/wp\/v2\/types\/page"}],"author":[{"embeddable":true,"href":"https:\/\/wp.ufpel.edu.br\/scs\/wp-json\/wp\/v2\/users\/29"}],"replies":[{"embeddable":true,"href":"https:\/\/wp.ufpel.edu.br\/scs\/wp-json\/wp\/v2\/comments?post=5778"}],"version-history":[{"count":18,"href":"https:\/\/wp.ufpel.edu.br\/scs\/wp-json\/wp\/v2\/pages\/5778\/revisions"}],"predecessor-version":[{"id":7893,"href":"https:\/\/wp.ufpel.edu.br\/scs\/wp-json\/wp\/v2\/pages\/5778\/revisions\/7893"}],"up":[{"embeddable":true,"href":"https:\/\/wp.ufpel.edu.br\/scs\/wp-json\/wp\/v2\/pages\/196"}],"wp:attachment":[{"href":"https:\/\/wp.ufpel.edu.br\/scs\/wp-json\/wp\/v2\/media?parent=5778"}],"curies":[{"name":"wp","href":"https:\/\/api.w.org\/{rel}","templated":true}]}}