{"id":576,"date":"2010-08-09T21:13:56","date_gmt":"2010-08-09T23:13:56","guid":{"rendered":"https:\/\/wp.ufpel.edu.br\/scs\/"},"modified":"2015-03-05T15:07:45","modified_gmt":"2015-03-05T18:07:45","slug":"1995-2","status":"publish","type":"page","link":"https:\/\/wp.ufpel.edu.br\/scs\/cocepe\/resolucoes\/1995-2\/","title":{"rendered":"1995"},"content":{"rendered":"<p>1995\/01 &#8211; <a href=\"https:\/\/wp.ufpel.edu.br\/scs\/files\/2010\/08\/1995_01.pdf\">Aprova normas para admiss\u00e3o de professor Visitante.<\/a><\/p>\n<p>19950\/2 &#8211; <a href=\"https:\/\/wp.ufpel.edu.br\/scs\/files\/2010\/08\/1995_02.pdf\">Institui a modalidade de Projetos de Ensino, de natureza n\u00e3o curricular, que dever\u00e3o ser elaborados segundo normas da Pr\u00f3-Reitoria de Gradua\u00e7\u00e3o.<\/a><\/p>\n<p>1995\/03 &#8211; <a href=\"https:\/\/wp.ufpel.edu.br\/scs\/files\/2010\/08\/1995_03.pdf\">Estabelece a identifica\u00e7\u00e3o e oferta de vagas n\u00e3o ocupadas desvinculada do c\u00e1lculo total de vagas por curso.<\/a><\/p>\n<p>1995\/04 &#8211; <a href=\"https:\/\/wp.ufpel.edu.br\/scs\/files\/2010\/08\/1995_04.pdf\">Estabelece normas para a publica\u00e7\u00e3o e pedido de revis\u00e3o de provas\/notas.<\/a><\/p>\n<p>1995\/05 &#8211; <a href=\"https:\/\/wp.ufpel.edu.br\/scs\/files\/2010\/08\/1995_05.pdf\">Estabelece que ap\u00f3s analisar processos de reop\u00e7\u00e3o dentro da mesma \u00e1rea, se sobrarem vagas podem ser oferecidas \u00e0 reop\u00e7\u00e3o fora de \u00e1rea.<\/a><\/p>\n<p>1995\/06 &#8211; <a href=\"https:\/\/wp.ufpel.edu.br\/scs\/files\/2010\/08\/1995_06.pdf\">Estabelece normas de funcionamento do Programa de Forma\u00e7\u00e3o para Professores Leigos das Redes P\u00fablicas de Ensino da Regi\u00e3o Sul do Estado do Rio Grande do Sul.<\/a><\/p>\n<p>1995\/07 &#8211; <a href=\"https:\/\/wp.ufpel.edu.br\/scs\/files\/2010\/08\/1995_07.pdf\">Implanta as normas para Progress\u00e3o Funcional por titula\u00e7\u00e3o e Avalia\u00e7\u00e3o de Desempenho Acad\u00eamico.<\/a> <a title=\"Anexo\" href=\"https:\/\/wp.ufpel.edu.br\/scs\/files\/2010\/08\/1995_07_B.pdf\" target=\"_blank\"><img class=\"size-full wp-image-312\" src=\"https:\/\/wp.ufpel.edu.br\/scs\/files\/2010\/08\/1281295520_paperclip.png\" alt=\"\" width=\"16\" height=\"16\" \/><\/a><\/p>\n","protected":false},"excerpt":{"rendered":"<p>1995\/01 &#8211; Aprova normas para admiss\u00e3o de professor Visitante. 19950\/2 &#8211; Institui a modalidade de Projetos de Ensino, de natureza n\u00e3o curricular, que dever\u00e3o ser elaborados segundo normas da Pr\u00f3-Reitoria de Gradua\u00e7\u00e3o. 1995\/03 &#8211; Estabelece a identifica\u00e7\u00e3o e oferta de vagas n\u00e3o ocupadas desvinculada do c\u00e1lculo total de vagas por curso. 1995\/04 &#8211; Estabelece normas [&hellip;]<\/p>\n","protected":false},"author":29,"featured_media":0,"parent":196,"menu_order":21,"comment_status":"closed","ping_status":"closed","template":"","meta":{"footnotes":""},"class_list":["post-576","page","type-page","status-publish","hentry"],"_links":{"self":[{"href":"https:\/\/wp.ufpel.edu.br\/scs\/wp-json\/wp\/v2\/pages\/576","targetHints":{"allow":["GET"]}}],"collection":[{"href":"https:\/\/wp.ufpel.edu.br\/scs\/wp-json\/wp\/v2\/pages"}],"about":[{"href":"https:\/\/wp.ufpel.edu.br\/scs\/wp-json\/wp\/v2\/types\/page"}],"author":[{"embeddable":true,"href":"https:\/\/wp.ufpel.edu.br\/scs\/wp-json\/wp\/v2\/users\/29"}],"replies":[{"embeddable":true,"href":"https:\/\/wp.ufpel.edu.br\/scs\/wp-json\/wp\/v2\/comments?post=576"}],"version-history":[{"count":4,"href":"https:\/\/wp.ufpel.edu.br\/scs\/wp-json\/wp\/v2\/pages\/576\/revisions"}],"predecessor-version":[{"id":2115,"href":"https:\/\/wp.ufpel.edu.br\/scs\/wp-json\/wp\/v2\/pages\/576\/revisions\/2115"}],"up":[{"embeddable":true,"href":"https:\/\/wp.ufpel.edu.br\/scs\/wp-json\/wp\/v2\/pages\/196"}],"wp:attachment":[{"href":"https:\/\/wp.ufpel.edu.br\/scs\/wp-json\/wp\/v2\/media?parent=576"}],"curies":[{"name":"wp","href":"https:\/\/api.w.org\/{rel}","templated":true}]}}