{"id":5755,"date":"2020-02-13T11:53:46","date_gmt":"2020-02-13T14:53:46","guid":{"rendered":"https:\/\/wp.ufpel.edu.br\/scs\/?page_id=5755"},"modified":"2020-10-19T17:34:57","modified_gmt":"2020-10-19T20:34:57","slug":"2020-2","status":"publish","type":"page","link":"https:\/\/wp.ufpel.edu.br\/scs\/cocepe\/convocacoes\/2020-2\/","title":{"rendered":"2020"},"content":{"rendered":"<p><a href=\"https:\/\/wp.ufpel.edu.br\/scs\/files\/2020\/02\/SEI_UFPel-0861383-Convoca\u00e7\u00e3o-06.02.2020.pdf\">Convoca\u00e7\u00e3o 01.2020<\/a>\u00a0\u2013 Reuni\u00e3o de 06.02.2020<\/p>\n<p><a href=\"https:\/\/wp.ufpel.edu.br\/scs\/files\/2020\/03\/SEI_UFPel-0874306-Convoca\u00e7\u00e3o-20.02.2020.pdf\">Convoca\u00e7\u00e3o 02.2020<\/a>\u00a0\u2013 Reuni\u00e3o de 20.02.2020<\/p>\n<p><a href=\"https:\/\/wp.ufpel.edu.br\/scs\/files\/2020\/03\/SEI_23110.005771_2020_01-Convoca\u00e7\u00e3o-COCEPE-05.03.20.pdf\">Convoca\u00e7\u00e3o 03.2020<\/a>\u00a0\u2013 Reuni\u00e3o de 05.03.2020<\/p>\n<p><a href=\"https:\/\/wp.ufpel.edu.br\/scs\/files\/2020\/03\/SEI_UFPel-0896577-Convoca\u00e7\u00e3o.pdf\">Convoca\u00e7\u00e3o 04.2020<\/a>\u00a0\u2013 Reuni\u00e3o de 12.03.2020<\/p>\n<p><a href=\"https:\/\/wp.ufpel.edu.br\/scs\/files\/2020\/04\/SEI_UFPel-0927522-Convoca\u00e7\u00e3o-05.2020.pdf\">Convoca\u00e7\u00e3o 05.2020<\/a>\u00a0\u2013 Reuni\u00e3o de 16.04.2020<\/p>\n<p><a href=\"https:\/\/wp.ufpel.edu.br\/scs\/files\/2020\/05\/SEI_UFPel-0936582-Convoca\u00e7\u00e3o.pdf\">Convoca\u00e7\u00e3o 06.2020 <\/a>\u2013 Reuni\u00e3o de 30.04.2020<\/p>\n<p><a href=\"https:\/\/wp.ufpel.edu.br\/scs\/files\/2020\/05\/SEI_UFPel-0947672-Convoca\u00e7\u00e3o-07-2020.pdf\">Convoca\u00e7\u00e3o 07-2020<\/a> \u2013 Reuni\u00e3o de 14.05.2020 &#8211; <a href=\"https:\/\/wp.ufpel.edu.br\/scs\/files\/2020\/05\/SEI_UFPel-0947775-Convoca\u00e7\u00e3o-07-2020-EXTRA.pdf\">EXTRA<\/a><\/p>\n<p><a href=\"https:\/\/wp.ufpel.edu.br\/scs\/files\/2020\/05\/SEI_UFPel-0952552-Convoca\u00e7\u00e3o08-2020.pdf\">Convoca\u00e7\u00e3o 08-2020<\/a>\u2013 Reuni\u00e3o de 22.05.2020<\/p>\n<p><a href=\"https:\/\/wp.ufpel.edu.br\/scs\/files\/2020\/06\/SEI_UFPel-0957349-Convoca\u00e7\u00e3o-09-2020.pdf\">Convoca\u00e7\u00e3o 09-2020<\/a>\u2013 Reuni\u00e3o de 28.05.2020<\/p>\n<p><a href=\"https:\/\/wp.ufpel.edu.br\/scs\/files\/2020\/06\/SEI_UFPel-0965192-Convoca\u00e7\u00e3o-102020.pdf\">Convoca\u00e7\u00e3o 10-2020<\/a>\u2013 Reuni\u00e3o de 04.06.2020<\/p>\n<p><a href=\"https:\/\/wp.ufpel.edu.br\/scs\/files\/2020\/06\/SEI_UFPel-0977498-Convoca\u00e7\u00e3o-11-2020.pdf\">Convoca\u00e7\u00e3o 11-2020<\/a>\u2013 Reuni\u00e3o de 18.06.2020<\/p>\n<p><a href=\"https:\/\/wp.ufpel.edu.br\/scs\/files\/2020\/07\/SEI_UFPel-0994154-Convoca\u00e7\u00e3o-ata-122020.pdf\">Convoca\u00e7\u00e3o 12-2020<\/a> \u2013 Reuni\u00e3o de 09.07.2020<\/p>\n<p><a href=\"https:\/\/wp.ufpel.edu.br\/scs\/files\/2020\/07\/SEI_UFPel-1004633-Convoca\u00e7\u00e3o-13.2020.pdf\">Convoca\u00e7\u00e3o 13-2020<\/a>\u00a0\u2013 Reuni\u00e3o de 23.07.2020<\/p>\n<p><a href=\"https:\/\/wp.ufpel.edu.br\/scs\/files\/2020\/08\/SEI_UFPel-1015782-Convoca\u00e7\u00e3o-ata-14-2020.pdf\">Convoca\u00e7\u00e3o 14-2020<\/a>\u00a0\u2013 Reuni\u00e3o de 06.08.2020<\/p>\n<p><a href=\"https:\/\/wp.ufpel.edu.br\/scs\/files\/2020\/09\/Conv.-COCEPE-Ata-15.2020.pdf\">Convoca\u00e7\u00e3o 15.2020<\/a>\u00a0 &#8211; Reuni\u00e3o de 20.08.2020<\/p>\n<p><a href=\"https:\/\/wp.ufpel.edu.br\/scs\/files\/2020\/09\/Conv.-COCEPE-03.09.2020-Ata-16.pdf\">Convoca\u00e7\u00e3o 16.2020<\/a>\u00a0&#8211; Reuni\u00e3o de 03.09.2020<\/p>\n<p><a href=\"https:\/\/wp.ufpel.edu.br\/scs\/files\/2020\/09\/Conv.-COCEPE-10.09.2020-Ata-16.pdf\">Convoca\u00e7\u00e3o 16A.2020<\/a> &#8211; Reuni\u00e3o de 10.09.2020 (desdobramento de 03.09.2020)<\/p>\n<p><a href=\"https:\/\/wp.ufpel.edu.br\/scs\/files\/2020\/09\/Coonv.-COCEPE-Ata-17.2020.pdf\">Convoca\u00e7\u00e3o 17.2020<\/a> &#8211; Reuni\u00e3o de 15.09.2020<\/p>\n<p><a href=\"https:\/\/wp.ufpel.edu.br\/scs\/files\/2020\/10\/Conv.-COCEPE-1o.10.2020-Ata-18.pdf\">Convoca\u00e7\u00e3o 18.2020<\/a>\u00a0&#8211; Reuni\u00e3o de 01.10.2020<\/p>\n<p>&nbsp;<\/p>\n<p>&nbsp;<\/p>\n","protected":false},"excerpt":{"rendered":"<p>Convoca\u00e7\u00e3o 01.2020\u00a0\u2013 Reuni\u00e3o de 06.02.2020 Convoca\u00e7\u00e3o 02.2020\u00a0\u2013 Reuni\u00e3o de 20.02.2020 Convoca\u00e7\u00e3o 03.2020\u00a0\u2013 Reuni\u00e3o de 05.03.2020 Convoca\u00e7\u00e3o 04.2020\u00a0\u2013 Reuni\u00e3o de 12.03.2020 Convoca\u00e7\u00e3o 05.2020\u00a0\u2013 Reuni\u00e3o de 16.04.2020 Convoca\u00e7\u00e3o 06.2020 \u2013 Reuni\u00e3o de 30.04.2020 Convoca\u00e7\u00e3o 07-2020 \u2013 Reuni\u00e3o de 14.05.2020 &#8211; EXTRA Convoca\u00e7\u00e3o 08-2020\u2013 Reuni\u00e3o de 22.05.2020 Convoca\u00e7\u00e3o 09-2020\u2013 Reuni\u00e3o de 28.05.2020 Convoca\u00e7\u00e3o 10-2020\u2013 Reuni\u00e3o de 04.06.2020 Convoca\u00e7\u00e3o [&hellip;]<\/p>\n","protected":false},"author":29,"featured_media":0,"parent":3626,"menu_order":0,"comment_status":"closed","ping_status":"closed","template":"","meta":{"footnotes":""},"class_list":["post-5755","page","type-page","status-publish","hentry"],"_links":{"self":[{"href":"https:\/\/wp.ufpel.edu.br\/scs\/wp-json\/wp\/v2\/pages\/5755","targetHints":{"allow":["GET"]}}],"collection":[{"href":"https:\/\/wp.ufpel.edu.br\/scs\/wp-json\/wp\/v2\/pages"}],"about":[{"href":"https:\/\/wp.ufpel.edu.br\/scs\/wp-json\/wp\/v2\/types\/page"}],"author":[{"embeddable":true,"href":"https:\/\/wp.ufpel.edu.br\/scs\/wp-json\/wp\/v2\/users\/29"}],"replies":[{"embeddable":true,"href":"https:\/\/wp.ufpel.edu.br\/scs\/wp-json\/wp\/v2\/comments?post=5755"}],"version-history":[{"count":21,"href":"https:\/\/wp.ufpel.edu.br\/scs\/wp-json\/wp\/v2\/pages\/5755\/revisions"}],"predecessor-version":[{"id":6121,"href":"https:\/\/wp.ufpel.edu.br\/scs\/wp-json\/wp\/v2\/pages\/5755\/revisions\/6121"}],"up":[{"embeddable":true,"href":"https:\/\/wp.ufpel.edu.br\/scs\/wp-json\/wp\/v2\/pages\/3626"}],"wp:attachment":[{"href":"https:\/\/wp.ufpel.edu.br\/scs\/wp-json\/wp\/v2\/media?parent=5755"}],"curies":[{"name":"wp","href":"https:\/\/api.w.org\/{rel}","templated":true}]}}