{"id":574,"date":"2010-08-09T21:04:15","date_gmt":"2010-08-09T23:04:15","guid":{"rendered":"https:\/\/wp.ufpel.edu.br\/scs\/"},"modified":"2015-03-05T15:07:38","modified_gmt":"2015-03-05T18:07:38","slug":"1996-2","status":"publish","type":"page","link":"https:\/\/wp.ufpel.edu.br\/scs\/cocepe\/resolucoes\/1996-2\/","title":{"rendered":"1996"},"content":{"rendered":"<p>1996\/01 &#8211; <a href=\"https:\/\/wp.ufpel.edu.br\/scs\/files\/2010\/08\/1996_01.pdf\">Implanta as novas normas para Progress\u00e3o Funcional por Titula\u00e7\u00e3o e Avalia\u00e7\u00e3o de Desempenho Acad\u00eamico.<\/a> <a title=\"Anexo\" href=\"https:\/\/wp.ufpel.edu.br\/scs\/files\/2010\/08\/1996_01_B.pdf\" target=\"_blank\"><img class=\"size-full wp-image-312\" src=\"https:\/\/wp.ufpel.edu.br\/scs\/files\/2010\/08\/1281295520_paperclip.png\" alt=\"\" width=\"16\" height=\"16\" \/><\/a><\/p>\n","protected":false},"excerpt":{"rendered":"<p>1996\/01 &#8211; Implanta as novas normas para Progress\u00e3o Funcional por Titula\u00e7\u00e3o e Avalia\u00e7\u00e3o de Desempenho Acad\u00eamico.<\/p>\n","protected":false},"author":29,"featured_media":0,"parent":196,"menu_order":20,"comment_status":"closed","ping_status":"closed","template":"","meta":{"footnotes":""},"class_list":["post-574","page","type-page","status-publish","hentry"],"_links":{"self":[{"href":"https:\/\/wp.ufpel.edu.br\/scs\/wp-json\/wp\/v2\/pages\/574","targetHints":{"allow":["GET"]}}],"collection":[{"href":"https:\/\/wp.ufpel.edu.br\/scs\/wp-json\/wp\/v2\/pages"}],"about":[{"href":"https:\/\/wp.ufpel.edu.br\/scs\/wp-json\/wp\/v2\/types\/page"}],"author":[{"embeddable":true,"href":"https:\/\/wp.ufpel.edu.br\/scs\/wp-json\/wp\/v2\/users\/29"}],"replies":[{"embeddable":true,"href":"https:\/\/wp.ufpel.edu.br\/scs\/wp-json\/wp\/v2\/comments?post=574"}],"version-history":[{"count":2,"href":"https:\/\/wp.ufpel.edu.br\/scs\/wp-json\/wp\/v2\/pages\/574\/revisions"}],"predecessor-version":[{"id":1189,"href":"https:\/\/wp.ufpel.edu.br\/scs\/wp-json\/wp\/v2\/pages\/574\/revisions\/1189"}],"up":[{"embeddable":true,"href":"https:\/\/wp.ufpel.edu.br\/scs\/wp-json\/wp\/v2\/pages\/196"}],"wp:attachment":[{"href":"https:\/\/wp.ufpel.edu.br\/scs\/wp-json\/wp\/v2\/media?parent=574"}],"curies":[{"name":"wp","href":"https:\/\/api.w.org\/{rel}","templated":true}]}}