{"id":572,"date":"2010-08-09T21:02:54","date_gmt":"2010-08-09T23:02:54","guid":{"rendered":"https:\/\/wp.ufpel.edu.br\/scs\/"},"modified":"2015-03-05T15:07:29","modified_gmt":"2015-03-05T18:07:29","slug":"1997-2","status":"publish","type":"page","link":"https:\/\/wp.ufpel.edu.br\/scs\/cocepe\/resolucoes\/1997-2\/","title":{"rendered":"1997"},"content":{"rendered":"<p>1997\/01 &#8211; <a title=\"Resolu\u00e7\u00e3o 01\/1997\" href=\"https:\/\/wp.ufpel.edu.br\/scs\/files\/2010\/08\/cocepe_1997_1_R.pdf\" target=\"_blank\">Implantar as novas normas para a mudan\u00e7a de regime de trabalho e\/ou ingresso no Quadro Docente da UFPel. (revogada pela resolu\u00e7\u00e3o 04\/97)<\/a><\/p>\n<p>1997\/02 &#8211; <a title=\"Resolu\u00e7\u00e3o 02\/1997\" href=\"https:\/\/wp.ufpel.edu.br\/scs\/files\/2010\/08\/cocepe_1997_2_R.pdf\" target=\"_blank\">Contempla\u00e7\u00e3o de Bolsas (Inicia\u00e7\u00e3o Cient\u00edfica, Monitoria, Extens\u00e3o, Alimenta\u00e7\u00e3o, etc&#8230;) a acad\u00eamicos da UFPel.<\/a><\/p>\n<p>1997\/03 &#8211; <a title=\"Resolu\u00e7\u00e3o 03\/1997\" href=\"https:\/\/wp.ufpel.edu.br\/scs\/files\/2010\/08\/cocepe_1997_3_R.pdf\" target=\"_blank\">Aprova normas para acesso \u00e0 classe de Professor Titular do Ensino de 1\u00ba e 2\u00ba graus na UFPel.<\/a> <a title=\"Anexo\" href=\"https:\/\/wp.ufpel.edu.br\/scs\/files\/2010\/08\/cocepe_1997_3_A.pdf\"><img class=\"size-full wp-image-312\" src=\"https:\/\/wp.ufpel.edu.br\/scs\/files\/2010\/08\/1281295520_paperclip.png\" alt=\"\" width=\"16\" height=\"16\" \/><\/a><\/p>\n<p>1997\/04 &#8211; <a title=\"Resolu\u00e7\u00e3o 04\/1997\" href=\"https:\/\/wp.ufpel.edu.br\/scs\/files\/2010\/08\/cocepe_1997_4_R.pdf\" target=\"_blank\">Implanta as novas normas para a mudan\u00e7a de regime de trabalho e\/ou ingresso no quadro docente da UFPel.<\/a> <a title=\"Anexo\" href=\"https:\/\/wp.ufpel.edu.br\/scs\/files\/2010\/08\/cocepe_1997_4_A.pdf\" target=\"_blank\"><img class=\"size-full wp-image-312\" src=\"https:\/\/wp.ufpel.edu.br\/scs\/files\/2010\/08\/1281295520_paperclip.png\" alt=\"\" width=\"16\" height=\"16\" \/><\/a><\/p>\n<p>1997\/05 &#8211; <a title=\"Resolu\u00e7\u00e3o 05\/1997\" href=\"https:\/\/wp.ufpel.edu.br\/scs\/files\/2010\/08\/cocepe_1997_5_R.pdf\" target=\"_blank\">Altera os termos do artigo 3\u00ba e par\u00e1grafo \u00fanico da Resolu\u00e7\u00e3o 04\/97 do COCEPE.<\/a><\/p>\n","protected":false},"excerpt":{"rendered":"<p>1997\/01 &#8211; Implantar as novas normas para a mudan\u00e7a de regime de trabalho e\/ou ingresso no Quadro Docente da UFPel. (revogada pela resolu\u00e7\u00e3o 04\/97) 1997\/02 &#8211; Contempla\u00e7\u00e3o de Bolsas (Inicia\u00e7\u00e3o Cient\u00edfica, Monitoria, Extens\u00e3o, Alimenta\u00e7\u00e3o, etc&#8230;) a acad\u00eamicos da UFPel. 1997\/03 &#8211; Aprova normas para acesso \u00e0 classe de Professor Titular do Ensino de 1\u00ba e [&hellip;]<\/p>\n","protected":false},"author":29,"featured_media":0,"parent":196,"menu_order":19,"comment_status":"closed","ping_status":"closed","template":"","meta":{"footnotes":""},"class_list":["post-572","page","type-page","status-publish","hentry"],"_links":{"self":[{"href":"https:\/\/wp.ufpel.edu.br\/scs\/wp-json\/wp\/v2\/pages\/572","targetHints":{"allow":["GET"]}}],"collection":[{"href":"https:\/\/wp.ufpel.edu.br\/scs\/wp-json\/wp\/v2\/pages"}],"about":[{"href":"https:\/\/wp.ufpel.edu.br\/scs\/wp-json\/wp\/v2\/types\/page"}],"author":[{"embeddable":true,"href":"https:\/\/wp.ufpel.edu.br\/scs\/wp-json\/wp\/v2\/users\/29"}],"replies":[{"embeddable":true,"href":"https:\/\/wp.ufpel.edu.br\/scs\/wp-json\/wp\/v2\/comments?post=572"}],"version-history":[{"count":7,"href":"https:\/\/wp.ufpel.edu.br\/scs\/wp-json\/wp\/v2\/pages\/572\/revisions"}],"predecessor-version":[{"id":2114,"href":"https:\/\/wp.ufpel.edu.br\/scs\/wp-json\/wp\/v2\/pages\/572\/revisions\/2114"}],"up":[{"embeddable":true,"href":"https:\/\/wp.ufpel.edu.br\/scs\/wp-json\/wp\/v2\/pages\/196"}],"wp:attachment":[{"href":"https:\/\/wp.ufpel.edu.br\/scs\/wp-json\/wp\/v2\/media?parent=572"}],"curies":[{"name":"wp","href":"https:\/\/api.w.org\/{rel}","templated":true}]}}