{"id":567,"date":"2010-08-09T20:57:02","date_gmt":"2010-08-09T22:57:02","guid":{"rendered":"https:\/\/wp.ufpel.edu.br\/scs\/"},"modified":"2015-03-05T15:06:22","modified_gmt":"2015-03-05T18:06:22","slug":"1999-2","status":"publish","type":"page","link":"https:\/\/wp.ufpel.edu.br\/scs\/cocepe\/resolucoes\/1999-2\/","title":{"rendered":"1999"},"content":{"rendered":"<p>1999\/01 &#8211; <a href=\"https:\/\/wp.ufpel.edu.br\/scs\/files\/2010\/08\/1999_01.pdf\">Estabelece a identifica\u00e7\u00e3o e oferta de vagas n\u00e3o ocupadas desvinculada do c\u00e1lculo total de vagas por curso, sem preju\u00edzo deste.<\/a><\/p>\n<p>1999\/02 &#8211; <a href=\"https:\/\/wp.ufpel.edu.br\/scs\/files\/2010\/08\/1999_02.pdf\">Implanta as normas para progress\u00e3o funcional por titula\u00e7\u00e3o e avalia\u00e7\u00e3o de desempenho acad\u00eamico do pessoal docente de n\u00edvel superior.<\/a> <a title=\"Anexo\" href=\"https:\/\/wp.ufpel.edu.br\/scs\/files\/2010\/08\/1999_02_B.pdf\" target=\"_blank\"><img class=\"size-full wp-image-312\" src=\"https:\/\/wp.ufpel.edu.br\/scs\/files\/2010\/08\/1281295520_paperclip.png\" alt=\"\" width=\"16\" height=\"16\" \/><\/a><\/p>\n<p>1999\/03 &#8211; <a href=\"https:\/\/wp.ufpel.edu.br\/scs\/files\/2010\/08\/1999_03.pdf\">Aprova as normas complementares de regulamenta\u00e7\u00e3o da Pesquisa da UFPel.<\/a> <a title=\"Anexo\" href=\"https:\/\/wp.ufpel.edu.br\/scs\/files\/2010\/08\/1999_03_B.pdf\" target=\"_blank\"><img class=\"size-full wp-image-312\" src=\"https:\/\/wp.ufpel.edu.br\/scs\/files\/2010\/08\/1281295520_paperclip.png\" alt=\"\" width=\"16\" height=\"16\" \/><\/a><\/p>\n<p>1999\/04 &#8211; <a href=\"https:\/\/wp.ufpel.edu.br\/scs\/files\/2010\/08\/1999_04.pdf\">Maneiras de dispensar do reconhecimento e revalida\u00e7\u00e3o os diplomas de docentes.e revalida\u00e7\u00e3o os diplomas de docentes.<\/a><\/p>\n","protected":false},"excerpt":{"rendered":"<p>1999\/01 &#8211; Estabelece a identifica\u00e7\u00e3o e oferta de vagas n\u00e3o ocupadas desvinculada do c\u00e1lculo total de vagas por curso, sem preju\u00edzo deste. 1999\/02 &#8211; Implanta as normas para progress\u00e3o funcional por titula\u00e7\u00e3o e avalia\u00e7\u00e3o de desempenho acad\u00eamico do pessoal docente de n\u00edvel superior. 1999\/03 &#8211; Aprova as normas complementares de regulamenta\u00e7\u00e3o da Pesquisa da UFPel. [&hellip;]<\/p>\n","protected":false},"author":29,"featured_media":0,"parent":196,"menu_order":17,"comment_status":"closed","ping_status":"closed","template":"","meta":{"footnotes":""},"class_list":["post-567","page","type-page","status-publish","hentry"],"_links":{"self":[{"href":"https:\/\/wp.ufpel.edu.br\/scs\/wp-json\/wp\/v2\/pages\/567","targetHints":{"allow":["GET"]}}],"collection":[{"href":"https:\/\/wp.ufpel.edu.br\/scs\/wp-json\/wp\/v2\/pages"}],"about":[{"href":"https:\/\/wp.ufpel.edu.br\/scs\/wp-json\/wp\/v2\/types\/page"}],"author":[{"embeddable":true,"href":"https:\/\/wp.ufpel.edu.br\/scs\/wp-json\/wp\/v2\/users\/29"}],"replies":[{"embeddable":true,"href":"https:\/\/wp.ufpel.edu.br\/scs\/wp-json\/wp\/v2\/comments?post=567"}],"version-history":[{"count":3,"href":"https:\/\/wp.ufpel.edu.br\/scs\/wp-json\/wp\/v2\/pages\/567\/revisions"}],"predecessor-version":[{"id":1186,"href":"https:\/\/wp.ufpel.edu.br\/scs\/wp-json\/wp\/v2\/pages\/567\/revisions\/1186"}],"up":[{"embeddable":true,"href":"https:\/\/wp.ufpel.edu.br\/scs\/wp-json\/wp\/v2\/pages\/196"}],"wp:attachment":[{"href":"https:\/\/wp.ufpel.edu.br\/scs\/wp-json\/wp\/v2\/media?parent=567"}],"curies":[{"name":"wp","href":"https:\/\/api.w.org\/{rel}","templated":true}]}}