{"id":565,"date":"2010-08-09T20:52:07","date_gmt":"2010-08-09T22:52:07","guid":{"rendered":"https:\/\/wp.ufpel.edu.br\/scs\/"},"modified":"2015-03-05T15:06:07","modified_gmt":"2015-03-05T18:06:07","slug":"2000-2","status":"publish","type":"page","link":"https:\/\/wp.ufpel.edu.br\/scs\/cocepe\/resolucoes\/2000-2\/","title":{"rendered":"2000"},"content":{"rendered":"<p>2000\/01 &#8211; <a href=\"https:\/\/wp.ufpel.edu.br\/scs\/files\/2010\/08\/2000_01.pdf\">Aprovar a altera\u00e7\u00e3o da reda\u00e7\u00e3o do artigo 4\u00ba par\u00e1grafo 2 e artigos 11 e 12 da Resoulu\u00e7\u00e3o 02\/99 do COCEPE<\/a><\/p>\n<p>2000\/02 &#8211; <a href=\"https:\/\/wp.ufpel.edu.br\/scs\/files\/2010\/08\/2000_02.pdf\">Aprovar as normas do Programa de Bolsa Aux\u00edlio Alimenta\u00e7\u00e3o.<\/a> <a title=\"Anexo\" href=\"https:\/\/wp.ufpel.edu.br\/scs\/files\/2010\/08\/2000_02_B.pdf\" target=\"_blank\"><img class=\"size-full wp-image-312\" src=\"https:\/\/wp.ufpel.edu.br\/scs\/files\/2010\/08\/1281295520_paperclip.png\" alt=\"\" width=\"16\" height=\"16\" \/><\/a><\/p>\n<p>2000\/03 &#8211; <a href=\"https:\/\/wp.ufpel.edu.br\/scs\/files\/2010\/08\/2000_03.pdf\">Aprovar as diretrizes para elabora\u00e7\u00e3o de Trabalho Final de gradua\u00e7\u00e3o-PFG para o Curso de Arquitetura e Urbanismo da UFPel.<\/a> <a title=\"Anexo\" href=\"https:\/\/wp.ufpel.edu.br\/scs\/files\/2010\/08\/2000_03_B.pdf\" target=\"_blank\"><img class=\"size-full wp-image-312\" src=\"https:\/\/wp.ufpel.edu.br\/scs\/files\/2010\/08\/1281295520_paperclip.png\" alt=\"\" width=\"16\" height=\"16\" \/><\/a><\/p>\n","protected":false},"excerpt":{"rendered":"<p>2000\/01 &#8211; Aprovar a altera\u00e7\u00e3o da reda\u00e7\u00e3o do artigo 4\u00ba par\u00e1grafo 2 e artigos 11 e 12 da Resoulu\u00e7\u00e3o 02\/99 do COCEPE 2000\/02 &#8211; Aprovar as normas do Programa de Bolsa Aux\u00edlio Alimenta\u00e7\u00e3o. 2000\/03 &#8211; Aprovar as diretrizes para elabora\u00e7\u00e3o de Trabalho Final de gradua\u00e7\u00e3o-PFG para o Curso de Arquitetura e Urbanismo da UFPel.<\/p>\n","protected":false},"author":29,"featured_media":0,"parent":196,"menu_order":16,"comment_status":"closed","ping_status":"closed","template":"","meta":{"footnotes":""},"class_list":["post-565","page","type-page","status-publish","hentry"],"_links":{"self":[{"href":"https:\/\/wp.ufpel.edu.br\/scs\/wp-json\/wp\/v2\/pages\/565","targetHints":{"allow":["GET"]}}],"collection":[{"href":"https:\/\/wp.ufpel.edu.br\/scs\/wp-json\/wp\/v2\/pages"}],"about":[{"href":"https:\/\/wp.ufpel.edu.br\/scs\/wp-json\/wp\/v2\/types\/page"}],"author":[{"embeddable":true,"href":"https:\/\/wp.ufpel.edu.br\/scs\/wp-json\/wp\/v2\/users\/29"}],"replies":[{"embeddable":true,"href":"https:\/\/wp.ufpel.edu.br\/scs\/wp-json\/wp\/v2\/comments?post=565"}],"version-history":[{"count":2,"href":"https:\/\/wp.ufpel.edu.br\/scs\/wp-json\/wp\/v2\/pages\/565\/revisions"}],"predecessor-version":[{"id":1183,"href":"https:\/\/wp.ufpel.edu.br\/scs\/wp-json\/wp\/v2\/pages\/565\/revisions\/1183"}],"up":[{"embeddable":true,"href":"https:\/\/wp.ufpel.edu.br\/scs\/wp-json\/wp\/v2\/pages\/196"}],"wp:attachment":[{"href":"https:\/\/wp.ufpel.edu.br\/scs\/wp-json\/wp\/v2\/media?parent=565"}],"curies":[{"name":"wp","href":"https:\/\/api.w.org\/{rel}","templated":true}]}}