{"id":563,"date":"2010-08-09T20:48:16","date_gmt":"2010-08-09T22:48:16","guid":{"rendered":"https:\/\/wp.ufpel.edu.br\/scs\/"},"modified":"2015-03-05T15:05:46","modified_gmt":"2015-03-05T18:05:46","slug":"2001-2","status":"publish","type":"page","link":"https:\/\/wp.ufpel.edu.br\/scs\/cocepe\/resolucoes\/2001-2\/","title":{"rendered":"2001"},"content":{"rendered":"<p>2001\/01 &#8211; <a href=\"https:\/\/wp.ufpel.edu.br\/scs\/files\/2010\/08\/2001_01.pdf\">Aprovar a cria\u00e7\u00e3o do NADARTE-N\u00facleo de Apoio ao Desenvolvimento e Aplica\u00e7\u00e3o de Recursos Telem\u00e1ticos na Educa\u00e7\u00e3o.<\/a><\/p>\n<p>2001\/02 &#8211; <a href=\"https:\/\/wp.ufpel.edu.br\/scs\/files\/2010\/08\/2001_02.pdf\">Determinar que o respons\u00e1vel por disciplina deve ser um Professor Efetivo. <\/a><\/p>\n<p>2001\/03 &#8211; <a href=\"https:\/\/wp.ufpel.edu.br\/scs\/files\/2010\/08\/2001_03.pdf\">Alterar as normas para progress\u00e3o funcional por titutla\u00e7\u00e3o e avalia\u00e7\u00e3o de desempenho acad\u00eamico do pessoal docente de 1\u00ba e 2\u00ba graus.<\/a> <a title=\"Anexo\" href=\"https:\/\/wp.ufpel.edu.br\/scs\/files\/2010\/08\/2001_03_B.pdf\" target=\"_blank\"><img class=\"size-full wp-image-312\" src=\"https:\/\/wp.ufpel.edu.br\/scs\/files\/2010\/08\/1281295520_paperclip.png\" alt=\"\" width=\"16\" height=\"16\" \/><\/a><\/p>\n","protected":false},"excerpt":{"rendered":"<p>2001\/01 &#8211; Aprovar a cria\u00e7\u00e3o do NADARTE-N\u00facleo de Apoio ao Desenvolvimento e Aplica\u00e7\u00e3o de Recursos Telem\u00e1ticos na Educa\u00e7\u00e3o. 2001\/02 &#8211; Determinar que o respons\u00e1vel por disciplina deve ser um Professor Efetivo. 2001\/03 &#8211; Alterar as normas para progress\u00e3o funcional por titutla\u00e7\u00e3o e avalia\u00e7\u00e3o de desempenho acad\u00eamico do pessoal docente de 1\u00ba e 2\u00ba graus.<\/p>\n","protected":false},"author":29,"featured_media":0,"parent":196,"menu_order":15,"comment_status":"closed","ping_status":"closed","template":"","meta":{"footnotes":""},"class_list":["post-563","page","type-page","status-publish","hentry"],"_links":{"self":[{"href":"https:\/\/wp.ufpel.edu.br\/scs\/wp-json\/wp\/v2\/pages\/563","targetHints":{"allow":["GET"]}}],"collection":[{"href":"https:\/\/wp.ufpel.edu.br\/scs\/wp-json\/wp\/v2\/pages"}],"about":[{"href":"https:\/\/wp.ufpel.edu.br\/scs\/wp-json\/wp\/v2\/types\/page"}],"author":[{"embeddable":true,"href":"https:\/\/wp.ufpel.edu.br\/scs\/wp-json\/wp\/v2\/users\/29"}],"replies":[{"embeddable":true,"href":"https:\/\/wp.ufpel.edu.br\/scs\/wp-json\/wp\/v2\/comments?post=563"}],"version-history":[{"count":2,"href":"https:\/\/wp.ufpel.edu.br\/scs\/wp-json\/wp\/v2\/pages\/563\/revisions"}],"predecessor-version":[{"id":1182,"href":"https:\/\/wp.ufpel.edu.br\/scs\/wp-json\/wp\/v2\/pages\/563\/revisions\/1182"}],"up":[{"embeddable":true,"href":"https:\/\/wp.ufpel.edu.br\/scs\/wp-json\/wp\/v2\/pages\/196"}],"wp:attachment":[{"href":"https:\/\/wp.ufpel.edu.br\/scs\/wp-json\/wp\/v2\/media?parent=563"}],"curies":[{"name":"wp","href":"https:\/\/api.w.org\/{rel}","templated":true}]}}