{"id":560,"date":"2010-08-09T20:45:03","date_gmt":"2010-08-09T22:45:03","guid":{"rendered":"https:\/\/wp.ufpel.edu.br\/scs\/"},"modified":"2015-03-05T15:05:26","modified_gmt":"2015-03-05T18:05:26","slug":"2002-2","status":"publish","type":"page","link":"https:\/\/wp.ufpel.edu.br\/scs\/cocepe\/resolucoes\/2002-2\/","title":{"rendered":"2002"},"content":{"rendered":"<p>2002\/01 &#8211; <a href=\"https:\/\/wp.ufpel.edu.br\/scs\/files\/2010\/08\/2002_01.pdf\">Cria normas e procedimentos para contrata\u00e7\u00e3o de professores substitutos na UFPel.<\/a> <a title=\"Anexo\" href=\"https:\/\/wp.ufpel.edu.br\/scs\/files\/2010\/08\/2002_01_B.pdf\" target=\"_blank\"><img class=\"size-full wp-image-312\" src=\"https:\/\/wp.ufpel.edu.br\/scs\/files\/2010\/08\/1281295520_paperclip.png\" alt=\"\" width=\"16\" height=\"16\" \/><\/a><\/p>\n<p>2002\/02 &#8211; <a href=\"https:\/\/wp.ufpel.edu.br\/scs\/files\/2010\/08\/2002_02.pdf\">Determina que as vagas em disciplinas sejam ocupadas prioritariamente pelos alunos da UFPel. Determinar modalidade de matr\u00edcula.<\/a><\/p>\n<p>2002\/03 &#8211; <a href=\"https:\/\/wp.ufpel.edu.br\/scs\/files\/2010\/08\/2002_03.pdf\">Determina que a dura\u00e7\u00e3o do semestre\/ano independe da carga hor\u00e1ria da disciplina; e determinar que a carga hor\u00e1ria das disciplinas seja baseada no conte\u00fado e n\u00e3o no per\u00edodo de dura\u00e7\u00e3o do semestre.<\/a><\/p>\n<p>2002\/04 &#8211; <a href=\"https:\/\/wp.ufpel.edu.br\/scs\/files\/2010\/08\/2002_04.pdf\">Aprova as normas do programa de monitoria da UFPel. As normas revogam as anteriores e entram em vig\u00eancia a partir de sua aprova\u00e7\u00e3o pelo COCEPE.<\/a> <a title=\"Anexo\" href=\"https:\/\/wp.ufpel.edu.br\/scs\/files\/2010\/08\/2002_04_B.pdf\" target=\"_blank\"><img class=\"size-full wp-image-312\" src=\"https:\/\/wp.ufpel.edu.br\/scs\/files\/2010\/08\/1281295520_paperclip.png\" alt=\"\" width=\"16\" height=\"16\" \/><\/a><\/p>\n<p>2002\/05 &#8211; <a href=\"https:\/\/wp.ufpel.edu.br\/scs\/files\/2010\/08\/2002_05.pdf\">Aprova as normas do Programa de Gest\u00e3o dos LIGs-Laborat\u00f3rios de Inform\u00e1tica da Gradua\u00e7\u00e3o e Salas Multimeios da UFPel.<\/a> <a title=\"Anexo\" href=\"https:\/\/wp.ufpel.edu.br\/scs\/files\/2010\/08\/2002_05_B.pdf\" target=\"_blank\"><img class=\"size-full wp-image-312\" src=\"https:\/\/wp.ufpel.edu.br\/scs\/files\/2010\/08\/1281295520_paperclip.png\" alt=\"\" width=\"16\" height=\"16\" \/><\/a><\/p>\n<p>2002\/06 &#8211; <a href=\"https:\/\/wp.ufpel.edu.br\/scs\/files\/2010\/08\/2002_06.pdf\">Aprova o Regulamento Interno do Conselho dos Representantes das Empresas J\u00faniores da UFPel.<\/a> <a title=\"Anexo\" href=\"https:\/\/wp.ufpel.edu.br\/scs\/files\/2010\/08\/2002_06_B.pdf\" target=\"_blank\"><img class=\"size-full wp-image-312\" src=\"https:\/\/wp.ufpel.edu.br\/scs\/files\/2010\/08\/1281295520_paperclip.png\" alt=\"\" width=\"16\" height=\"16\" \/><\/a><\/p>\n<p>2002\/07 &#8211; <a href=\"https:\/\/wp.ufpel.edu.br\/scs\/files\/2010\/08\/2002_07.pdf\">Aprova a reformula\u00e7\u00e3o das normas relativas ao sistema de matr\u00edculas dos cursos de gradua\u00e7\u00e3o.<\/a><\/p>\n","protected":false},"excerpt":{"rendered":"<p>2002\/01 &#8211; Cria normas e procedimentos para contrata\u00e7\u00e3o de professores substitutos na UFPel. 2002\/02 &#8211; Determina que as vagas em disciplinas sejam ocupadas prioritariamente pelos alunos da UFPel. Determinar modalidade de matr\u00edcula. 2002\/03 &#8211; Determina que a dura\u00e7\u00e3o do semestre\/ano independe da carga hor\u00e1ria da disciplina; e determinar que a carga hor\u00e1ria das disciplinas seja [&hellip;]<\/p>\n","protected":false},"author":29,"featured_media":0,"parent":196,"menu_order":14,"comment_status":"closed","ping_status":"closed","template":"","meta":{"footnotes":""},"class_list":["post-560","page","type-page","status-publish","hentry"],"_links":{"self":[{"href":"https:\/\/wp.ufpel.edu.br\/scs\/wp-json\/wp\/v2\/pages\/560","targetHints":{"allow":["GET"]}}],"collection":[{"href":"https:\/\/wp.ufpel.edu.br\/scs\/wp-json\/wp\/v2\/pages"}],"about":[{"href":"https:\/\/wp.ufpel.edu.br\/scs\/wp-json\/wp\/v2\/types\/page"}],"author":[{"embeddable":true,"href":"https:\/\/wp.ufpel.edu.br\/scs\/wp-json\/wp\/v2\/users\/29"}],"replies":[{"embeddable":true,"href":"https:\/\/wp.ufpel.edu.br\/scs\/wp-json\/wp\/v2\/comments?post=560"}],"version-history":[{"count":3,"href":"https:\/\/wp.ufpel.edu.br\/scs\/wp-json\/wp\/v2\/pages\/560\/revisions"}],"predecessor-version":[{"id":1181,"href":"https:\/\/wp.ufpel.edu.br\/scs\/wp-json\/wp\/v2\/pages\/560\/revisions\/1181"}],"up":[{"embeddable":true,"href":"https:\/\/wp.ufpel.edu.br\/scs\/wp-json\/wp\/v2\/pages\/196"}],"wp:attachment":[{"href":"https:\/\/wp.ufpel.edu.br\/scs\/wp-json\/wp\/v2\/media?parent=560"}],"curies":[{"name":"wp","href":"https:\/\/api.w.org\/{rel}","templated":true}]}}