{"id":556,"date":"2010-08-09T20:30:57","date_gmt":"2010-08-09T22:30:57","guid":{"rendered":"https:\/\/wp.ufpel.edu.br\/scs\/"},"modified":"2023-04-10T11:06:18","modified_gmt":"2023-04-10T14:06:18","slug":"2003-2","status":"publish","type":"page","link":"https:\/\/wp.ufpel.edu.br\/scs\/cocepe\/resolucoes\/2003-2\/","title":{"rendered":"2003"},"content":{"rendered":"<p>2003\/01 &#8211; <a href=\"https:\/\/wp.ufpel.edu.br\/scs\/files\/2010\/08\/2003_01.pdf\">Estabelece as normas para o processo de revalida\u00e7\u00e3o de Diplomas e Certificados, emitidos por Institui\u00e7\u00f5es Estrangeiras de cursos de gradua\u00e7\u00e3o.<\/a> <a title=\"Anexo\" href=\"https:\/\/wp.ufpel.edu.br\/scs\/files\/2010\/08\/2003_01_B.pdf\" target=\"_blank\" rel=\"noopener\"><img class=\"size-full wp-image-312\" src=\"https:\/\/wp.ufpel.edu.br\/scs\/files\/2010\/08\/1281295520_paperclip.png\" alt=\"\" width=\"16\" height=\"16\" \/><\/a><\/p>\n<p>2003\/02 &#8211; <a href=\"https:\/\/wp.ufpel.edu.br\/scs\/files\/2010\/08\/2003_02.pdf\">Estabelece normas para formaturas da gradua\u00e7\u00e3o.<\/a><\/p>\n<p>2003\/03 &#8211; <a href=\"https:\/\/wp.ufpel.edu.br\/scs\/files\/2010\/08\/2003_03.pdf\">Estabelece as normas do Programa de Oferta de Est\u00e1gios na UFPel.<\/a> <a title=\"Anexo\" href=\"https:\/\/wp.ufpel.edu.br\/scs\/files\/2010\/08\/2003_03_B.pdf\" target=\"_blank\" rel=\"noopener\"><img class=\"size-full wp-image-312\" src=\"https:\/\/wp.ufpel.edu.br\/scs\/files\/2010\/08\/1281295520_paperclip.png\" alt=\"\" width=\"16\" height=\"16\" \/><\/a><\/p>\n<p>2003\/04 &#8211; <a href=\"https:\/\/wp.ufpel.edu.br\/scs\/files\/2010\/08\/2003_04.pdf\">Estabelece as normas para realiza\u00e7\u00e3o de Est\u00e1gios por alunos da UFPel.<\/a> <a title=\"Anexo\" href=\"https:\/\/wp.ufpel.edu.br\/scs\/files\/2010\/08\/2003_04_B.pdf\" target=\"_blank\" rel=\"noopener\"><img class=\"size-full wp-image-312\" src=\"https:\/\/wp.ufpel.edu.br\/scs\/files\/2010\/08\/1281295520_paperclip.png\" alt=\"\" width=\"16\" height=\"16\" \/><\/a><\/p>\n<p>2003\/05 &#8211; <a href=\"https:\/\/wp.ufpel.edu.br\/scs\/files\/2010\/08\/2003_05.pdf\">Resolve que deve constar do formul\u00e1rio de rosto dos projetos de pesquisa a necessidade ou n\u00e3o de modelos biol\u00f3gicos e outros insumos fornecidos pelo Biot\u00e9rio Central. Que seja enviada c\u00f3pia dos projetos ao Biot\u00e9rio Central e que sejam repassados recursos ao Biot\u00e9rio referente aos recursos utilizados.<\/a><\/p>\n<p>2003\/06 &#8211; <a href=\"https:\/\/wp.ufpel.edu.br\/scs\/files\/2010\/08\/2003_06.pdf\">Normas para o processo de Revalida\u00e7\u00e3o de Diploma de M\u00e9dico obtido no exterior.<\/a> <a title=\"Anexo\" href=\"https:\/\/wp.ufpel.edu.br\/scs\/files\/2010\/08\/2003_06_B.pdf\" target=\"_blank\" rel=\"noopener\"><img class=\"size-full wp-image-312\" src=\"https:\/\/wp.ufpel.edu.br\/scs\/files\/2010\/08\/1281295520_paperclip.png\" alt=\"\" width=\"16\" height=\"16\" \/><\/a><\/p>\n<p>2003\/07 &#8211; <a href=\"https:\/\/wp.ufpel.edu.br\/scs\/files\/2023\/04\/Digitalizar_2023_04_10_10_50_50_994.pdf\">Aprova\u00e7\u00e3o do regulamento do trabalho de conclus\u00e3o de Curso do Colegiado do Curso da Faculdade de Direito.<\/a><\/p>\n<p>2003\/08 &#8211; <a href=\"https:\/\/wp.ufpel.edu.br\/scs\/files\/2010\/08\/2003_08.pdf\">Aprova as normas do Programa de Aux\u00edlio Transporte da UFPel.<\/a> <a title=\"Anexo\" href=\"https:\/\/wp.ufpel.edu.br\/scs\/files\/2010\/08\/2003_08_B.pdf\" target=\"_blank\" rel=\"noopener\"><img class=\"size-full wp-image-312\" src=\"https:\/\/wp.ufpel.edu.br\/scs\/files\/2010\/08\/1281295520_paperclip.png\" alt=\"\" width=\"16\" height=\"16\" \/><\/a><\/p>\n<p>2003\/09 &#8211; <a href=\"https:\/\/wp.ufpel.edu.br\/scs\/files\/2010\/08\/2003_09.pdf\">Aprova as normas de Trancamento de Matr\u00edcula.<\/a><\/p>\n<p>2003\/10 &#8211; <a href=\"https:\/\/wp.ufpel.edu.br\/scs\/files\/2010\/08\/2003_10.pdf\">Aprova a proposta de modifica\u00e7\u00e3o na resolu\u00e7\u00e3o 02\/99 que rege a progress\u00e3o funcional para docentes do 3\u00ba grau.<\/a><\/p>\n<p>2003\/11 &#8211; <a href=\"https:\/\/wp.ufpel.edu.br\/scs\/files\/2010\/08\/2003_11.pdf\">Aprova as normas para mobilidade acad\u00eamica parcial.<\/a> <a title=\"Anexo\" href=\"https:\/\/wp.ufpel.edu.br\/scs\/files\/2010\/08\/2003_11_B.pdf\" target=\"_blank\" rel=\"noopener\"><img class=\"size-full wp-image-312\" src=\"https:\/\/wp.ufpel.edu.br\/scs\/files\/2010\/08\/1281295520_paperclip.png\" alt=\"\" width=\"16\" height=\"16\" \/><\/a><\/p>\n<p>2003\/12 &#8211; <a href=\"https:\/\/wp.ufpel.edu.br\/scs\/files\/2010\/08\/2003_12.pdf\">Aprova as normas de transi\u00e7\u00e3o curricular do curso de Engenharia Agr\u00edcola.<\/a> <a title=\"Anexo\" href=\"https:\/\/wp.ufpel.edu.br\/scs\/files\/2010\/08\/2003_12_B.pdf\" target=\"_blank\" rel=\"noopener\"><img class=\"size-full wp-image-312\" src=\"https:\/\/wp.ufpel.edu.br\/scs\/files\/2010\/08\/1281295520_paperclip.png\" alt=\"\" width=\"16\" height=\"16\" \/><\/a><\/p>\n<p>2003\/13 &#8211; <a href=\"https:\/\/wp.ufpel.edu.br\/scs\/files\/2010\/08\/2003_13.pdf\">Altera o artigo 2\u00ba do regimento do colegiado do curso de gradua\u00e7\u00e3o em Medicina Veterin\u00e1ria.<\/a><\/p>\n<p>2003\/14 &#8211; <a href=\"https:\/\/wp.ufpel.edu.br\/scs\/files\/2010\/08\/2003_14.pdf\">Revoga a resolu\u00e7\u00e3o 09\/92 e a Portaria COCEPE 01\/2002 e regulamenta os crit\u00e9rios para avalia\u00e7\u00e3o das provas did\u00e1tica e escrita em concurso P\u00fablico para a classe docente.<\/a><\/p>\n<p>2003\/15 &#8211; <a href=\"https:\/\/wp.ufpel.edu.br\/scs\/files\/2010\/08\/2003_15.pdf\">Revoga a portaria 03\/2002 do COCEPE e regulamenta os par\u00e2metros, pesos e pontua\u00e7\u00f5es para julgamento de t\u00edtulos em concursos para a classe de professor Titular.<\/a><\/p>\n<p>2003\/16 &#8211; <a href=\"https:\/\/wp.ufpel.edu.br\/scs\/files\/2010\/08\/2003_16.pdf\">Revoga a portaria 01\/2002 do COCEPE e regulamenta os par\u00e2metros, pesos e pontua\u00e7\u00f5es para julgamento de t\u00edtulos em concursos para a classe de professor Adjunto.<\/a><\/p>\n<p>2003\/17 &#8211; <a href=\"https:\/\/wp.ufpel.edu.br\/scs\/files\/2010\/08\/2003_17.pdf\">Revoga a portaria 06\/2002 do COCEPE e regulamenta os par\u00e2metros, pesos e pontua\u00e7\u00f5es para julgamento de t\u00edtulos em concursos para a classe de professor assistente.<\/a><\/p>\n<p>2003\/18 &#8211; <a href=\"https:\/\/wp.ufpel.edu.br\/scs\/files\/2010\/08\/2003_18.pdf\">Determina a cria\u00e7\u00e3o do Programa de Inicia\u00e7\u00e3o Cient\u00edfica da UFPel (PIC-UFPel).<\/a> <a title=\"Anexo\" href=\"https:\/\/wp.ufpel.edu.br\/scs\/files\/2010\/08\/2003_18_B.pdf\" target=\"_blank\" rel=\"noopener\"><img class=\"size-full wp-image-312\" src=\"https:\/\/wp.ufpel.edu.br\/scs\/files\/2010\/08\/1281295520_paperclip.png\" alt=\"\" width=\"16\" height=\"16\" \/><\/a><\/p>\n","protected":false},"excerpt":{"rendered":"<p>2003\/01 &#8211; Estabelece as normas para o processo de revalida\u00e7\u00e3o de Diplomas e Certificados, emitidos por Institui\u00e7\u00f5es Estrangeiras de cursos de gradua\u00e7\u00e3o. 2003\/02 &#8211; Estabelece normas para formaturas da gradua\u00e7\u00e3o. 2003\/03 &#8211; Estabelece as normas do Programa de Oferta de Est\u00e1gios na UFPel. 2003\/04 &#8211; Estabelece as normas para realiza\u00e7\u00e3o de Est\u00e1gios por alunos da [&hellip;]<\/p>\n","protected":false},"author":29,"featured_media":0,"parent":196,"menu_order":13,"comment_status":"closed","ping_status":"closed","template":"","meta":{"footnotes":""},"class_list":["post-556","page","type-page","status-publish","hentry"],"_links":{"self":[{"href":"https:\/\/wp.ufpel.edu.br\/scs\/wp-json\/wp\/v2\/pages\/556","targetHints":{"allow":["GET"]}}],"collection":[{"href":"https:\/\/wp.ufpel.edu.br\/scs\/wp-json\/wp\/v2\/pages"}],"about":[{"href":"https:\/\/wp.ufpel.edu.br\/scs\/wp-json\/wp\/v2\/types\/page"}],"author":[{"embeddable":true,"href":"https:\/\/wp.ufpel.edu.br\/scs\/wp-json\/wp\/v2\/users\/29"}],"replies":[{"embeddable":true,"href":"https:\/\/wp.ufpel.edu.br\/scs\/wp-json\/wp\/v2\/comments?post=556"}],"version-history":[{"count":5,"href":"https:\/\/wp.ufpel.edu.br\/scs\/wp-json\/wp\/v2\/pages\/556\/revisions"}],"predecessor-version":[{"id":8288,"href":"https:\/\/wp.ufpel.edu.br\/scs\/wp-json\/wp\/v2\/pages\/556\/revisions\/8288"}],"up":[{"embeddable":true,"href":"https:\/\/wp.ufpel.edu.br\/scs\/wp-json\/wp\/v2\/pages\/196"}],"wp:attachment":[{"href":"https:\/\/wp.ufpel.edu.br\/scs\/wp-json\/wp\/v2\/media?parent=556"}],"curies":[{"name":"wp","href":"https:\/\/api.w.org\/{rel}","templated":true}]}}