{"id":5392,"date":"2019-10-16T12:16:08","date_gmt":"2019-10-16T15:16:08","guid":{"rendered":"https:\/\/wp.ufpel.edu.br\/scs\/?page_id=5392"},"modified":"2026-01-22T08:46:30","modified_gmt":"2026-01-22T11:46:30","slug":"2019-2","status":"publish","type":"page","link":"https:\/\/wp.ufpel.edu.br\/scs\/parecer-normativo\/2019-2\/","title":{"rendered":"2019"},"content":{"rendered":"<p>PARECER NORMATIVO N\u00ba 1, DE 12 DE SETEMBRO DE 2019 &#8211; <a href=\"https:\/\/wp.ufpel.edu.br\/scs\/files\/2019\/10\/Parecer-Normativo-01-COCEPE.pdf\">Regulamenta a Pol\u00edtica de Atualiza\u00e7\u00e3o, Manuten\u00e7\u00e3o e Conserva\u00e7\u00e3o do Acervo das Bibliotecas. \u00a0<\/a><span style=\"font-size: 10pt;\"><em>(Revogado pelo Parecer Normativo n\u00ba83.2022)<\/em><\/span><\/p>\n<p>PARECER NORMATIVO N\u00ba 2, DE 26 DE SETEMBRO DE 2019 &#8211; <a href=\"https:\/\/wp.ufpel.edu.br\/scs\/files\/2019\/10\/Parecer-Normativo-02-COCEPE.pdf\">Aprova o Regimento do Programa de P\u00f3s-Gradua\u00e7\u00e3o em Artes Visuais &#8211; PPGAVI.<\/a><\/p>\n<p>PARECER NORMATIVO N\u00ba 3, DE 07 DE NOVEMBRO DE 2019 &#8211; <a href=\"https:\/\/wp.ufpel.edu.br\/scs\/files\/2019\/11\/Parecer-Normativo-03.2019-Dupla-Diploma\u00e7\u00e3o.pdf\">Programa Institucional de Dupla Diploma\u00e7\u00e3o em Cursos de Gradua\u00e7\u00e3o na UFPel.<\/a><\/p>\n<p>PARECER NORMATIVO N\u00ba 4, DE 07 DE NOVEMBRO DE 2019 &#8211; Regimento do Doutorado em Hist\u00f3ria da UFPel.<\/p>\n<p>PARECER NORMATIVO N\u00ba 5, DE 07 DE NOVEMBRO DE 2019 &#8211; Regimento do Programa de P\u00f3s\u2013Gradua\u00e7\u00e3o em Sistemas de Produ\u00e7\u00e3o Agr\u00edcola Familiar &#8211; PPGSPAF.<\/p>\n<p>PARECER NORMATIVO N\u00ba 6, DE 05 DE DEZEMBRO DE 2019 &#8211; <a href=\"https:\/\/wp.ufpel.edu.br\/scs\/files\/2023\/03\/SEI_UFPel-0814684-Parecer-Normativo-COCEPE-06.2019.pdf\">Regulamenta o fluxo institucional para an\u00e1lise de quebras de pr\u00e9-requisitos na &#8211; UFPel.\u00a0<\/a><\/p>\n<p>PARECER NORMATIVO N\u00ba 7, DE 19 DE DEZEMBRO DE 2019 &#8211; <a href=\"https:\/\/wp.ufpel.edu.br\/scs\/files\/2020\/01\/Parecer-Normativo-07.2019-REg.-PPG-Entomologia.pdf\">Regimento do Programa de P\u00f3s-Gradua\u00e7\u00e3o em Entomologia.<\/a><\/p>\n<p>PARECER NORMATIVO N\u00ba 8, DE 19 DE DEZEMBRO DE 2019 &#8211; <a href=\"https:\/\/wp.ufpel.edu.br\/scs\/files\/2020\/01\/Parecer-Normativo-08.2019-Reg.-PPG-MACSA.pdf\">Regimento do Programa de P\u00f3s-Gradua\u00e7\u00e3o em Manejo e Conserva\u00e7\u00e3o do Solo e da \u00c1gua &#8211; PPGMACSA. <\/a><em><strong>(Revogado pelo PN 142\/2025)<\/strong><\/em><\/p>\n<p>PARECER NORMATIVO N\u00ba 9, DE 19 DE DEZEMBRO DE 2019 &#8211; <a href=\"https:\/\/wp.ufpel.edu.br\/scs\/files\/2020\/01\/PArecer-NOrmativo-09.2019-Reg.-CT-Sementes.pdf\">Regimento do Programa de P\u00f3s-Gradua\u00e7\u00e3o em Ci\u00eancia e Tecnologia de Sementes &#8211; PPGCTS.<\/a><\/p>\n<p>PARECER NORMATIVO N\u00ba 10, DE 19 DE DEZEMBRO DE 2019 &#8211; <a href=\"https:\/\/wp.ufpel.edu.br\/scs\/files\/2020\/01\/SParecer-Normativo-10.2019-Reg.-CEMat.pdf\">Regimento do Programa de P\u00f3s-Gradua\u00e7\u00e3o em Ci\u00eancia e Engenharia de Materiais &#8211; PPGCEMat.\u00a0<\/a><\/p>\n","protected":false},"excerpt":{"rendered":"<p>PARECER NORMATIVO N\u00ba 1, DE 12 DE SETEMBRO DE 2019 &#8211; Regulamenta a Pol\u00edtica de Atualiza\u00e7\u00e3o, Manuten\u00e7\u00e3o e Conserva\u00e7\u00e3o do Acervo das Bibliotecas. \u00a0(Revogado pelo Parecer Normativo n\u00ba83.2022) PARECER NORMATIVO N\u00ba 2, DE 26 DE SETEMBRO DE 2019 &#8211; Aprova o Regimento do Programa de P\u00f3s-Gradua\u00e7\u00e3o em Artes Visuais &#8211; PPGAVI. PARECER NORMATIVO N\u00ba 3, [&hellip;]<\/p>\n","protected":false},"author":29,"featured_media":0,"parent":5389,"menu_order":0,"comment_status":"closed","ping_status":"closed","template":"","meta":{"footnotes":""},"class_list":["post-5392","page","type-page","status-publish","hentry"],"_links":{"self":[{"href":"https:\/\/wp.ufpel.edu.br\/scs\/wp-json\/wp\/v2\/pages\/5392","targetHints":{"allow":["GET"]}}],"collection":[{"href":"https:\/\/wp.ufpel.edu.br\/scs\/wp-json\/wp\/v2\/pages"}],"about":[{"href":"https:\/\/wp.ufpel.edu.br\/scs\/wp-json\/wp\/v2\/types\/page"}],"author":[{"embeddable":true,"href":"https:\/\/wp.ufpel.edu.br\/scs\/wp-json\/wp\/v2\/users\/29"}],"replies":[{"embeddable":true,"href":"https:\/\/wp.ufpel.edu.br\/scs\/wp-json\/wp\/v2\/comments?post=5392"}],"version-history":[{"count":4,"href":"https:\/\/wp.ufpel.edu.br\/scs\/wp-json\/wp\/v2\/pages\/5392\/revisions"}],"predecessor-version":[{"id":10396,"href":"https:\/\/wp.ufpel.edu.br\/scs\/wp-json\/wp\/v2\/pages\/5392\/revisions\/10396"}],"up":[{"embeddable":true,"href":"https:\/\/wp.ufpel.edu.br\/scs\/wp-json\/wp\/v2\/pages\/5389"}],"wp:attachment":[{"href":"https:\/\/wp.ufpel.edu.br\/scs\/wp-json\/wp\/v2\/media?parent=5392"}],"curies":[{"name":"wp","href":"https:\/\/api.w.org\/{rel}","templated":true}]}}