{"id":4923,"date":"2019-01-25T08:57:39","date_gmt":"2019-01-25T10:57:39","guid":{"rendered":"https:\/\/wp.ufpel.edu.br\/scs\/?page_id=4923"},"modified":"2020-01-29T11:12:21","modified_gmt":"2020-01-29T14:12:21","slug":"2019-2","status":"publish","type":"page","link":"https:\/\/wp.ufpel.edu.br\/scs\/cocepe\/convocacoes\/2019-2\/","title":{"rendered":"2019"},"content":{"rendered":"<p><a href=\"https:\/\/wp.ufpel.edu.br\/scs\/files\/2019\/02\/Convoca\u00e7\u00e3o-Ata-01.2019-reuni\u00e3o-08.02.2019.pdf\">Convoca\u00e7\u00e3o 01.2019 <\/a>\u2013 Reuni\u00e3o de 08.02.2019<\/p>\n<p><a href=\"https:\/\/wp.ufpel.edu.br\/scs\/files\/2019\/02\/Convoca\u00e7\u00e3o-Ata-02.2019-reuni\u00e3o-21.02.2019.pdf\">Convoca\u00e7\u00e3o 02.2019 <\/a>\u2013 Reuni\u00e3o de 21.02.2019<\/p>\n<p><a href=\"https:\/\/wp.ufpel.edu.br\/scs\/files\/2019\/03\/SEI_UFPel-0448516-Convoca\u00e7\u00e3o-03.2019.pdf\">Convoca\u00e7\u00e3o 03.2019<\/a>\u00a0\u2013 Reuni\u00e3o de 01.03.2019<\/p>\n<p><a href=\"https:\/\/wp.ufpel.edu.br\/scs\/files\/2019\/03\/SEI_UFPel-0460012-Convoca\u00e7\u00e3o-04.2019.pdf\">Convoca\u00e7\u00e3o 04.2019<\/a> \u2013 Reuni\u00e3o de 14.03.2019<\/p>\n<p><a href=\"https:\/\/wp.ufpel.edu.br\/scs\/files\/2019\/04\/SEI_UFPel-0478318-Convoca\u00e7\u00e3o-ata-05.pdf\">Convoca\u00e7\u00e3o 05.2019<\/a>\u2013 Reuni\u00e3o de 28.03.2019<\/p>\n<p><a href=\"https:\/\/wp.ufpel.edu.br\/scs\/files\/2019\/04\/SEI_UFPel-0498886-Convoca\u00e7\u00e3o-06.2019-COCEPE.pdf\">Convoca\u00e7\u00e3o 06.2019<\/a> \u2013 Reuni\u00e3o de 11.04.2019<\/p>\n<p><a href=\"https:\/\/wp.ufpel.edu.br\/scs\/files\/2019\/05\/SEI_UFPel-0516319-Convoca\u00e7\u00e3o-25.04.2019.pdf\">Convoca\u00e7\u00e3o 07.2019 <\/a>\u2013 Reuni\u00e3o de 25.04.2019<\/p>\n<p><a href=\"https:\/\/wp.ufpel.edu.br\/scs\/files\/2019\/05\/SEI_UFPel-0536211-Convoca\u00e7\u00e3o-ata-08-reuni\u00e3o-09.05.2019.pdf\">Convoca\u00e7\u00e3o 08.2019 <\/a>\u2013 Reuni\u00e3o de 09.05.2019<\/p>\n<p><a href=\"https:\/\/wp.ufpel.edu.br\/scs\/files\/2019\/05\/SEI_UFPel-0554170-Convoca\u00e7\u00e3o-09.2019.pdf\">Convoca\u00e7\u00e3o 09.2019<\/a> \u2013 Reuni\u00e3o de 23.05.2019<\/p>\n<p><a href=\"https:\/\/wp.ufpel.edu.br\/scs\/files\/2019\/06\/SEI_UFPel-0570502-Convoca\u00e7\u00e3o-ATA10.2019-06.06.19.pdf\">Convoca\u00e7\u00e3o 10.2019<\/a> \u2013 Reuni\u00e3o de 06.06.2019<\/p>\n<p><a href=\"https:\/\/wp.ufpel.edu.br\/scs\/files\/2019\/06\/SEI_UFPel-0579283-Convoca\u00e7\u00e3o-ATA-11.2019-13.06.19.pdf\">Convoca\u00e7\u00e3o 11.2019<\/a>\u00a0\u2013 Reuni\u00e3o de 13.06.2019<\/p>\n<p><a href=\"https:\/\/wp.ufpel.edu.br\/scs\/files\/2019\/07\/SEI_UFPel-0594079-Convoca\u00e7\u00e3o-COCEPE-27.06.2019-Ata-12.pdf\">Convoca\u00e7\u00e3o 12.2019<\/a>\u00a0\u2013 Reuni\u00e3o de 27.06.2019<\/p>\n<p><a href=\"https:\/\/wp.ufpel.edu.br\/scs\/files\/2019\/07\/SEI_UFPel-0613657-Convoca\u00e7\u00e3o-11.07.2019.pdf\">Convoca\u00e7\u00e3o 13.2019<\/a>\u00a0\u2013 Reuni\u00e3o de 11.07.2019<\/p>\n<p><a href=\"https:\/\/wp.ufpel.edu.br\/scs\/files\/2019\/08\/SEI_UFPel-0639218-Convoca\u00e7\u00e3o-Ata-14-.-01.08.19.pdf\">Convoca\u00e7\u00e3o 14 .2019<\/a>\u00a0\u2013 Reuni\u00e3o de 01.08.2019<\/p>\n<p><a href=\"https:\/\/wp.ufpel.edu.br\/scs\/files\/2019\/09\/SEI_UFPel-0657299-Convoca\u00e7\u00e3o-15.2019.pdf\">Convoca\u00e7\u00e3o 15.2019<\/a>\u00a0\u2013 Reuni\u00e3o de 15.08.2019<\/p>\n<p><a href=\"https:\/\/wp.ufpel.edu.br\/scs\/files\/2019\/09\/SEI_UFPel-0679814-Convoca\u00e7\u00e3o-29.08.2019.pdf\">Convoca\u00e7\u00e3o 16.2019<\/a> \u2013 Reuni\u00e3o de 29.08.2019 &#8211; <a href=\"https:\/\/wp.ufpel.edu.br\/scs\/files\/2019\/09\/SEI_UFPel-0679814-Convoca\u00e7\u00e3o-29.08.2019-extra.pdf\">Extra<\/a><\/p>\n<p><a href=\"https:\/\/wp.ufpel.edu.br\/scs\/files\/2019\/10\/SEI_UFPel-0698993-Convoca\u00e7\u00e3o-17.2019.pdf\">Convoca\u00e7\u00e3o 17.2019<\/a>\u00a0&#8211; Reuni\u00e3o de 12.09.2019<\/p>\n<p><a href=\"https:\/\/wp.ufpel.edu.br\/scs\/files\/2019\/10\/SEI_UFPel-0716144-Convoca\u00e7\u00e3o-18.2019.pdf\">Convoca\u00e7\u00e3o 18.2019<\/a>\u00a0&#8211; Reuni\u00e3o de 26.09.2019 &#8211; <a href=\"https:\/\/wp.ufpel.edu.br\/scs\/files\/2019\/10\/SEI_UFPel-0716918-Convoca\u00e7\u00e3o-18.2019-extra.pdf\">Extra<\/a><\/p>\n<p><a href=\"https:\/\/wp.ufpel.edu.br\/scs\/files\/2019\/10\/SEI_UFPel-0743993-Convoca\u00e7\u00e3o-COCEPE-19.2019.pdf\">Convoca\u00e7\u00e3o 19.2019<\/a>\u00a0&#8211; Reuni\u00e3o de 17.10.2019<\/p>\n<p><a href=\"https:\/\/wp.ufpel.edu.br\/scs\/files\/2019\/11\/SEI_UFPel-0770307-Convoca\u00e7\u00e3o-20.2019-COCEPE.pdf\">Convoca\u00e7\u00e3o 20.2019<\/a> &#8211; Reuni\u00e3o de 07.11.2019 &#8211; <a href=\"https:\/\/wp.ufpel.edu.br\/scs\/files\/2019\/11\/SEI_UFPel-0772041-Convoca\u00e7\u00e3o-20.2019-extras.pdf\">Extra<\/a><\/p>\n<p><a href=\"https:\/\/wp.ufpel.edu.br\/scs\/files\/2019\/11\/SEI_UFPel-0782725-Convoca\u00e7\u00e3o.pdf\">Convoca\u00e7\u00e3o 21.2019<\/a>\u00a0&#8211; Reuni\u00e3o de 14.11.2019<\/p>\n<p><a href=\"https:\/\/wp.ufpel.edu.br\/scs\/files\/2019\/12\/SEI_UFPel-0789676-Convoca\u00e7\u00e3o-22.2019.pdf\">Convoca\u00e7\u00e3o 22.2019 <\/a>&#8211; Reuni\u00e3o de 21.11.2019<\/p>\n<p><a href=\"https:\/\/wp.ufpel.edu.br\/scs\/files\/2019\/12\/SEI_UFPel-0807864-Convoca\u00e7\u00e3o-05.12.19.pdf\">Convoca\u00e7\u00e3o 23.2019<\/a>\u00a0&#8211; Reuni\u00e3o de 05.12.2019<\/p>\n<p><a href=\"https:\/\/wp.ufpel.edu.br\/scs\/files\/2020\/01\/SEI_UFPel-0827288-Convoca\u00e7\u00e3o.pdf\">Convoca\u00e7\u00e3o 24.2019 &#8211; <\/a>Reuni\u00e3o de 19.12.2019<\/p>\n","protected":false},"excerpt":{"rendered":"<p>Convoca\u00e7\u00e3o 01.2019 \u2013 Reuni\u00e3o de 08.02.2019 Convoca\u00e7\u00e3o 02.2019 \u2013 Reuni\u00e3o de 21.02.2019 Convoca\u00e7\u00e3o 03.2019\u00a0\u2013 Reuni\u00e3o de 01.03.2019 Convoca\u00e7\u00e3o 04.2019 \u2013 Reuni\u00e3o de 14.03.2019 Convoca\u00e7\u00e3o 05.2019\u2013 Reuni\u00e3o de 28.03.2019 Convoca\u00e7\u00e3o 06.2019 \u2013 Reuni\u00e3o de 11.04.2019 Convoca\u00e7\u00e3o 07.2019 \u2013 Reuni\u00e3o de 25.04.2019 Convoca\u00e7\u00e3o 08.2019 \u2013 Reuni\u00e3o de 09.05.2019 Convoca\u00e7\u00e3o 09.2019 \u2013 Reuni\u00e3o de 23.05.2019 Convoca\u00e7\u00e3o 10.2019 \u2013 [&hellip;]<\/p>\n","protected":false},"author":29,"featured_media":0,"parent":3626,"menu_order":0,"comment_status":"closed","ping_status":"closed","template":"","meta":{"footnotes":""},"class_list":["post-4923","page","type-page","status-publish","hentry"],"_links":{"self":[{"href":"https:\/\/wp.ufpel.edu.br\/scs\/wp-json\/wp\/v2\/pages\/4923","targetHints":{"allow":["GET"]}}],"collection":[{"href":"https:\/\/wp.ufpel.edu.br\/scs\/wp-json\/wp\/v2\/pages"}],"about":[{"href":"https:\/\/wp.ufpel.edu.br\/scs\/wp-json\/wp\/v2\/types\/page"}],"author":[{"embeddable":true,"href":"https:\/\/wp.ufpel.edu.br\/scs\/wp-json\/wp\/v2\/users\/29"}],"replies":[{"embeddable":true,"href":"https:\/\/wp.ufpel.edu.br\/scs\/wp-json\/wp\/v2\/comments?post=4923"}],"version-history":[{"count":26,"href":"https:\/\/wp.ufpel.edu.br\/scs\/wp-json\/wp\/v2\/pages\/4923\/revisions"}],"predecessor-version":[{"id":5711,"href":"https:\/\/wp.ufpel.edu.br\/scs\/wp-json\/wp\/v2\/pages\/4923\/revisions\/5711"}],"up":[{"embeddable":true,"href":"https:\/\/wp.ufpel.edu.br\/scs\/wp-json\/wp\/v2\/pages\/3626"}],"wp:attachment":[{"href":"https:\/\/wp.ufpel.edu.br\/scs\/wp-json\/wp\/v2\/media?parent=4923"}],"curies":[{"name":"wp","href":"https:\/\/api.w.org\/{rel}","templated":true}]}}