{"id":4797,"date":"2018-11-30T11:40:41","date_gmt":"2018-11-30T13:40:41","guid":{"rendered":"https:\/\/wp.ufpel.edu.br\/scs\/?page_id=4797"},"modified":"2026-01-22T08:56:29","modified_gmt":"2026-01-22T11:56:29","slug":"2019-2","status":"publish","type":"page","link":"https:\/\/wp.ufpel.edu.br\/scs\/cocepe\/resolucoes\/2019-2\/","title":{"rendered":"2019"},"content":{"rendered":"<p>Resolu\u00e7\u00e3o n\u00ba 01.2019 &#8211;\u00a0<a href=\"https:\/\/wp.ufpel.edu.br\/scs\/files\/2019\/01\/Resolu\u00e7\u00e3o-01.2019-COCEPE.pdf\">Aprova o Calend\u00e1rio Acad\u00eamico Especial para a turma do 8\u00ba semestre do Curso de Medicina da Universidade Federal de Pelotas para o primeiro semestre do ano de 2019.<\/a><\/p>\n<p>Resolu\u00e7\u00e3o n\u00ba 02.2019 \u2013 <a href=\"https:\/\/wp.ufpel.edu.br\/scs\/files\/2019\/03\/Res.02.2019.pdf\">Aprova o Regimento do Programa de P\u00f3s-Gradua\u00e7\u00e3o em Odontologia,<\/a><a href=\"https:\/\/wp.ufpel.edu.br\/scs\/files\/2019\/03\/Res.02.2019.pdf\"> da FO<strong>.<\/strong><\/a><\/p>\n<p>Resolu\u00e7\u00e3o n\u00ba 03.2019 \u2013 <a href=\"https:\/\/wp.ufpel.edu.br\/scs\/files\/2019\/03\/SEI_UFPel-0443878-Resolu\u00e7\u00e3o03.2019.pdf\">Altera a reda\u00e7\u00e3o dos incisos I, al\u00ednea c, e II do art. 1\u00ba da Resolu\u00e7\u00e3o COCEPE n\u00ba 47\/2018, de 20 de dezembro de 2018.<\/a><\/p>\n<p>Resolu\u00e7\u00e3o n\u00ba 04.2019 &#8211; <a href=\"https:\/\/wp.ufpel.edu.br\/scs\/files\/2019\/03\/Res.-04.2019.pdf\">Altera o Regimento do Programa de P\u00f3s-Gradua\u00e7\u00e3o em Biotecnologia, do CDTec.<\/a><\/p>\n<p>Resolu\u00e7\u00e3o n\u00ba 05.2019 &#8211; <a href=\"https:\/\/wp.ufpel.edu.br\/scs\/files\/2019\/05\/Res.-05.2019-2.pdf\">Altera o Regimento do Programa de P\u00f3s-Gradua\u00e7\u00e3o em Letras, do CLC.<\/a><\/p>\n<p>Resolu\u00e7\u00e3o n\u00ba 06.2019 &#8211; <a href=\"https:\/\/wp.ufpel.edu.br\/scs\/files\/2019\/03\/Res.-06.2019.pdf\">Altera o Regimento do Programa de P\u00f3s-Gradua\u00e7\u00e3o em Direito, da FD.<\/a><\/p>\n<p>Resolu\u00e7\u00e3o n\u00ba 07.2019 &#8211; <a href=\"https:\/\/wp.ufpel.edu.br\/scs\/files\/2019\/03\/SEI_UFPel-0481736-Resolu\u00e7\u00e3o-07.2019.pdf\">Disp\u00f5e sobre reposi\u00e7\u00e3o de vagas decorrentes de aposentadorias na UFPel. Revoga a Res. n\u00ba17\/2014; Res. n\u00ba 22\/2016 e a Res. n\u00ba 10\/2017.<\/a>(suspensa por tr\u00eas anos &#8211; Doc SEI 1324978)<\/p>\n<p>Resolu\u00e7\u00e3o n\u00ba 08.2019 &#8211; <a href=\"https:\/\/wp.ufpel.edu.br\/scs\/files\/2019\/04\/Resolu\u00e7\u00e3o-08.2019.pdf\">Estabelece os procedimentos e crit\u00e9rios para realiza\u00e7\u00e3o das provas para ingresso na Classe A da Carreira do Magist\u00e9rio Superior para vagas estrat\u00e9gicas na Universidade Federal de Pelotas &#8211; UFPel. Revoga a Resolu\u00e7\u00e3o n\u00ba 41\/2018.<\/a><\/p>\n<p>Resolu\u00e7\u00e3o n\u00ba 09.2019 &#8211;<a href=\"https:\/\/wp.ufpel.edu.br\/scs\/files\/2019\/04\/Resolu\u00e7\u00e3o-09.2019-COCEPE.pdf\">Altera os crit\u00e9rios para concess\u00e3o de Dedica\u00e7\u00e3o Exclusiva &#8211; DE.<\/a><\/p>\n<p>Resolu\u00e7\u00e3o n\u00ba 10.2019 &#8211; <a href=\"https:\/\/wp.ufpel.edu.br\/scs\/files\/2019\/06\/SEI_UFPel-0542156-Resolu\u00e7\u00e3o10.2019-COCEPE.pdf\">Revoga a Resolu\u00e7\u00e3o n\u00ba 33\/2014 e regulamenta a tramita\u00e7\u00e3o de propostas que tenham por finalidade estabelecer conven\u00e7\u00e3o de cotutela e dupla titula\u00e7\u00e3o entre a UFPel e institui\u00e7\u00f5es de ensino superior estrangeiras.<br \/>\n<\/a><\/p>\n<p>Resolu\u00e7\u00e3o n\u00ba 11.2019 &#8211; <a href=\"https:\/\/wp.ufpel.edu.br\/scs\/files\/2019\/05\/SEI_UFPel-0542628-Resolu\u00e7\u00e3o-11.2019-COCEPE.pdf\">Aprova o Regimento do Curso de P\u00f3s-Gradua\u00e7\u00e3o em Letras \u2013 Mestrado\/Doutorado.<\/a><\/p>\n<p>Resolu\u00e7\u00e3o n\u00ba 12.2019 &#8211; <a href=\"https:\/\/wp.ufpel.edu.br\/scs\/files\/2019\/05\/SEI_UFPel-0557105-Resolu\u00e7\u00e3o-12.2019-COCEPE.pdf\">Aprova a adequa\u00e7\u00e3o do Calend\u00e1rio Acad\u00eamico 2019 da Universidade Federal de Pelotas.<br \/>\n<\/a><\/p>\n<p>Resolu\u00e7\u00e3o n\u00ba 13.2019 &#8211; <a href=\"https:\/\/wp.ufpel.edu.br\/scs\/files\/2019\/06\/SEI_UFPel-0576630-Resolu\u00e7\u00e3o-13.2019-COCEPE.pdf\">Aprova o Regimento do Programa de Mestrado Acad\u00eamico em Desenvolvimento Territorial e Sistemas Agroindustriais.<br \/>\n<\/a><\/p>\n<p>Resolu\u00e7\u00e3o n\u00ba 14.2019 &#8211;<a href=\"https:\/\/wp.ufpel.edu.br\/scs\/files\/2019\/06\/SEI_23110.024724_2019_15-resolu\u00e7\u00e3o-14.2019-COCEPE.pdf\">Aprova o Manual de Normas T\u00e9cnicas da UFPel<br \/>\n<\/a><\/p>\n<p>Resolu\u00e7\u00e3o n\u00ba 15.2019 &#8211; <a href=\"https:\/\/wp.ufpel.edu.br\/scs\/files\/2019\/07\/RES.-15.2019-Regulamento-do-Sistema-de-Bibliotecas.-Revoga-Res.-45.2017.pdf\">Regulamento do Sistema de Bibliotecas. Revoga Res. 45.2017<\/a><\/p>\n<p>Resolu\u00e7\u00e3o n\u00ba 16.2019 &#8211; <a href=\"https:\/\/wp.ufpel.edu.br\/scs\/files\/2019\/07\/SEI_UFPel-0605717-Resolu\u00e7\u00e3o-16.2019.pdf\">Aprova a redu\u00e7\u00e3o de vagas para ingresso no Curso de Medicina Veterin\u00e1ria em 2020.<\/a><\/p>\n<p>Resolu\u00e7\u00e3o n\u00ba 17.2019 &#8211; <a href=\"https:\/\/wp.ufpel.edu.br\/scs\/files\/2019\/07\/SEI_UFPel-0605721-Resolu\u00e7\u00e3o-17.2019.pdf\">Aprova a redu\u00e7\u00e3o de vagas para ingresso no Curso de Gest\u00e3o Ambiental Bacharelado em 2020.<\/a><\/p>\n<p>Resolu\u00e7\u00e3o n\u00ba 18.2019 &#8211; <a href=\"https:\/\/wp.ufpel.edu.br\/scs\/files\/2019\/07\/SEI_UFPel-0605727-Resolu\u00e7\u00e3o-18.2019.pdf\">Aprova a redu\u00e7\u00e3o de vagas para ingresso no Curso de Dan\u00e7a Licenciatura em 2020.<\/a><\/p>\n<p>Resolu\u00e7\u00e3o n\u00ba 19.2019 &#8211; <a href=\"https:\/\/wp.ufpel.edu.br\/scs\/files\/2019\/07\/SEI_UFPel-0605730-Resolu\u00e7\u00e3o-19.2019.pdf\">Aprova a redu\u00e7\u00e3o de vagas para ingresso no Curso de Teatro em 2020.<\/a><\/p>\n<p>Resolu\u00e7\u00e3o n\u00ba 20.2019 &#8211; <a href=\"https:\/\/wp.ufpel.edu.br\/scs\/files\/2019\/07\/SEI_23110.028174_2019_11-Resolu\u00e7\u00e3o-20.2019.pdf\">Aprova o Quadro de Vagas da UFPel para ser ofertado em 2020.<\/a><\/p>\n<p>Resolu\u00e7\u00e3o n\u00ba 21.2019 &#8211; <a href=\"https:\/\/wp.ufpel.edu.br\/scs\/files\/2019\/07\/SEI_UFPel-0609490-Resolu\u00e7\u00e3o-21.2019.pdf\">Aprova a redu\u00e7\u00e3o de vagas para ingresso no Curso de Odontologia\u00a0em 2020.<\/a><\/p>\n<p>Resolu\u00e7\u00e3o n\u00ba 22.2019 &#8211; <a href=\"https:\/\/wp.ufpel.edu.br\/scs\/files\/2019\/07\/Res.-22.2019-Reg.-PPG-Qu\u00edmica.pdf\">Aprova o Novo Regimento do Programa de P\u00f3s-Gradua\u00e7\u00e3o em Qu\u00edmica da UFPel.<\/a><\/p>\n<p>Resolu\u00e7\u00e3o n\u00ba 23.2019 &#8211; <a href=\"https:\/\/wp.ufpel.edu.br\/scs\/files\/2019\/08\/Resolu\u00e7\u00e3o-23.2019-Novo-Regimento-do-PPG-em-BIOQU\u00cdMICA-e-BIOPROSPEC\u00c7\u00c3O.pdf\">Aprova o Novo Regimento do Programa de P\u00f3s-Gradua\u00e7\u00e3o em Bioqu\u00edmica e Bioprospec\u00e7\u00e3o da\u00a0UFPel. Revoga a Resolu\u00e7\u00e3o 36\/2017.<\/a><\/p>\n<p>Resolu\u00e7\u00e3o n\u00ba 24.2019 &#8211; <a href=\"https:\/\/wp.ufpel.edu.br\/scs\/files\/2019\/08\/Resolu\u00e7\u00e3o-24.2019-Novo-Regimento-do-PPG-em-BIOTECNOLOGIA.pdf\">Aprova o Novo Regimento do Programa de P\u00f3s-Gradua\u00e7\u00e3o em Biotecnologia, do CDTec. Revoga a Resolu\u00e7\u00e3o 04\/2019.<\/a><\/p>\n<p>Resolu\u00e7\u00e3o n\u00ba 25.2019 &#8211; <a href=\"https:\/\/wp.ufpel.edu.br\/scs\/files\/2019\/08\/Resolu\u00e7\u00e3o-25.2019-Regimento-PPG-Recursos-H\u00eddricos.pdf\">Aprova o Regimento do Programa de P\u00f3s-Gradua\u00e7\u00e3o em Recursos H\u00eddricos, do CDTec <\/a><em><strong>(Revogada pelo PN 139\/2025)<\/strong><\/em><\/p>\n<p>Resolu\u00e7\u00e3o n\u00ba 26.2019 &#8211; <a href=\"https:\/\/wp.ufpel.edu.br\/scs\/files\/2019\/08\/Resolu\u00e7\u00e3o-COCEPE-26.2019-Novo-Regimento-do-PPG-em-Educa\u00e7\u00e3o-F\u00edsica-.-ESEF.pdf\">Aprova o Regimento do Curso de P\u00f3s-Gradua\u00e7\u00e3o em Educa\u00e7\u00e3o F\u00edsica, da UFPel. Revoga a Resolu\u00e7\u00e3o 07\/2014.<\/a><\/p>\n<p>Resolu\u00e7\u00e3o n\u00ba 27.2019 &#8211; <a href=\"https:\/\/wp.ufpel.edu.br\/scs\/files\/2019\/08\/RES.27.2019-Reg.-PPG-Ci\u00eancia-e-Tec.-Sementes.pdf\">Aprova o Regimento do Curso de Mestrado Profissional em Ci\u00eancia e Tecnologia de Sementes<\/a><\/p>\n<p>Resolu\u00e7\u00e3o n\u00ba 28.2019 &#8211; <a href=\"https:\/\/wp.ufpel.edu.br\/scs\/files\/2019\/08\/RES.28.2019-Reg.PPG-Ci\u00eancia-Pol\u00edtica.pdf\">Aprova o Regimento do Programa de P\u00f3s-Gradua\u00e7\u00e3o em Ci\u00eancia Pol\u00edtica<\/a><\/p>\n<p>Resolu\u00e7\u00e3o n\u00ba 29.2019 &#8211; <a href=\"https:\/\/wp.ufpel.edu.br\/scs\/files\/2019\/08\/Resolu\u00e7\u00e3o-29.2019-Aprova-a-altera\u00e7\u00e3o-da-data-para-a-realiza\u00e7\u00e3o-da-III-Mostra-de-Cursos-da-UFPel-2019-1.pdf\">Aprova a altera\u00e7\u00e3o\u00a0da data\u00a0para a realiza\u00e7\u00e3o da\u00a0III Mostra de Cursos da UFPel &#8211; 2019<\/a><\/p>\n<p>Resolu\u00e7\u00e3o n\u00ba 30.2019 &#8211; <a href=\"https:\/\/wp.ufpel.edu.br\/scs\/files\/2020\/01\/resolu\u00e7\u00e3o-30.2019-com-anexos-1.pdf\">Estabelece os procedimentos e crit\u00e9rios para realiza\u00e7\u00e3o das provas para ingresso na Carreira do Magist\u00e9rio Superior para vagas estrat\u00e9gicas na Universidade Federal de Pelotas &#8211; UFPel. Revoga a Resolu\u00e7\u00e3o n\u00ba 08\/2019.<\/a> (Corrigido Anexo IV &#8211; em 30\/01\/2020) (Alterada pela Res. n\u00ba 32\/2022)<\/p>\n<p>Resolu\u00e7\u00e3o n\u00ba 31.2019 &#8211; <a href=\"https:\/\/wp.ufpel.edu.br\/scs\/files\/2023\/04\/SEI_23110.043199_2019_37.pdf\">Estabelece as normas e procedimentos para contrata\u00e7\u00e3o de Professores Substitutos na UFPel.<\/a>\u00a0<strong><em>Alterado o Art.30 pela<\/em> <a href=\"https:\/\/wp.ufpel.edu.br\/scs\/files\/2022\/02\/Resolucao-32.2022-COCEPE.pdf\">\u00a0Resolu\u00e7\u00e3o 32\/2022 <\/a><\/strong><\/p>\n<p>Resolu\u00e7\u00e3o n\u00ba 32.2019 &#8211;\u00a0 <a href=\"https:\/\/wp.ufpel.edu.br\/scs\/files\/2019\/12\/RES.32.2019-Servi\u00e7o-Acad\u00eamico-Volunt\u00e1rio.pdf\">Estabelece as Norma para Presta\u00e7\u00e3o de Servi\u00e7o Acad\u00eamico Volunt\u00e1rio<\/a>\u00a0(Revogou a Res. 41\/2015)<\/p>\n<p>Resolu\u00e7\u00e3o n\u00ba 33.2019 &#8211; <a href=\"https:\/\/wp.ufpel.edu.br\/scs\/files\/2020\/01\/Res.-33.2019-Efetivo.pdf\">Estabelece os procedimentos e crit\u00e9rios para realiza\u00e7\u00e3o de Concursos P\u00fablicos de Provas e Exame de T\u00edtulos destinados ao provimento do cargo de Professor da Carreira do Magist\u00e9rio Superior na Universidade Federal de Pelotas-UFPel.<\/a> (Revoga a Resolu\u00e7\u00e3o n\u00ba 28\/2018) (Alterada pela Resolu\u00e7\u00e3o n\u00ba 14\/2021) (Revogada pela Resolu\u00e7\u00e3o 40\/2022)<\/p>\n<ul>\n<li><a href=\"https:\/\/wp.ufpel.edu.br\/scs\/files\/2021\/07\/Anexo-l-Resolucao-33.2019.pdf\">Anexo I &#8211; Resolu\u00e7\u00e3o 33.2019 \u2013 Formul\u00e1rio de Avalia\u00e7\u00e3o para Prova Escrita<\/a><\/li>\n<li><a href=\"https:\/\/wp.ufpel.edu.br\/scs\/files\/2021\/09\/Anexo-II-\u2013-Formulario-de-Avaliacao-para-Prova-Didatica-1.pdf\">Anexo II \u2013 Resolu\u00e7\u00e3o 33.2019 &#8211; Formul\u00e1rio de Avalia\u00e7\u00e3o para Prova Did\u00e1tica<\/a><\/li>\n<li><a href=\"https:\/\/wp.ufpel.edu.br\/scs\/files\/2021\/07\/Anexo-lII-Resolucao-33.2019-atualizado-21.07.21.pdf\">Anexo III &#8211; Resolu\u00e7\u00e3o 33.2019 &#8211; Crit\u00e9rios para Avalia\u00e7\u00e3o do Exame de T\u00edtulos &#8211; atualizado 21.07.21<\/a><\/li>\n<li><a href=\"https:\/\/wp.ufpel.edu.br\/scs\/files\/2021\/07\/Anexo-lV-Resolucao-33.2019.pdf\">Anexo IV &#8211; Resolu\u00e7\u00e3o 33.2019 &#8211; Impedimentos da Banca<\/a><\/li>\n<li><a href=\"https:\/\/wp.ufpel.edu.br\/scs\/files\/2021\/07\/Anexo-V-Resolucao-33.2019.pdf\">Anexo V &#8211; Resolu\u00e7\u00e3o 33.2019 &#8211; SUPRA-\u00c1REAS<\/a><\/li>\n<\/ul>\n","protected":false},"excerpt":{"rendered":"<p>Resolu\u00e7\u00e3o n\u00ba 01.2019 &#8211;\u00a0Aprova o Calend\u00e1rio Acad\u00eamico Especial para a turma do 8\u00ba semestre do Curso de Medicina da Universidade Federal de Pelotas para o primeiro semestre do ano de 2019. Resolu\u00e7\u00e3o n\u00ba 02.2019 \u2013 Aprova o Regimento do Programa de P\u00f3s-Gradua\u00e7\u00e3o em Odontologia, da FO. Resolu\u00e7\u00e3o n\u00ba 03.2019 \u2013 Altera a reda\u00e7\u00e3o dos incisos [&hellip;]<\/p>\n","protected":false},"author":20,"featured_media":0,"parent":196,"menu_order":0,"comment_status":"closed","ping_status":"closed","template":"","meta":{"footnotes":""},"class_list":["post-4797","page","type-page","status-publish","hentry"],"_links":{"self":[{"href":"https:\/\/wp.ufpel.edu.br\/scs\/wp-json\/wp\/v2\/pages\/4797","targetHints":{"allow":["GET"]}}],"collection":[{"href":"https:\/\/wp.ufpel.edu.br\/scs\/wp-json\/wp\/v2\/pages"}],"about":[{"href":"https:\/\/wp.ufpel.edu.br\/scs\/wp-json\/wp\/v2\/types\/page"}],"author":[{"embeddable":true,"href":"https:\/\/wp.ufpel.edu.br\/scs\/wp-json\/wp\/v2\/users\/20"}],"replies":[{"embeddable":true,"href":"https:\/\/wp.ufpel.edu.br\/scs\/wp-json\/wp\/v2\/comments?post=4797"}],"version-history":[{"count":3,"href":"https:\/\/wp.ufpel.edu.br\/scs\/wp-json\/wp\/v2\/pages\/4797\/revisions"}],"predecessor-version":[{"id":10399,"href":"https:\/\/wp.ufpel.edu.br\/scs\/wp-json\/wp\/v2\/pages\/4797\/revisions\/10399"}],"up":[{"embeddable":true,"href":"https:\/\/wp.ufpel.edu.br\/scs\/wp-json\/wp\/v2\/pages\/196"}],"wp:attachment":[{"href":"https:\/\/wp.ufpel.edu.br\/scs\/wp-json\/wp\/v2\/media?parent=4797"}],"curies":[{"name":"wp","href":"https:\/\/api.w.org\/{rel}","templated":true}]}}