{"id":4612,"date":"2018-11-09T11:01:34","date_gmt":"2018-11-09T13:01:34","guid":{"rendered":"https:\/\/wp.ufpel.edu.br\/scs\/?page_id=4612"},"modified":"2020-03-06T13:13:57","modified_gmt":"2020-03-06T16:13:57","slug":"horarios","status":"publish","type":"page","link":"https:\/\/wp.ufpel.edu.br\/scs\/horarios\/","title":{"rendered":"HOR\u00c1RIOS"},"content":{"rendered":"<p><strong><u>HOR\u00c1RIO DE FUNCIONAMENTO DO SETOR:<\/u><\/strong><\/p>\n<p>Das 8h \u00e0s 12h<\/p>\n<p>Das 14h \u00e0s 18h<\/p>\n","protected":false},"excerpt":{"rendered":"<p>HOR\u00c1RIO DE FUNCIONAMENTO DO SETOR: Das 8h \u00e0s 12h Das 14h \u00e0s 18h<\/p>\n","protected":false},"author":29,"featured_media":0,"parent":0,"menu_order":0,"comment_status":"closed","ping_status":"closed","template":"page-sem-sidebar.php","meta":{"footnotes":""},"class_list":["post-4612","page","type-page","status-publish","hentry"],"_links":{"self":[{"href":"https:\/\/wp.ufpel.edu.br\/scs\/wp-json\/wp\/v2\/pages\/4612","targetHints":{"allow":["GET"]}}],"collection":[{"href":"https:\/\/wp.ufpel.edu.br\/scs\/wp-json\/wp\/v2\/pages"}],"about":[{"href":"https:\/\/wp.ufpel.edu.br\/scs\/wp-json\/wp\/v2\/types\/page"}],"author":[{"embeddable":true,"href":"https:\/\/wp.ufpel.edu.br\/scs\/wp-json\/wp\/v2\/users\/29"}],"replies":[{"embeddable":true,"href":"https:\/\/wp.ufpel.edu.br\/scs\/wp-json\/wp\/v2\/comments?post=4612"}],"version-history":[{"count":7,"href":"https:\/\/wp.ufpel.edu.br\/scs\/wp-json\/wp\/v2\/pages\/4612\/revisions"}],"predecessor-version":[{"id":5793,"href":"https:\/\/wp.ufpel.edu.br\/scs\/wp-json\/wp\/v2\/pages\/4612\/revisions\/5793"}],"wp:attachment":[{"href":"https:\/\/wp.ufpel.edu.br\/scs\/wp-json\/wp\/v2\/media?parent=4612"}],"curies":[{"name":"wp","href":"https:\/\/api.w.org\/{rel}","templated":true}]}}