{"id":4299,"date":"2018-07-26T12:52:52","date_gmt":"2018-07-26T15:52:52","guid":{"rendered":"https:\/\/wp.ufpel.edu.br\/scs\/?page_id=4299"},"modified":"2019-01-07T11:28:32","modified_gmt":"2019-01-07T13:28:32","slug":"2018-2","status":"publish","type":"page","link":"https:\/\/wp.ufpel.edu.br\/scs\/consun\/convocacoes\/2018-2\/","title":{"rendered":"2018"},"content":{"rendered":"<p><a href=\"https:\/\/wp.ufpel.edu.br\/scs\/files\/2018\/08\/SEI_Convoca\u00e7\u00e3o-23.02.2018.pdf\">Convoca\u00e7\u00e3o 01.2018<\/a>&#8211; Reuni\u00e3o 23.02.2018<\/p>\n<p><a href=\"https:\/\/wp.ufpel.edu.br\/scs\/files\/2018\/08\/SEI_Convoca\u00e7\u00e3o-11.05.2018.pdf\">Convoca\u00e7\u00e3o 02.2018<\/a>&#8211; Reuni\u00e3o 11.05.2018<\/p>\n<p><a href=\"https:\/\/wp.ufpel.edu.br\/scs\/files\/2018\/08\/SEI_Convoca\u00e7\u00e3o-16.08.2018.pdf\">Convoca\u00e7\u00e3o 03.2018<\/a>\u00a0 &#8211; Reuni\u00e3o 16.08.2018<\/p>\n<p><a href=\"https:\/\/wp.ufpel.edu.br\/scs\/files\/2019\/01\/CONVOCA\u00c7\u00c3O-04.2018-CONSUN.pdf\">Convoca\u00e7\u00e3o 04.2018\u00a0<\/a>&#8211; Reuni\u00e3o 22.08.2018<\/p>\n<p><span style=\"line-height: 1.5\"><a href=\"https:\/\/wp.ufpel.edu.br\/scs\/files\/2019\/01\/CONVOCA\u00c7\u00c3O-05.2018-CONSUN.pdf\">Convoca\u00e7\u00e3o 05.2018<\/a>\u00a0&#8211; R<\/span>euni\u00e3o 05.11.2018<\/p>\n<p><a href=\"https:\/\/wp.ufpel.edu.br\/scs\/files\/2019\/01\/CONVOCA\u00c7\u00c3O-06.2018-CONSUN.pdf\">Convoca\u00e7\u00e3o 06.2018\u00a0<\/a>\u00a0<span style=\"line-height: 1.5\">&#8211; R<\/span>euni\u00e3o 13.11.2018<\/p>\n<p>Convoca\u00e7\u00e3o 07.2018\u00a0\u00a0&#8211; Reuni\u00e3o 28.11.2018<\/p>\n<p>Convoca\u00e7\u00e3o 08.2018\u00a0\u00a0&#8211; Reuni\u00e3o 19.12.2018<\/p>\n<p><a href=\"https:\/\/wp.ufpel.edu.br\/scs\/files\/2019\/01\/CONVOCA\u00c7\u00c3O-09.2018-CONSUN.pdf\">Convoca\u00e7\u00e3o 09.2018<\/a><span style=\"line-height: 1.5\">\u00a0&#8211; R<\/span>euni\u00e3o 19.12.2018<\/p>\n<p>&nbsp;<\/p>\n","protected":false},"excerpt":{"rendered":"<p>Convoca\u00e7\u00e3o 01.2018&#8211; Reuni\u00e3o 23.02.2018 Convoca\u00e7\u00e3o 02.2018&#8211; Reuni\u00e3o 11.05.2018 Convoca\u00e7\u00e3o 03.2018\u00a0 &#8211; Reuni\u00e3o 16.08.2018 Convoca\u00e7\u00e3o 04.2018\u00a0&#8211; Reuni\u00e3o 22.08.2018 Convoca\u00e7\u00e3o 05.2018\u00a0&#8211; Reuni\u00e3o 05.11.2018 Convoca\u00e7\u00e3o 06.2018\u00a0\u00a0&#8211; Reuni\u00e3o 13.11.2018 Convoca\u00e7\u00e3o 07.2018\u00a0\u00a0&#8211; Reuni\u00e3o 28.11.2018 Convoca\u00e7\u00e3o 08.2018\u00a0\u00a0&#8211; Reuni\u00e3o 19.12.2018 Convoca\u00e7\u00e3o 09.2018\u00a0&#8211; Reuni\u00e3o 19.12.2018 &nbsp;<\/p>\n","protected":false},"author":29,"featured_media":0,"parent":4296,"menu_order":0,"comment_status":"closed","ping_status":"closed","template":"","meta":{"footnotes":""},"class_list":["post-4299","page","type-page","status-publish","hentry"],"_links":{"self":[{"href":"https:\/\/wp.ufpel.edu.br\/scs\/wp-json\/wp\/v2\/pages\/4299","targetHints":{"allow":["GET"]}}],"collection":[{"href":"https:\/\/wp.ufpel.edu.br\/scs\/wp-json\/wp\/v2\/pages"}],"about":[{"href":"https:\/\/wp.ufpel.edu.br\/scs\/wp-json\/wp\/v2\/types\/page"}],"author":[{"embeddable":true,"href":"https:\/\/wp.ufpel.edu.br\/scs\/wp-json\/wp\/v2\/users\/29"}],"replies":[{"embeddable":true,"href":"https:\/\/wp.ufpel.edu.br\/scs\/wp-json\/wp\/v2\/comments?post=4299"}],"version-history":[{"count":11,"href":"https:\/\/wp.ufpel.edu.br\/scs\/wp-json\/wp\/v2\/pages\/4299\/revisions"}],"predecessor-version":[{"id":4877,"href":"https:\/\/wp.ufpel.edu.br\/scs\/wp-json\/wp\/v2\/pages\/4299\/revisions\/4877"}],"up":[{"embeddable":true,"href":"https:\/\/wp.ufpel.edu.br\/scs\/wp-json\/wp\/v2\/pages\/4296"}],"wp:attachment":[{"href":"https:\/\/wp.ufpel.edu.br\/scs\/wp-json\/wp\/v2\/media?parent=4299"}],"curies":[{"name":"wp","href":"https:\/\/api.w.org\/{rel}","templated":true}]}}